{"id":26194,"date":"2023-12-01T17:29:50","date_gmt":"2023-12-01T17:29:50","guid":{"rendered":"https:\/\/danielmartinezflamenco.com\/home-de\/"},"modified":"2025-05-15T21:34:15","modified_gmt":"2025-05-15T20:34:15","slug":"home-de","status":"publish","type":"page","link":"https:\/\/danielmartinezflamenco.com\/de\/","title":{"rendered":"Home"},"content":{"rendered":"\t\t<div data-elementor-type=\"wp-post\" data-elementor-id=\"26194\" class=\"elementor elementor-26194 elementor-1168\" data-elementor-post-type=\"page\">\n\t\t\t\t\t\t<section class=\"elementor-section elementor-top-section elementor-element elementor-element-6a85b5f elementor-section-boxed elementor-section-height-default elementor-section-height-default\" data-id=\"6a85b5f\" data-element_type=\"section\" data-e-type=\"section\">\n\t\t\t\t\t\t<div class=\"elementor-container elementor-column-gap-default\">\n\t\t\t\t\t<div class=\"elementor-column elementor-col-100 elementor-top-column elementor-element elementor-element-5f50cbb\" data-id=\"5f50cbb\" data-element_type=\"column\" data-e-type=\"column\">\n\t\t\t<div class=\"elementor-widget-wrap elementor-element-populated\">\n\t\t\t\t\t\t<div class=\"elementor-element elementor-element-0c3ab47 elementor-widget elementor-widget-image\" data-id=\"0c3ab47\" data-element_type=\"widget\" data-e-type=\"widget\" data-widget_type=\"image.default\">\n\t\t\t\t<div class=\"elementor-widget-container\">\n\t\t\t\t\t\t\t\t\t\t\t\t\t\t\t<img fetchpriority=\"high\" decoding=\"async\" width=\"1788\" height=\"1414\" src=\"https:\/\/dmfc.b-cdn.net\/wp-content\/uploads\/2025\/03\/daniel-martinez-guitarist-flamenco.png\" class=\"attachment-full size-full wp-image-65147\" alt=\"\" srcset=\"https:\/\/dmfc.b-cdn.net\/wp-content\/uploads\/2025\/03\/daniel-martinez-guitarist-flamenco.png 1788w, https:\/\/dmfc.b-cdn.net\/wp-content\/uploads\/2025\/03\/daniel-martinez-guitarist-flamenco-300x237.png 300w, https:\/\/dmfc.b-cdn.net\/wp-content\/uploads\/2025\/03\/daniel-martinez-guitarist-flamenco-1024x810.png 1024w, https:\/\/dmfc.b-cdn.net\/wp-content\/uploads\/2025\/03\/daniel-martinez-guitarist-flamenco-768x607.png 768w, https:\/\/dmfc.b-cdn.net\/wp-content\/uploads\/2025\/03\/daniel-martinez-guitarist-flamenco-1536x1215.png 1536w, https:\/\/dmfc.b-cdn.net\/wp-content\/uploads\/2025\/03\/daniel-martinez-guitarist-flamenco-500x395.png 500w\" sizes=\"(max-width: 1788px) 100vw, 1788px\" \/>\t\t\t\t\t\t\t\t\t\t\t\t\t\t\t<\/div>\n\t\t\t\t<\/div>\n\t\t\t\t\t<\/div>\n\t\t<\/div>\n\t\t\t\t\t<\/div>\n\t\t<\/section>\n\t\t\t\t<section class=\"elementor-section elementor-top-section elementor-element elementor-element-5ee8773 elementor-section-boxed elementor-section-height-default elementor-section-height-default\" data-id=\"5ee8773\" data-element_type=\"section\" data-e-type=\"section\">\n\t\t\t\t\t\t<div class=\"elementor-container elementor-column-gap-default\">\n\t\t\t\t\t<div class=\"elementor-column elementor-col-100 elementor-top-column elementor-element elementor-element-1fc9d9a\" data-id=\"1fc9d9a\" data-element_type=\"column\" data-e-type=\"column\">\n\t\t\t<div class=\"elementor-widget-wrap elementor-element-populated\">\n\t\t\t\t\t\t<div class=\"elementor-element elementor-element-7b6d987 elementor-widget-divider--view-line elementor-widget elementor-widget-divider\" data-id=\"7b6d987\" data-element_type=\"widget\" data-e-type=\"widget\" data-widget_type=\"divider.default\">\n\t\t\t\t<div class=\"elementor-widget-container\">\n\t\t\t\t\t\t\t<div class=\"elementor-divider\">\n\t\t\t<span class=\"elementor-divider-separator\">\n\t\t\t\t\t\t<\/span>\n\t\t<\/div>\n\t\t\t\t\t\t<\/div>\n\t\t\t\t<\/div>\n\t\t\t\t\t<\/div>\n\t\t<\/div>\n\t\t\t\t\t<\/div>\n\t\t<\/section>\n\t\t\t\t<section class=\"elementor-section elementor-top-section elementor-element elementor-element-85159d8 elementor-section-boxed elementor-section-height-default elementor-section-height-default\" data-id=\"85159d8\" data-element_type=\"section\" data-e-type=\"section\">\n\t\t\t\t\t\t<div class=\"elementor-container elementor-column-gap-default\">\n\t\t\t\t\t<div class=\"elementor-column elementor-col-33 elementor-top-column elementor-element elementor-element-1144efa\" data-id=\"1144efa\" data-element_type=\"column\" data-e-type=\"column\">\n\t\t\t<div class=\"elementor-widget-wrap elementor-element-populated\">\n\t\t\t\t\t\t<div class=\"elementor-element elementor-element-4f2dab0 elementor-widget elementor-widget-text-editor\" data-id=\"4f2dab0\" data-element_type=\"widget\" data-e-type=\"widget\" data-widget_type=\"text-editor.default\">\n\t\t\t\t<div class=\"elementor-widget-container\">\n\t\t\t\t\t\t\t\t\t<p>\u201eDie mit dem Herald Angel-Preis gekr\u00f6nte Produktion Art of Believing ist unverf\u00e4lschtes Andalusien\u201c<\/p>\n\t\t\t\t\t\t\t\t<\/div>\n\t\t\t\t<\/div>\n\t\t\t\t<div class=\"elementor-element elementor-element-62c7101 elementor-widget elementor-widget-heading\" data-id=\"62c7101\" data-element_type=\"widget\" data-e-type=\"widget\" data-widget_type=\"heading.default\">\n\t\t\t\t<div class=\"elementor-widget-container\">\n\t\t\t\t\t<h2 class=\"elementor-heading-title elementor-size-default\">The Herald<\/h2>\t\t\t\t<\/div>\n\t\t\t\t<\/div>\n\t\t\t\t\t<\/div>\n\t\t<\/div>\n\t\t\t\t<div class=\"elementor-column elementor-col-33 elementor-top-column elementor-element elementor-element-982f0a1\" data-id=\"982f0a1\" data-element_type=\"column\" data-e-type=\"column\">\n\t\t\t<div class=\"elementor-widget-wrap elementor-element-populated\">\n\t\t\t\t\t\t<div class=\"elementor-element elementor-element-0d8e481 elementor-widget elementor-widget-text-editor\" data-id=\"0d8e481\" data-element_type=\"widget\" data-e-type=\"widget\" data-widget_type=\"text-editor.default\">\n\t\t\t\t<div class=\"elementor-widget-container\">\n\t\t\t\t\t\t\t\t\t<p>\u201eOle! Erstaunliches Spiel.<br \/>Absolut gro\u00dfartig. Wundersch\u00f6n\u201c<\/p>\n\t\t\t\t\t\t\t\t<\/div>\n\t\t\t\t<\/div>\n\t\t\t\t<div class=\"elementor-element elementor-element-eca5c8c elementor-widget elementor-widget-heading\" data-id=\"eca5c8c\" data-element_type=\"widget\" data-e-type=\"widget\" data-widget_type=\"heading.default\">\n\t\t\t\t<div class=\"elementor-widget-container\">\n\t\t\t\t\t<h2 class=\"elementor-heading-title elementor-size-default\">BBC Radio<\/h2>\t\t\t\t<\/div>\n\t\t\t\t<\/div>\n\t\t\t\t\t<\/div>\n\t\t<\/div>\n\t\t\t\t<div class=\"elementor-column elementor-col-33 elementor-top-column elementor-element elementor-element-eb6b48c\" data-id=\"eb6b48c\" data-element_type=\"column\" data-e-type=\"column\">\n\t\t\t<div class=\"elementor-widget-wrap elementor-element-populated\">\n\t\t\t\t\t\t<div class=\"elementor-element elementor-element-b624a91 elementor-widget elementor-widget-text-editor\" data-id=\"b624a91\" data-element_type=\"widget\" data-e-type=\"widget\" data-widget_type=\"text-editor.default\">\n\t\t\t\t<div class=\"elementor-widget-container\">\n\t\t\t\t\t\t\t\t\t<p>\u201eDer leidenschaftliche Flamenco von Daniel Martinez ist k\u00e4mpferisch und romantisch\u201c<\/p>\n\t\t\t\t\t\t\t\t<\/div>\n\t\t\t\t<\/div>\n\t\t\t\t<div class=\"elementor-element elementor-element-1e33abf elementor-widget elementor-widget-heading\" data-id=\"1e33abf\" data-element_type=\"widget\" data-e-type=\"widget\" data-widget_type=\"heading.default\">\n\t\t\t\t<div class=\"elementor-widget-container\">\n\t\t\t\t\t<h2 class=\"elementor-heading-title elementor-size-default\">Festival Magazine<\/h2>\t\t\t\t<\/div>\n\t\t\t\t<\/div>\n\t\t\t\t\t<\/div>\n\t\t<\/div>\n\t\t\t\t\t<\/div>\n\t\t<\/section>\n\t\t\t\t<section class=\"elementor-section elementor-top-section elementor-element elementor-element-8dc05cd elementor-section-boxed elementor-section-height-default elementor-section-height-default\" data-id=\"8dc05cd\" data-element_type=\"section\" data-e-type=\"section\">\n\t\t\t\t\t\t<div class=\"elementor-container elementor-column-gap-default\">\n\t\t\t\t\t<div class=\"elementor-column elementor-col-100 elementor-top-column elementor-element elementor-element-c876bb7\" data-id=\"c876bb7\" data-element_type=\"column\" data-e-type=\"column\">\n\t\t\t<div class=\"elementor-widget-wrap elementor-element-populated\">\n\t\t\t\t\t\t<div class=\"elementor-element elementor-element-4bc379a elementor-widget-divider--view-line elementor-widget elementor-widget-divider\" data-id=\"4bc379a\" data-element_type=\"widget\" data-e-type=\"widget\" data-widget_type=\"divider.default\">\n\t\t\t\t<div class=\"elementor-widget-container\">\n\t\t\t\t\t\t\t<div class=\"elementor-divider\">\n\t\t\t<span class=\"elementor-divider-separator\">\n\t\t\t\t\t\t<\/span>\n\t\t<\/div>\n\t\t\t\t\t\t<\/div>\n\t\t\t\t<\/div>\n\t\t\t\t\t<\/div>\n\t\t<\/div>\n\t\t\t\t\t<\/div>\n\t\t<\/section>\n\t\t\t\t<section class=\"elementor-section elementor-top-section elementor-element elementor-element-070b725 elementor-section-boxed elementor-section-height-default elementor-section-height-default\" data-id=\"070b725\" data-element_type=\"section\" data-e-type=\"section\">\n\t\t\t\t\t\t<div class=\"elementor-container elementor-column-gap-default\">\n\t\t\t\t\t<div class=\"elementor-column elementor-col-100 elementor-top-column elementor-element elementor-element-aabcc38\" data-id=\"aabcc38\" data-element_type=\"column\" data-e-type=\"column\">\n\t\t\t<div class=\"elementor-widget-wrap elementor-element-populated\">\n\t\t\t\t\t\t<div class=\"elementor-element elementor-element-451b31d elementor-widget elementor-widget-heading\" data-id=\"451b31d\" data-element_type=\"widget\" data-e-type=\"widget\" data-widget_type=\"heading.default\">\n\t\t\t\t<div class=\"elementor-widget-container\">\n\t\t\t\t\t<h1 class=\"elementor-heading-title elementor-size-default\">Daniel Martinez Flamenco Company<\/h1>\t\t\t\t<\/div>\n\t\t\t\t<\/div>\n\t\t\t\t<div class=\"elementor-element elementor-element-d49f853 elementor-widget elementor-widget-text-editor\" data-id=\"d49f853\" data-element_type=\"widget\" data-e-type=\"widget\" data-widget_type=\"text-editor.default\">\n\t\t\t\t<div class=\"elementor-widget-container\">\n\t\t\t\t\t\t\t\t\tDie Daniel Martinez Flamenco Company ist eine spanische Flamenco-Gruppe, die haupts\u00e4chlich in Edinburgh, Schottland, ans\u00e4ssig ist. Neben dem Gr\u00fcnder und spanischen Flamenco-Gitarristen und Komponisten Daniel Martinez beherbergt die Gruppe auch professionelle Flamenco-Gitarristen, S\u00e4nger, T\u00e4nzer und Musiker und bietet einige der besten Flamenco-Musik und -T\u00e4nze im Vereinigten K\u00f6nigreich.<br><br>Die Daniel Martinez Flamenco Company wurde 2017 gegr\u00fcndet, nachdem Daniel 2015 in das Vereinigte K\u00f6nigreich gezogen war, um mit anderen Flamenco-K\u00fcnstlern im Rahmen des Edinburgh Festival Fringe und verschiedener Flamenco-Festivals, Konzerte und Shows aufzutreten.<br><br>Daniel Martinez spielt seit \u00fcber 20 Jahren Flamenco-Gitarre, begonnen im Alter von 7 Jahren am K\u00f6niglichen Konservatorium von Cordoba und 2015 als voll lizenzierter Flamenco-Musiker abgeschlossen. Dort lernte er von einigen der besten spanischen Flamenco-Gitarrenlehrer, die Andalusien zu bieten hat.<br><br>Wenn Sie auf der Suche nach authentischem Flamenco direkt vor Ihrer Haust\u00fcr sind, z\u00f6gern Sie nicht, sich mit einer der besten spanischen Flamenco-Gitarrenmusik-, Gesangs- und Tanzgruppen in Kontakt zu setzen, die das Vereinigte K\u00f6nigreich zu bieten hat!\t\t\t\t\t\t\t\t<\/div>\n\t\t\t\t<\/div>\n\t\t\t\t\t<\/div>\n\t\t<\/div>\n\t\t\t\t\t<\/div>\n\t\t<\/section>\n\t\t\t\t<\/div>\n\t\t","protected":false},"excerpt":{"rendered":"<p>\u201eDie mit dem Herald Angel-Preis gekr\u00f6nte Produktion Art of Believing ist unverf\u00e4lschtes Andalusien\u201c The Herald \u201eOle! Erstaunliches Spiel.Absolut gro\u00dfartig. Wundersch\u00f6n\u201c BBC Radio \u201eDer leidenschaftliche Flamenco von Daniel Martinez ist k\u00e4mpferisch &#8230; <\/p>\n<p class=\"read-more-container\"><a title=\"Home\" class=\"read-more button\" href=\"https:\/\/danielmartinezflamenco.com\/de\/#more-26194\" aria-label=\"Mehr Informationen \u00fcber Home\">Leer m\u00e1s<\/a><\/p>\n","protected":false},"author":1,"featured_media":0,"parent":0,"menu_order":0,"comment_status":"closed","ping_status":"closed","template":"","meta":{"footnotes":""},"class_list":["post-26194","page","type-page","status-publish"],"yoast_head":"<!-- This site is optimized with the Yoast SEO plugin v27.4 - https:\/\/yoast.com\/product\/yoast-seo-wordpress\/ -->\n<title>Daniel Martinez | Official Website<\/title>\n<meta name=\"description\" content=\"Offizielle Website des spanischen Komponisten und Flamenco-Gitarristen Daniel Martinez.\" \/>\n<meta name=\"robots\" content=\"index, follow, max-snippet:-1, max-image-preview:large, max-video-preview:-1\" \/>\n<link rel=\"canonical\" href=\"https:\/\/danielmartinezflamenco.com\/de\/\" \/>\n<meta property=\"og:locale\" content=\"de_DE\" \/>\n<meta property=\"og:type\" content=\"article\" \/>\n<meta property=\"og:title\" content=\"Daniel Martinez | Official Website\" \/>\n<meta property=\"og:description\" content=\"Offizielle Website des spanischen Komponisten und Flamenco-Gitarristen Daniel Martinez.\" \/>\n<meta property=\"og:url\" content=\"https:\/\/danielmartinezflamenco.com\/de\/\" \/>\n<meta property=\"og:site_name\" content=\"Daniel Martinez\" \/>\n<meta property=\"article:modified_time\" content=\"2025-05-15T20:34:15+00:00\" \/>\n<meta property=\"og:image\" content=\"https:\/\/dmfc.b-cdn.net\/wp-content\/uploads\/2025\/03\/daniel-martinez-guitarist-flamenco.png\" \/>\n\t<meta property=\"og:image:width\" content=\"1788\" \/>\n\t<meta property=\"og:image:height\" content=\"1414\" \/>\n\t<meta property=\"og:image:type\" content=\"image\/png\" \/>\n<meta name=\"twitter:card\" content=\"summary_large_image\" \/>\n<meta name=\"twitter:label1\" content=\"Gesch\u00e4tzte Lesezeit\" \/>\n\t<meta name=\"twitter:data1\" content=\"2\u00a0Minuten\" \/>\n<script type=\"application\/ld+json\" class=\"yoast-schema-graph\">{\"@context\":\"https:\\\/\\\/schema.org\",\"@graph\":[{\"@type\":\"WebPage\",\"@id\":\"https:\\\/\\\/danielmartinezflamenco.com\\\/de\\\/\",\"url\":\"https:\\\/\\\/danielmartinezflamenco.com\\\/de\\\/\",\"name\":\"Daniel Martinez | Official Website\",\"isPartOf\":{\"@id\":\"https:\\\/\\\/danielmartinezflamenco.com\\\/de\\\/#website\"},\"primaryImageOfPage\":{\"@id\":\"https:\\\/\\\/danielmartinezflamenco.com\\\/de\\\/#primaryimage\"},\"image\":{\"@id\":\"https:\\\/\\\/danielmartinezflamenco.com\\\/de\\\/#primaryimage\"},\"thumbnailUrl\":\"https:\\\/\\\/danielmartinezflamenco.com\\\/wp-content\\\/uploads\\\/2025\\\/03\\\/daniel-martinez-guitarist-flamenco.png\",\"datePublished\":\"2023-12-01T17:29:50+00:00\",\"dateModified\":\"2025-05-15T20:34:15+00:00\",\"description\":\"Offizielle Website des spanischen Komponisten und Flamenco-Gitarristen Daniel Martinez.\",\"breadcrumb\":{\"@id\":\"https:\\\/\\\/danielmartinezflamenco.com\\\/de\\\/#breadcrumb\"},\"inLanguage\":\"de\",\"potentialAction\":[{\"@type\":\"ReadAction\",\"target\":[\"https:\\\/\\\/danielmartinezflamenco.com\\\/de\\\/\"]}]},{\"@type\":\"ImageObject\",\"inLanguage\":\"de\",\"@id\":\"https:\\\/\\\/danielmartinezflamenco.com\\\/de\\\/#primaryimage\",\"url\":\"https:\\\/\\\/danielmartinezflamenco.com\\\/wp-content\\\/uploads\\\/2025\\\/03\\\/daniel-martinez-guitarist-flamenco.png\",\"contentUrl\":\"https:\\\/\\\/danielmartinezflamenco.com\\\/wp-content\\\/uploads\\\/2025\\\/03\\\/daniel-martinez-guitarist-flamenco.png\"},{\"@type\":\"BreadcrumbList\",\"@id\":\"https:\\\/\\\/danielmartinezflamenco.com\\\/de\\\/#breadcrumb\",\"itemListElement\":[{\"@type\":\"ListItem\",\"position\":1,\"name\":\"Portada\",\"item\":\"https:\\\/\\\/danielmartinezflamenco.com\\\/de\\\/home-de\\\/\"},{\"@type\":\"ListItem\",\"position\":2,\"name\":\"Home\"}]},{\"@type\":\"WebSite\",\"@id\":\"https:\\\/\\\/danielmartinezflamenco.com\\\/de\\\/#website\",\"url\":\"https:\\\/\\\/danielmartinezflamenco.com\\\/de\\\/\",\"name\":\"Daniel Martinez\",\"description\":\"Official Website\",\"publisher\":{\"@id\":\"https:\\\/\\\/danielmartinezflamenco.com\\\/de\\\/#organization\"},\"potentialAction\":[{\"@type\":\"SearchAction\",\"target\":{\"@type\":\"EntryPoint\",\"urlTemplate\":\"https:\\\/\\\/danielmartinezflamenco.com\\\/de\\\/?s={search_term_string}\"},\"query-input\":{\"@type\":\"PropertyValueSpecification\",\"valueRequired\":true,\"valueName\":\"search_term_string\"}}],\"inLanguage\":\"de\"},{\"@type\":\"Organization\",\"@id\":\"https:\\\/\\\/danielmartinezflamenco.com\\\/de\\\/#organization\",\"name\":\"Fuzzy Wanderer\",\"url\":\"https:\\\/\\\/danielmartinezflamenco.com\\\/de\\\/\",\"logo\":{\"@type\":\"ImageObject\",\"inLanguage\":\"de\",\"@id\":\"https:\\\/\\\/danielmartinezflamenco.com\\\/de\\\/#\\\/schema\\\/logo\\\/image\\\/\",\"url\":\"\",\"contentUrl\":\"\",\"caption\":\"Fuzzy Wanderer\"},\"image\":{\"@id\":\"https:\\\/\\\/danielmartinezflamenco.com\\\/de\\\/#\\\/schema\\\/logo\\\/image\\\/\"}}]}<\/script>\n<!-- \/ Yoast SEO plugin. -->","yoast_head_json":{"title":"Daniel Martinez | Official Website","description":"Offizielle Website des spanischen Komponisten und Flamenco-Gitarristen Daniel Martinez.","robots":{"index":"index","follow":"follow","max-snippet":"max-snippet:-1","max-image-preview":"max-image-preview:large","max-video-preview":"max-video-preview:-1"},"canonical":"https:\/\/danielmartinezflamenco.com\/de\/","og_locale":"de_DE","og_type":"article","og_title":"Daniel Martinez | Official Website","og_description":"Offizielle Website des spanischen Komponisten und Flamenco-Gitarristen Daniel Martinez.","og_url":"https:\/\/danielmartinezflamenco.com\/de\/","og_site_name":"Daniel Martinez","article_modified_time":"2025-05-15T20:34:15+00:00","og_image":[{"width":1788,"height":1414,"url":"https:\/\/dmfc.b-cdn.net\/wp-content\/uploads\/2025\/03\/daniel-martinez-guitarist-flamenco.png","type":"image\/png"}],"twitter_card":"summary_large_image","twitter_misc":{"Gesch\u00e4tzte Lesezeit":"2\u00a0Minuten"},"schema":{"@context":"https:\/\/schema.org","@graph":[{"@type":"WebPage","@id":"https:\/\/danielmartinezflamenco.com\/de\/","url":"https:\/\/danielmartinezflamenco.com\/de\/","name":"Daniel Martinez | Official Website","isPartOf":{"@id":"https:\/\/danielmartinezflamenco.com\/de\/#website"},"primaryImageOfPage":{"@id":"https:\/\/danielmartinezflamenco.com\/de\/#primaryimage"},"image":{"@id":"https:\/\/danielmartinezflamenco.com\/de\/#primaryimage"},"thumbnailUrl":"https:\/\/danielmartinezflamenco.com\/wp-content\/uploads\/2025\/03\/daniel-martinez-guitarist-flamenco.png","datePublished":"2023-12-01T17:29:50+00:00","dateModified":"2025-05-15T20:34:15+00:00","description":"Offizielle Website des spanischen Komponisten und Flamenco-Gitarristen Daniel Martinez.","breadcrumb":{"@id":"https:\/\/danielmartinezflamenco.com\/de\/#breadcrumb"},"inLanguage":"de","potentialAction":[{"@type":"ReadAction","target":["https:\/\/danielmartinezflamenco.com\/de\/"]}]},{"@type":"ImageObject","inLanguage":"de","@id":"https:\/\/danielmartinezflamenco.com\/de\/#primaryimage","url":"https:\/\/danielmartinezflamenco.com\/wp-content\/uploads\/2025\/03\/daniel-martinez-guitarist-flamenco.png","contentUrl":"https:\/\/danielmartinezflamenco.com\/wp-content\/uploads\/2025\/03\/daniel-martinez-guitarist-flamenco.png"},{"@type":"BreadcrumbList","@id":"https:\/\/danielmartinezflamenco.com\/de\/#breadcrumb","itemListElement":[{"@type":"ListItem","position":1,"name":"Portada","item":"https:\/\/danielmartinezflamenco.com\/de\/home-de\/"},{"@type":"ListItem","position":2,"name":"Home"}]},{"@type":"WebSite","@id":"https:\/\/danielmartinezflamenco.com\/de\/#website","url":"https:\/\/danielmartinezflamenco.com\/de\/","name":"Daniel Martinez","description":"Official Website","publisher":{"@id":"https:\/\/danielmartinezflamenco.com\/de\/#organization"},"potentialAction":[{"@type":"SearchAction","target":{"@type":"EntryPoint","urlTemplate":"https:\/\/danielmartinezflamenco.com\/de\/?s={search_term_string}"},"query-input":{"@type":"PropertyValueSpecification","valueRequired":true,"valueName":"search_term_string"}}],"inLanguage":"de"},{"@type":"Organization","@id":"https:\/\/danielmartinezflamenco.com\/de\/#organization","name":"Fuzzy Wanderer","url":"https:\/\/danielmartinezflamenco.com\/de\/","logo":{"@type":"ImageObject","inLanguage":"de","@id":"https:\/\/danielmartinezflamenco.com\/de\/#\/schema\/logo\/image\/","url":"","contentUrl":"","caption":"Fuzzy Wanderer"},"image":{"@id":"https:\/\/danielmartinezflamenco.com\/de\/#\/schema\/logo\/image\/"}}]}},"_links":{"self":[{"href":"https:\/\/danielmartinezflamenco.com\/de\/wp-json\/wp\/v2\/pages\/26194","targetHints":{"allow":["GET"]}}],"collection":[{"href":"https:\/\/danielmartinezflamenco.com\/de\/wp-json\/wp\/v2\/pages"}],"about":[{"href":"https:\/\/danielmartinezflamenco.com\/de\/wp-json\/wp\/v2\/types\/page"}],"author":[{"embeddable":true,"href":"https:\/\/danielmartinezflamenco.com\/de\/wp-json\/wp\/v2\/users\/1"}],"replies":[{"embeddable":true,"href":"https:\/\/danielmartinezflamenco.com\/de\/wp-json\/wp\/v2\/comments?post=26194"}],"version-history":[{"count":0,"href":"https:\/\/danielmartinezflamenco.com\/de\/wp-json\/wp\/v2\/pages\/26194\/revisions"}],"wp:attachment":[{"href":"https:\/\/danielmartinezflamenco.com\/de\/wp-json\/wp\/v2\/media?parent=26194"}],"curies":[{"name":"wp","href":"https:\/\/api.w.org\/{rel}","templated":true}]}}