{"id":26631,"date":"2023-12-09T09:43:34","date_gmt":"2023-12-09T09:43:34","guid":{"rendered":"https:\/\/danielmartinezflamenco.com\/ueber-die-show-art-of-believing\/"},"modified":"2023-12-09T09:45:18","modified_gmt":"2023-12-09T09:45:18","slug":"ueber-die-show-art-of-believing","status":"publish","type":"page","link":"https:\/\/danielmartinezflamenco.com\/de\/ueber-die-show-art-of-believing\/","title":{"rendered":"\u00dcber die Show"},"content":{"rendered":"\t\t<div data-elementor-type=\"wp-post\" data-elementor-id=\"26631\" class=\"elementor elementor-26631 elementor-1192\" data-elementor-post-type=\"page\">\n\t\t\t\t\t\t<section class=\"elementor-section elementor-top-section elementor-element elementor-element-8f4a023 elementor-section-boxed elementor-section-height-default elementor-section-height-default\" data-id=\"8f4a023\" data-element_type=\"section\" data-e-type=\"section\">\n\t\t\t\t\t\t<div class=\"elementor-container elementor-column-gap-default\">\n\t\t\t\t\t<div class=\"elementor-column elementor-col-100 elementor-top-column elementor-element elementor-element-873ca57\" data-id=\"873ca57\" data-element_type=\"column\" data-e-type=\"column\">\n\t\t\t<div class=\"elementor-widget-wrap elementor-element-populated\">\n\t\t\t\t\t\t<div class=\"elementor-element elementor-element-a61aafd elementor-widget elementor-widget-image\" data-id=\"a61aafd\" data-element_type=\"widget\" data-e-type=\"widget\" data-widget_type=\"image.default\">\n\t\t\t\t<div class=\"elementor-widget-container\">\n\t\t\t\t\t\t\t\t\t\t\t\t\t\t\t<img fetchpriority=\"high\" decoding=\"async\" width=\"1536\" height=\"579\" src=\"https:\/\/dmfc.b-cdn.net\/wp-content\/uploads\/2021\/04\/art-of-believing-1536x579.png\" class=\"attachment-1536x1536 size-1536x1536 wp-image-26634\" alt=\"\" srcset=\"https:\/\/dmfc.b-cdn.net\/wp-content\/uploads\/2021\/04\/art-of-believing-1536x579.png 1536w, https:\/\/dmfc.b-cdn.net\/wp-content\/uploads\/2021\/04\/art-of-believing-500x188.png 500w, https:\/\/dmfc.b-cdn.net\/wp-content\/uploads\/2021\/04\/art-of-believing-300x113.png 300w, https:\/\/dmfc.b-cdn.net\/wp-content\/uploads\/2021\/04\/art-of-believing-1024x386.png 1024w, https:\/\/dmfc.b-cdn.net\/wp-content\/uploads\/2021\/04\/art-of-believing-768x289.png 768w, https:\/\/dmfc.b-cdn.net\/wp-content\/uploads\/2021\/04\/art-of-believing-2048x772.png 2048w\" sizes=\"(max-width: 1536px) 100vw, 1536px\" \/>\t\t\t\t\t\t\t\t\t\t\t\t\t\t\t<\/div>\n\t\t\t\t<\/div>\n\t\t\t\t\t<\/div>\n\t\t<\/div>\n\t\t\t\t\t<\/div>\n\t\t<\/section>\n\t\t\t\t<section class=\"elementor-section elementor-top-section elementor-element elementor-element-d42c370 elementor-section-boxed elementor-section-height-default elementor-section-height-default\" data-id=\"d42c370\" data-element_type=\"section\" data-e-type=\"section\">\n\t\t\t\t\t\t<div class=\"elementor-container elementor-column-gap-default\">\n\t\t\t\t\t<div class=\"elementor-column elementor-col-100 elementor-top-column elementor-element elementor-element-f6e3b20\" data-id=\"f6e3b20\" data-element_type=\"column\" data-e-type=\"column\">\n\t\t\t<div class=\"elementor-widget-wrap elementor-element-populated\">\n\t\t\t\t\t\t<div class=\"elementor-element elementor-element-345b6c2 elementor-widget elementor-widget-heading\" data-id=\"345b6c2\" data-element_type=\"widget\" data-e-type=\"widget\" data-widget_type=\"heading.default\">\n\t\t\t\t<div class=\"elementor-widget-container\">\n\t\t\t\t\t<h1 class=\"elementor-heading-title elementor-size-default\">Art of Believing<\/h1>\t\t\t\t<\/div>\n\t\t\t\t<\/div>\n\t\t\t\t\t<\/div>\n\t\t<\/div>\n\t\t\t\t\t<\/div>\n\t\t<\/section>\n\t\t\t\t<section class=\"elementor-section elementor-top-section elementor-element elementor-element-bcc18f3 elementor-section-boxed elementor-section-height-default elementor-section-height-default\" data-id=\"bcc18f3\" data-element_type=\"section\" data-e-type=\"section\">\n\t\t\t\t\t\t<div class=\"elementor-container elementor-column-gap-default\">\n\t\t\t\t\t<div class=\"elementor-column elementor-col-100 elementor-top-column elementor-element elementor-element-ff12518\" data-id=\"ff12518\" data-element_type=\"column\" data-e-type=\"column\">\n\t\t\t<div class=\"elementor-widget-wrap elementor-element-populated\">\n\t\t\t\t\t\t<div class=\"elementor-element elementor-element-178afe4 elementor-widget elementor-widget-text-editor\" data-id=\"178afe4\" data-element_type=\"widget\" data-e-type=\"widget\" data-widget_type=\"text-editor.default\">\n\t\t\t\t<div class=\"elementor-widget-container\">\n\t\t\t\t\t\t\t\t\t<p>Die preisgekr\u00f6nte Flamenco-Produktion <em>Kunst des Glaubens<\/em> beherbergt eine au\u00dfergew\u00f6hnliche Gruppe von Musikern; Flamenco-S\u00e4nger, Gitarristen, Perkussionisten, einen Geiger und einen T\u00e4nzer, die sich Daniel in einer sehenswerten kraftvollen Flamenco-Auff\u00fchrung voller Leidenschaft und Authentizit\u00e4t anschlie\u00dfen. <em>Kunst des Glaubens<\/em> ist eine wirklich einzigartige musikalische Produktion, in der das Publikum eine reiche Vielfalt an Flamenco-Stilen genie\u00dfen kann; von der intensiven Emotion einer <em>Seguiriya<\/em> bis zu den fr\u00f6hlichen Kl\u00e4ngen einer <em>Alegria<\/em>.<\/p>\n<p>Die Produktion entstand 2017, als Daniel beschloss, ein Projekt zu kreieren, das sein Leben als K\u00fcnstler und Flamenco-Gitarrist bis dahin repr\u00e4sentieren sollte. Die Show ist im Wesentlichen eine musikalische Darstellung von Daniels bescheidenen Anf\u00e4ngen; von einem Jungen, der im Konservatorium Gitarre lernte und unerm\u00fcdliche Stunden damit verbrachte, die Kunst des Flamenco zu perfektionieren, bis zu seinem Erwachsenenleben als Komponist und Musiker.<\/p>\n<p><em>Kunst des Glaubens<\/em> deb\u00fctierte im Oktober 2017 im Royal Lyceum Theatre in Edinburgh vor ausverkauftem Haus und aufgrund seines anhaltenden Erfolgs tourt die Daniel Martinez Flamenco Company durch das Vereinigte K\u00f6nigreich und bringt die Produktion in eine Vielzahl von St\u00e4dten und Theatern im ganzen Land.<\/p>\n<p>Eine wundersch\u00f6ne Pr\u00e4sentation von purem Flamenco und herausragender Musikalit\u00e4t. Lebhaft und spannend, dies ist ein unverzichtbares Flamenco-Erlebnis.<\/p>\n<p>Art of Believing ist eine fantastische Erg\u00e4nzung f\u00fcr jedes Theater- oder Veranstaltungsprogramm; es f\u00fcgt die reiche und vielf\u00e4ltige Kultur des Flamenco sowie ein wirklich magisches musikalisches Erlebnis f\u00fcr Flamenco-Liebhaber und Musik- &amp; Tanzfans gleicherma\u00dfen hinzu.<\/p>\n\t\t\t\t\t\t\t\t<\/div>\n\t\t\t\t<\/div>\n\t\t\t\t\t<\/div>\n\t\t<\/div>\n\t\t\t\t\t<\/div>\n\t\t<\/section>\n\t\t\t\t<\/div>\n\t\t","protected":false},"excerpt":{"rendered":"<p>Art of Believing Die preisgekr\u00f6nte Flamenco-Produktion Kunst des Glaubens beherbergt eine au\u00dfergew\u00f6hnliche Gruppe von Musikern; Flamenco-S\u00e4nger, Gitarristen, Perkussionisten, einen Geiger und einen T\u00e4nzer, die sich Daniel in einer sehenswerten kraftvollen &#8230; <\/p>\n<p class=\"read-more-container\"><a title=\"\u00dcber die Show\" class=\"read-more button\" href=\"https:\/\/danielmartinezflamenco.com\/de\/ueber-die-show-art-of-believing\/#more-26631\" aria-label=\"Mehr Informationen \u00fcber \u00dcber die Show\">Leer m\u00e1s<\/a><\/p>\n","protected":false},"author":1,"featured_media":0,"parent":0,"menu_order":0,"comment_status":"closed","ping_status":"closed","template":"","meta":{"footnotes":""},"class_list":["post-26631","page","type-page","status-publish"],"yoast_head":"<!-- This site is optimized with the Yoast SEO plugin v27.4 - https:\/\/yoast.com\/product\/yoast-seo-wordpress\/ -->\n<title>\u00dcber die Show - Daniel Martinez<\/title>\n<meta name=\"description\" content=\"Die preisgekr\u00f6nte Flamenco-Theaterproduktion &#039;Kunst des Glaubens&#039; wurde vom Flamenco-Gitarristen Daniel Martinez kreiert und komponiert. Kraftvoll, lebendig und einzigartig, bietet &#039;Kunst des Glaubens&#039; eine au\u00dfergew\u00f6hnliche Gruppe von Musikern; Flamenco-S\u00e4nger, Gitarristen, Perkussionisten, einen Bassisten, einen Geiger und einen T\u00e4nzer, die sich Daniel in einer sehenswerten Flamenco-Auff\u00fchrung voller Leidenschaft und Authentizit\u00e4t anschlie\u00dfen.\" \/>\n<meta name=\"robots\" content=\"index, follow, max-snippet:-1, max-image-preview:large, max-video-preview:-1\" \/>\n<link rel=\"canonical\" href=\"https:\/\/danielmartinezflamenco.com\/de\/ueber-die-show-art-of-believing\/\" \/>\n<meta property=\"og:locale\" content=\"de_DE\" \/>\n<meta property=\"og:type\" content=\"article\" \/>\n<meta property=\"og:title\" content=\"\u00dcber die Show - Daniel Martinez\" \/>\n<meta property=\"og:description\" content=\"Die preisgekr\u00f6nte Flamenco-Theaterproduktion &#039;Kunst des Glaubens&#039; wurde vom Flamenco-Gitarristen Daniel Martinez kreiert und komponiert. Kraftvoll, lebendig und einzigartig, bietet &#039;Kunst des Glaubens&#039; eine au\u00dfergew\u00f6hnliche Gruppe von Musikern; Flamenco-S\u00e4nger, Gitarristen, Perkussionisten, einen Bassisten, einen Geiger und einen T\u00e4nzer, die sich Daniel in einer sehenswerten Flamenco-Auff\u00fchrung voller Leidenschaft und Authentizit\u00e4t anschlie\u00dfen.\" \/>\n<meta property=\"og:url\" content=\"https:\/\/danielmartinezflamenco.com\/de\/ueber-die-show-art-of-believing\/\" \/>\n<meta property=\"og:site_name\" content=\"Daniel Martinez\" \/>\n<meta property=\"article:modified_time\" content=\"2023-12-09T09:45:18+00:00\" \/>\n<meta property=\"og:image\" content=\"https:\/\/danielmartinezflamenco.com\/wp-content\/uploads\/2021\/04\/art-of-believing-1536x579.png\" \/>\n<meta name=\"twitter:card\" content=\"summary_large_image\" \/>\n<meta name=\"twitter:label1\" content=\"Gesch\u00e4tzte Lesezeit\" \/>\n\t<meta name=\"twitter:data1\" content=\"1\u00a0Minute\" \/>\n<script type=\"application\/ld+json\" class=\"yoast-schema-graph\">{\"@context\":\"https:\\\/\\\/schema.org\",\"@graph\":[{\"@type\":\"WebPage\",\"@id\":\"https:\\\/\\\/danielmartinezflamenco.com\\\/de\\\/ueber-die-show-art-of-believing\\\/\",\"url\":\"https:\\\/\\\/danielmartinezflamenco.com\\\/de\\\/ueber-die-show-art-of-believing\\\/\",\"name\":\"\u00dcber die Show - Daniel Martinez\",\"isPartOf\":{\"@id\":\"https:\\\/\\\/danielmartinezflamenco.com\\\/de\\\/#website\"},\"primaryImageOfPage\":{\"@id\":\"https:\\\/\\\/danielmartinezflamenco.com\\\/de\\\/ueber-die-show-art-of-believing\\\/#primaryimage\"},\"image\":{\"@id\":\"https:\\\/\\\/danielmartinezflamenco.com\\\/de\\\/ueber-die-show-art-of-believing\\\/#primaryimage\"},\"thumbnailUrl\":\"https:\\\/\\\/danielmartinezflamenco.com\\\/wp-content\\\/uploads\\\/2021\\\/04\\\/art-of-believing-1536x579.png\",\"datePublished\":\"2023-12-09T09:43:34+00:00\",\"dateModified\":\"2023-12-09T09:45:18+00:00\",\"description\":\"Die preisgekr\u00f6nte Flamenco-Theaterproduktion 'Kunst des Glaubens' wurde vom Flamenco-Gitarristen Daniel Martinez kreiert und komponiert. Kraftvoll, lebendig und einzigartig, bietet 'Kunst des Glaubens' eine au\u00dfergew\u00f6hnliche Gruppe von Musikern; Flamenco-S\u00e4nger, Gitarristen, Perkussionisten, einen Bassisten, einen Geiger und einen T\u00e4nzer, die sich Daniel in einer sehenswerten Flamenco-Auff\u00fchrung voller Leidenschaft und Authentizit\u00e4t anschlie\u00dfen.\",\"breadcrumb\":{\"@id\":\"https:\\\/\\\/danielmartinezflamenco.com\\\/de\\\/ueber-die-show-art-of-believing\\\/#breadcrumb\"},\"inLanguage\":\"de\",\"potentialAction\":[{\"@type\":\"ReadAction\",\"target\":[\"https:\\\/\\\/danielmartinezflamenco.com\\\/de\\\/ueber-die-show-art-of-believing\\\/\"]}]},{\"@type\":\"ImageObject\",\"inLanguage\":\"de\",\"@id\":\"https:\\\/\\\/danielmartinezflamenco.com\\\/de\\\/ueber-die-show-art-of-believing\\\/#primaryimage\",\"url\":\"https:\\\/\\\/danielmartinezflamenco.com\\\/wp-content\\\/uploads\\\/2021\\\/04\\\/art-of-believing-1536x579.png\",\"contentUrl\":\"https:\\\/\\\/danielmartinezflamenco.com\\\/wp-content\\\/uploads\\\/2021\\\/04\\\/art-of-believing-1536x579.png\"},{\"@type\":\"BreadcrumbList\",\"@id\":\"https:\\\/\\\/danielmartinezflamenco.com\\\/de\\\/ueber-die-show-art-of-believing\\\/#breadcrumb\",\"itemListElement\":[{\"@type\":\"ListItem\",\"position\":1,\"name\":\"Portada\",\"item\":\"https:\\\/\\\/danielmartinezflamenco.com\\\/de\\\/home-de\\\/\"},{\"@type\":\"ListItem\",\"position\":2,\"name\":\"\u00dcber die Show\"}]},{\"@type\":\"WebSite\",\"@id\":\"https:\\\/\\\/danielmartinezflamenco.com\\\/de\\\/#website\",\"url\":\"https:\\\/\\\/danielmartinezflamenco.com\\\/de\\\/\",\"name\":\"Daniel Martinez\",\"description\":\"Official Website\",\"publisher\":{\"@id\":\"https:\\\/\\\/danielmartinezflamenco.com\\\/de\\\/#organization\"},\"potentialAction\":[{\"@type\":\"SearchAction\",\"target\":{\"@type\":\"EntryPoint\",\"urlTemplate\":\"https:\\\/\\\/danielmartinezflamenco.com\\\/de\\\/?s={search_term_string}\"},\"query-input\":{\"@type\":\"PropertyValueSpecification\",\"valueRequired\":true,\"valueName\":\"search_term_string\"}}],\"inLanguage\":\"de\"},{\"@type\":\"Organization\",\"@id\":\"https:\\\/\\\/danielmartinezflamenco.com\\\/de\\\/#organization\",\"name\":\"Fuzzy Wanderer\",\"url\":\"https:\\\/\\\/danielmartinezflamenco.com\\\/de\\\/\",\"logo\":{\"@type\":\"ImageObject\",\"inLanguage\":\"de\",\"@id\":\"https:\\\/\\\/danielmartinezflamenco.com\\\/de\\\/#\\\/schema\\\/logo\\\/image\\\/\",\"url\":\"\",\"contentUrl\":\"\",\"caption\":\"Fuzzy Wanderer\"},\"image\":{\"@id\":\"https:\\\/\\\/danielmartinezflamenco.com\\\/de\\\/#\\\/schema\\\/logo\\\/image\\\/\"}}]}<\/script>\n<!-- \/ Yoast SEO plugin. -->","yoast_head_json":{"title":"\u00dcber die Show - Daniel Martinez","description":"Die preisgekr\u00f6nte Flamenco-Theaterproduktion 'Kunst des Glaubens' wurde vom Flamenco-Gitarristen Daniel Martinez kreiert und komponiert. Kraftvoll, lebendig und einzigartig, bietet 'Kunst des Glaubens' eine au\u00dfergew\u00f6hnliche Gruppe von Musikern; Flamenco-S\u00e4nger, Gitarristen, Perkussionisten, einen Bassisten, einen Geiger und einen T\u00e4nzer, die sich Daniel in einer sehenswerten Flamenco-Auff\u00fchrung voller Leidenschaft und Authentizit\u00e4t anschlie\u00dfen.","robots":{"index":"index","follow":"follow","max-snippet":"max-snippet:-1","max-image-preview":"max-image-preview:large","max-video-preview":"max-video-preview:-1"},"canonical":"https:\/\/danielmartinezflamenco.com\/de\/ueber-die-show-art-of-believing\/","og_locale":"de_DE","og_type":"article","og_title":"\u00dcber die Show - Daniel Martinez","og_description":"Die preisgekr\u00f6nte Flamenco-Theaterproduktion 'Kunst des Glaubens' wurde vom Flamenco-Gitarristen Daniel Martinez kreiert und komponiert. Kraftvoll, lebendig und einzigartig, bietet 'Kunst des Glaubens' eine au\u00dfergew\u00f6hnliche Gruppe von Musikern; Flamenco-S\u00e4nger, Gitarristen, Perkussionisten, einen Bassisten, einen Geiger und einen T\u00e4nzer, die sich Daniel in einer sehenswerten Flamenco-Auff\u00fchrung voller Leidenschaft und Authentizit\u00e4t anschlie\u00dfen.","og_url":"https:\/\/danielmartinezflamenco.com\/de\/ueber-die-show-art-of-believing\/","og_site_name":"Daniel Martinez","article_modified_time":"2023-12-09T09:45:18+00:00","og_image":[{"url":"https:\/\/danielmartinezflamenco.com\/wp-content\/uploads\/2021\/04\/art-of-believing-1536x579.png","type":"","width":"","height":""}],"twitter_card":"summary_large_image","twitter_misc":{"Gesch\u00e4tzte Lesezeit":"1\u00a0Minute"},"schema":{"@context":"https:\/\/schema.org","@graph":[{"@type":"WebPage","@id":"https:\/\/danielmartinezflamenco.com\/de\/ueber-die-show-art-of-believing\/","url":"https:\/\/danielmartinezflamenco.com\/de\/ueber-die-show-art-of-believing\/","name":"\u00dcber die Show - Daniel Martinez","isPartOf":{"@id":"https:\/\/danielmartinezflamenco.com\/de\/#website"},"primaryImageOfPage":{"@id":"https:\/\/danielmartinezflamenco.com\/de\/ueber-die-show-art-of-believing\/#primaryimage"},"image":{"@id":"https:\/\/danielmartinezflamenco.com\/de\/ueber-die-show-art-of-believing\/#primaryimage"},"thumbnailUrl":"https:\/\/danielmartinezflamenco.com\/wp-content\/uploads\/2021\/04\/art-of-believing-1536x579.png","datePublished":"2023-12-09T09:43:34+00:00","dateModified":"2023-12-09T09:45:18+00:00","description":"Die preisgekr\u00f6nte Flamenco-Theaterproduktion 'Kunst des Glaubens' wurde vom Flamenco-Gitarristen Daniel Martinez kreiert und komponiert. Kraftvoll, lebendig und einzigartig, bietet 'Kunst des Glaubens' eine au\u00dfergew\u00f6hnliche Gruppe von Musikern; Flamenco-S\u00e4nger, Gitarristen, Perkussionisten, einen Bassisten, einen Geiger und einen T\u00e4nzer, die sich Daniel in einer sehenswerten Flamenco-Auff\u00fchrung voller Leidenschaft und Authentizit\u00e4t anschlie\u00dfen.","breadcrumb":{"@id":"https:\/\/danielmartinezflamenco.com\/de\/ueber-die-show-art-of-believing\/#breadcrumb"},"inLanguage":"de","potentialAction":[{"@type":"ReadAction","target":["https:\/\/danielmartinezflamenco.com\/de\/ueber-die-show-art-of-believing\/"]}]},{"@type":"ImageObject","inLanguage":"de","@id":"https:\/\/danielmartinezflamenco.com\/de\/ueber-die-show-art-of-believing\/#primaryimage","url":"https:\/\/danielmartinezflamenco.com\/wp-content\/uploads\/2021\/04\/art-of-believing-1536x579.png","contentUrl":"https:\/\/danielmartinezflamenco.com\/wp-content\/uploads\/2021\/04\/art-of-believing-1536x579.png"},{"@type":"BreadcrumbList","@id":"https:\/\/danielmartinezflamenco.com\/de\/ueber-die-show-art-of-believing\/#breadcrumb","itemListElement":[{"@type":"ListItem","position":1,"name":"Portada","item":"https:\/\/danielmartinezflamenco.com\/de\/home-de\/"},{"@type":"ListItem","position":2,"name":"\u00dcber die Show"}]},{"@type":"WebSite","@id":"https:\/\/danielmartinezflamenco.com\/de\/#website","url":"https:\/\/danielmartinezflamenco.com\/de\/","name":"Daniel Martinez","description":"Official Website","publisher":{"@id":"https:\/\/danielmartinezflamenco.com\/de\/#organization"},"potentialAction":[{"@type":"SearchAction","target":{"@type":"EntryPoint","urlTemplate":"https:\/\/danielmartinezflamenco.com\/de\/?s={search_term_string}"},"query-input":{"@type":"PropertyValueSpecification","valueRequired":true,"valueName":"search_term_string"}}],"inLanguage":"de"},{"@type":"Organization","@id":"https:\/\/danielmartinezflamenco.com\/de\/#organization","name":"Fuzzy Wanderer","url":"https:\/\/danielmartinezflamenco.com\/de\/","logo":{"@type":"ImageObject","inLanguage":"de","@id":"https:\/\/danielmartinezflamenco.com\/de\/#\/schema\/logo\/image\/","url":"","contentUrl":"","caption":"Fuzzy Wanderer"},"image":{"@id":"https:\/\/danielmartinezflamenco.com\/de\/#\/schema\/logo\/image\/"}}]}},"_links":{"self":[{"href":"https:\/\/danielmartinezflamenco.com\/de\/wp-json\/wp\/v2\/pages\/26631","targetHints":{"allow":["GET"]}}],"collection":[{"href":"https:\/\/danielmartinezflamenco.com\/de\/wp-json\/wp\/v2\/pages"}],"about":[{"href":"https:\/\/danielmartinezflamenco.com\/de\/wp-json\/wp\/v2\/types\/page"}],"author":[{"embeddable":true,"href":"https:\/\/danielmartinezflamenco.com\/de\/wp-json\/wp\/v2\/users\/1"}],"replies":[{"embeddable":true,"href":"https:\/\/danielmartinezflamenco.com\/de\/wp-json\/wp\/v2\/comments?post=26631"}],"version-history":[{"count":0,"href":"https:\/\/danielmartinezflamenco.com\/de\/wp-json\/wp\/v2\/pages\/26631\/revisions"}],"wp:attachment":[{"href":"https:\/\/danielmartinezflamenco.com\/de\/wp-json\/wp\/v2\/media?parent=26631"}],"curies":[{"name":"wp","href":"https:\/\/api.w.org\/{rel}","templated":true}]}}