{"id":26788,"date":"2023-12-09T12:35:00","date_gmt":"2023-12-09T12:35:00","guid":{"rendered":"https:\/\/danielmartinezflamenco.com\/nutzungsbedingungen\/"},"modified":"2024-08-10T10:01:56","modified_gmt":"2024-08-10T09:01:56","slug":"nutzungsbedingungen","status":"publish","type":"page","link":"https:\/\/danielmartinezflamenco.com\/de\/nutzungsbedingungen\/","title":{"rendered":"Nutzungsbedingungen"},"content":{"rendered":"\t\t<div data-elementor-type=\"wp-post\" data-elementor-id=\"26788\" class=\"elementor elementor-26788 elementor-1527\" data-elementor-post-type=\"page\">\n\t\t\t\t\t\t<section class=\"elementor-section elementor-top-section elementor-element elementor-element-5e9148a elementor-section-boxed elementor-section-height-default elementor-section-height-default\" data-id=\"5e9148a\" data-element_type=\"section\" data-e-type=\"section\">\n\t\t\t\t\t\t<div class=\"elementor-container elementor-column-gap-default\">\n\t\t\t\t\t<div class=\"elementor-column elementor-col-100 elementor-top-column elementor-element elementor-element-aec5db3\" data-id=\"aec5db3\" data-element_type=\"column\" data-e-type=\"column\">\n\t\t\t<div class=\"elementor-widget-wrap elementor-element-populated\">\n\t\t\t\t\t\t<div class=\"elementor-element elementor-element-fe76081 elementor-widget elementor-widget-text-editor\" data-id=\"fe76081\" data-element_type=\"widget\" data-e-type=\"widget\" data-widget_type=\"text-editor.default\">\n\t\t\t\t<div class=\"elementor-widget-container\">\n\t\t\t\t\t\t\t\t\t<p style=\"font-weight: 400;\">Willkommen auf unserer Website. Wenn Sie diese Website weiterhin durchsuchen und nutzen, erkl\u00e4ren Sie sich damit einverstanden, die folgenden Nutzungsbedingungen zu befolgen und daran gebunden zu sein, die zusammen mit unserer Datenschutzrichtlinie die Beziehung zwischen Daniel Martinez Flamenco Company und Ihnen in Bezug auf diese Website regeln. Wenn Sie mit einem Teil dieser Nutzungsbedingungen nicht einverstanden sind, verwenden Sie bitte unsere Website nicht.<\/p>\n<p style=\"font-weight: 400;\">Der Begriff &#8218;Daniel Martinez Flamenco Company&#8216; oder &#8218;uns&#8216; oder &#8218;wir&#8216; bezieht sich auf den Inhaber der Website mit Sitz in Edinburgh, Schottland. Der Begriff &#8218;Sie&#8216; bezieht sich auf den Benutzer oder Betrachter unserer Website.<\/p>\n<p style=\"font-weight: 400;\">Die Nutzung dieser Website unterliegt den folgenden Nutzungsbedingungen:<\/p>\n<ul style=\"font-weight: 400;\">\n<li>Der Inhalt der Seiten dieser Website dient Ihrer allgemeinen Information und Nutzung. Er kann sich ohne vorherige Ank\u00fcndigung \u00e4ndern.<\/li>\n<li>Diese Website verwendet Cookies, um Browsing-Pr\u00e4ferenzen zu \u00fcberwachen.<\/li>\n<li>Weder wir noch Dritte geben eine Garantie oder Zusicherung hinsichtlich der Genauigkeit, Aktualit\u00e4t, Leistung, Vollst\u00e4ndigkeit oder Eignung der auf dieser Website gefundenen oder angebotenen Informationen und Materialien f\u00fcr einen bestimmten Zweck. Sie erkennen an, dass solche Informationen und Materialien Ungenauigkeiten oder Fehler enthalten k\u00f6nnen, und wir schlie\u00dfen ausdr\u00fccklich die Haftung f\u00fcr derartige Ungenauigkeiten oder Fehler im gesetzlich zul\u00e4ssigen Umfang aus.<\/li>\n<li>Ihre Nutzung von Informationen oder Materialien auf dieser Website erfolgt auf eigene Gefahr, f\u00fcr die wir nicht haftbar gemacht werden. Es liegt in Ihrer eigenen Verantwortung sicherzustellen, dass Produkte, Dienstleistungen oder Informationen, die \u00fcber diese Website verf\u00fcgbar sind, Ihren spezifischen Anforderungen entsprechen.<\/li>\n<li>Diese Website enth\u00e4lt Material, das uns geh\u00f6rt oder von uns lizenziert ist. Dieses Material umfasst unter anderem Musik, Videos, Bilder, Fotos, Namen, Logos, das Design, das Layout, das Aussehen und die Grafiken. Die Vervielf\u00e4ltigung ist nur in \u00dcbereinstimmung mit den Urheberrechts- und geistigen Eigentumsnotizen gestattet, die Teil dieser Nutzungsbedingungen sind.<\/li>\n<li>Alle auf dieser Website reproduzierten Marken, die nicht Eigentum des Betreibers sind oder von diesem lizenziert wurden, werden auf der Website anerkannt.<\/li>\n<li>Die unbefugte Nutzung dieser Website kann zu Schadensersatzanspr\u00fcchen f\u00fchren und\/oder als Straftat betrachtet werden.<\/li>\n<li>Von Zeit zu Zeit kann diese Website auch Links zu anderen Websites enthalten. Diese Links dienen Ihrer Bequemlichkeit, um weitere Informationen bereitzustellen. Sie bedeuten nicht, dass wir die Website(s) bef\u00fcrworten. Wir \u00fcbernehmen keine Verantwortung f\u00fcr den Inhalt der verlinkten Website(s).<\/li>\n<li>Ihre Nutzung dieser Website und jegliche daraus resultierende Streitigkeit unterliegt den Gesetzen des Vereinigten K\u00f6nigreichs, Schottlands, Englands, Wales und Nordirlands, einschlie\u00dflich der Suche nach allen erforderlichen Vorsichtsma\u00dfnahmen oder Nebenma\u00dfnahmen.<\/li>\n<li>All unsere Tickets, Dienstleistungen und Produkte sind nicht erstattungsf\u00e4hig und nicht austauschbar.<\/li>\n<\/ul>\n\t\t\t\t\t\t\t\t<\/div>\n\t\t\t\t<\/div>\n\t\t\t\t\t<\/div>\n\t\t<\/div>\n\t\t\t\t\t<\/div>\n\t\t<\/section>\n\t\t\t\t<\/div>\n\t\t","protected":false},"excerpt":{"rendered":"<p>Willkommen auf unserer Website. Wenn Sie diese Website weiterhin durchsuchen und nutzen, erkl\u00e4ren Sie sich damit einverstanden, die folgenden Nutzungsbedingungen zu befolgen und daran gebunden zu sein, die zusammen mit &#8230; <\/p>\n<p class=\"read-more-container\"><a title=\"Nutzungsbedingungen\" class=\"read-more button\" href=\"https:\/\/danielmartinezflamenco.com\/de\/nutzungsbedingungen\/#more-26788\" aria-label=\"Mehr Informationen \u00fcber Nutzungsbedingungen\">Leer m\u00e1s<\/a><\/p>\n","protected":false},"author":1,"featured_media":0,"parent":0,"menu_order":0,"comment_status":"closed","ping_status":"closed","template":"","meta":{"footnotes":""},"class_list":["post-26788","page","type-page","status-publish"],"yoast_head":"<!-- This site is optimized with the Yoast SEO plugin v27.4 - https:\/\/yoast.com\/product\/yoast-seo-wordpress\/ -->\n<title>Nutzungsbedingungen - Daniel Martinez<\/title>\n<meta name=\"robots\" content=\"index, follow, max-snippet:-1, max-image-preview:large, max-video-preview:-1\" \/>\n<link rel=\"canonical\" href=\"https:\/\/danielmartinezflamenco.com\/de\/nutzungsbedingungen\/\" \/>\n<meta property=\"og:locale\" content=\"de_DE\" \/>\n<meta property=\"og:type\" content=\"article\" \/>\n<meta property=\"og:title\" content=\"Nutzungsbedingungen - Daniel Martinez\" \/>\n<meta property=\"og:description\" content=\"Willkommen auf unserer Website. Wenn Sie diese Website weiterhin durchsuchen und nutzen, erkl\u00e4ren Sie sich damit einverstanden, die folgenden Nutzungsbedingungen zu befolgen und daran gebunden zu sein, die zusammen mit ... Leer m\u00e1s\" \/>\n<meta property=\"og:url\" content=\"https:\/\/danielmartinezflamenco.com\/de\/nutzungsbedingungen\/\" \/>\n<meta property=\"og:site_name\" content=\"Daniel Martinez\" \/>\n<meta property=\"article:modified_time\" content=\"2024-08-10T09:01:56+00:00\" \/>\n<meta name=\"twitter:card\" content=\"summary_large_image\" \/>\n<meta name=\"twitter:label1\" content=\"Gesch\u00e4tzte Lesezeit\" \/>\n\t<meta name=\"twitter:data1\" content=\"2\u00a0Minuten\" \/>\n<script type=\"application\/ld+json\" class=\"yoast-schema-graph\">{\"@context\":\"https:\\\/\\\/schema.org\",\"@graph\":[{\"@type\":\"WebPage\",\"@id\":\"https:\\\/\\\/danielmartinezflamenco.com\\\/de\\\/nutzungsbedingungen\\\/\",\"url\":\"https:\\\/\\\/danielmartinezflamenco.com\\\/de\\\/nutzungsbedingungen\\\/\",\"name\":\"Nutzungsbedingungen - Daniel Martinez\",\"isPartOf\":{\"@id\":\"https:\\\/\\\/danielmartinezflamenco.com\\\/de\\\/#website\"},\"datePublished\":\"2023-12-09T12:35:00+00:00\",\"dateModified\":\"2024-08-10T09:01:56+00:00\",\"breadcrumb\":{\"@id\":\"https:\\\/\\\/danielmartinezflamenco.com\\\/de\\\/nutzungsbedingungen\\\/#breadcrumb\"},\"inLanguage\":\"de\",\"potentialAction\":[{\"@type\":\"ReadAction\",\"target\":[\"https:\\\/\\\/danielmartinezflamenco.com\\\/de\\\/nutzungsbedingungen\\\/\"]}]},{\"@type\":\"BreadcrumbList\",\"@id\":\"https:\\\/\\\/danielmartinezflamenco.com\\\/de\\\/nutzungsbedingungen\\\/#breadcrumb\",\"itemListElement\":[{\"@type\":\"ListItem\",\"position\":1,\"name\":\"Portada\",\"item\":\"https:\\\/\\\/danielmartinezflamenco.com\\\/de\\\/home-de\\\/\"},{\"@type\":\"ListItem\",\"position\":2,\"name\":\"Nutzungsbedingungen\"}]},{\"@type\":\"WebSite\",\"@id\":\"https:\\\/\\\/danielmartinezflamenco.com\\\/de\\\/#website\",\"url\":\"https:\\\/\\\/danielmartinezflamenco.com\\\/de\\\/\",\"name\":\"Daniel Martinez\",\"description\":\"Official Website\",\"publisher\":{\"@id\":\"https:\\\/\\\/danielmartinezflamenco.com\\\/de\\\/#organization\"},\"potentialAction\":[{\"@type\":\"SearchAction\",\"target\":{\"@type\":\"EntryPoint\",\"urlTemplate\":\"https:\\\/\\\/danielmartinezflamenco.com\\\/de\\\/?s={search_term_string}\"},\"query-input\":{\"@type\":\"PropertyValueSpecification\",\"valueRequired\":true,\"valueName\":\"search_term_string\"}}],\"inLanguage\":\"de\"},{\"@type\":\"Organization\",\"@id\":\"https:\\\/\\\/danielmartinezflamenco.com\\\/de\\\/#organization\",\"name\":\"Fuzzy Wanderer\",\"url\":\"https:\\\/\\\/danielmartinezflamenco.com\\\/de\\\/\",\"logo\":{\"@type\":\"ImageObject\",\"inLanguage\":\"de\",\"@id\":\"https:\\\/\\\/danielmartinezflamenco.com\\\/de\\\/#\\\/schema\\\/logo\\\/image\\\/\",\"url\":\"\",\"contentUrl\":\"\",\"caption\":\"Fuzzy Wanderer\"},\"image\":{\"@id\":\"https:\\\/\\\/danielmartinezflamenco.com\\\/de\\\/#\\\/schema\\\/logo\\\/image\\\/\"}}]}<\/script>\n<!-- \/ Yoast SEO plugin. -->","yoast_head_json":{"title":"Nutzungsbedingungen - Daniel Martinez","robots":{"index":"index","follow":"follow","max-snippet":"max-snippet:-1","max-image-preview":"max-image-preview:large","max-video-preview":"max-video-preview:-1"},"canonical":"https:\/\/danielmartinezflamenco.com\/de\/nutzungsbedingungen\/","og_locale":"de_DE","og_type":"article","og_title":"Nutzungsbedingungen - Daniel Martinez","og_description":"Willkommen auf unserer Website. Wenn Sie diese Website weiterhin durchsuchen und nutzen, erkl\u00e4ren Sie sich damit einverstanden, die folgenden Nutzungsbedingungen zu befolgen und daran gebunden zu sein, die zusammen mit ... Leer m\u00e1s","og_url":"https:\/\/danielmartinezflamenco.com\/de\/nutzungsbedingungen\/","og_site_name":"Daniel Martinez","article_modified_time":"2024-08-10T09:01:56+00:00","twitter_card":"summary_large_image","twitter_misc":{"Gesch\u00e4tzte Lesezeit":"2\u00a0Minuten"},"schema":{"@context":"https:\/\/schema.org","@graph":[{"@type":"WebPage","@id":"https:\/\/danielmartinezflamenco.com\/de\/nutzungsbedingungen\/","url":"https:\/\/danielmartinezflamenco.com\/de\/nutzungsbedingungen\/","name":"Nutzungsbedingungen - Daniel Martinez","isPartOf":{"@id":"https:\/\/danielmartinezflamenco.com\/de\/#website"},"datePublished":"2023-12-09T12:35:00+00:00","dateModified":"2024-08-10T09:01:56+00:00","breadcrumb":{"@id":"https:\/\/danielmartinezflamenco.com\/de\/nutzungsbedingungen\/#breadcrumb"},"inLanguage":"de","potentialAction":[{"@type":"ReadAction","target":["https:\/\/danielmartinezflamenco.com\/de\/nutzungsbedingungen\/"]}]},{"@type":"BreadcrumbList","@id":"https:\/\/danielmartinezflamenco.com\/de\/nutzungsbedingungen\/#breadcrumb","itemListElement":[{"@type":"ListItem","position":1,"name":"Portada","item":"https:\/\/danielmartinezflamenco.com\/de\/home-de\/"},{"@type":"ListItem","position":2,"name":"Nutzungsbedingungen"}]},{"@type":"WebSite","@id":"https:\/\/danielmartinezflamenco.com\/de\/#website","url":"https:\/\/danielmartinezflamenco.com\/de\/","name":"Daniel Martinez","description":"Official Website","publisher":{"@id":"https:\/\/danielmartinezflamenco.com\/de\/#organization"},"potentialAction":[{"@type":"SearchAction","target":{"@type":"EntryPoint","urlTemplate":"https:\/\/danielmartinezflamenco.com\/de\/?s={search_term_string}"},"query-input":{"@type":"PropertyValueSpecification","valueRequired":true,"valueName":"search_term_string"}}],"inLanguage":"de"},{"@type":"Organization","@id":"https:\/\/danielmartinezflamenco.com\/de\/#organization","name":"Fuzzy Wanderer","url":"https:\/\/danielmartinezflamenco.com\/de\/","logo":{"@type":"ImageObject","inLanguage":"de","@id":"https:\/\/danielmartinezflamenco.com\/de\/#\/schema\/logo\/image\/","url":"","contentUrl":"","caption":"Fuzzy Wanderer"},"image":{"@id":"https:\/\/danielmartinezflamenco.com\/de\/#\/schema\/logo\/image\/"}}]}},"_links":{"self":[{"href":"https:\/\/danielmartinezflamenco.com\/de\/wp-json\/wp\/v2\/pages\/26788","targetHints":{"allow":["GET"]}}],"collection":[{"href":"https:\/\/danielmartinezflamenco.com\/de\/wp-json\/wp\/v2\/pages"}],"about":[{"href":"https:\/\/danielmartinezflamenco.com\/de\/wp-json\/wp\/v2\/types\/page"}],"author":[{"embeddable":true,"href":"https:\/\/danielmartinezflamenco.com\/de\/wp-json\/wp\/v2\/users\/1"}],"replies":[{"embeddable":true,"href":"https:\/\/danielmartinezflamenco.com\/de\/wp-json\/wp\/v2\/comments?post=26788"}],"version-history":[{"count":0,"href":"https:\/\/danielmartinezflamenco.com\/de\/wp-json\/wp\/v2\/pages\/26788\/revisions"}],"wp:attachment":[{"href":"https:\/\/danielmartinezflamenco.com\/de\/wp-json\/wp\/v2\/media?parent=26788"}],"curies":[{"name":"wp","href":"https:\/\/api.w.org\/{rel}","templated":true}]}}