{"id":91516,"date":"2026-01-22T08:19:32","date_gmt":"2026-01-22T08:19:32","guid":{"rendered":"https:\/\/danielmartinezflamenco.com\/?post_type=product&#038;p=91516"},"modified":"2026-04-12T10:03:03","modified_gmt":"2026-04-12T09:03:03","slug":"art-of-andalucia-flamenco-tanz-max-joseph-saal-muenchen-8-november-2026-1930-uhr","status":"publish","type":"product","link":"https:\/\/danielmartinezflamenco.com\/de\/shop\/events-de\/art-of-andalucia-flamenco-tanz-max-joseph-saal-muenchen-8-november-2026-1930-uhr\/","title":{"rendered":"Art of Andalucia | FLAMENCO-TANZ &#8211; Max-Joseph-Saal, M\u00fcnchen \u2013 8. November 2026 19:30 Uhr"},"content":{"rendered":"<p>Nach dem Erfolg seiner ersten beiden Produktionen, die allein in den letzten zwei Jahren \u00fcber 120.000 Zuschauer im Vereinigten K\u00f6nigreich, in Irland, den Niederlanden, Belgien und Deutschland begeistert haben, kehrt Daniel Martinez mit einer neuen Show zur\u00fcck, die den Flamencotanz in den Mittelpunkt stellt. \u201eART OF ANDALUCIA\u201c verlagert den Fokus vollst\u00e4ndig auf die Kunst des Flamencotanzes und bietet dem Publikum ein intensives Erlebnis, bei dem die T\u00e4nzer im Zentrum stehen und die Leidenschaft sowie Energie Andalusiens lebendig werden lassen. Und als w\u00e4re das noch nicht genug, wird Daniel au\u00dferdem neue St\u00fccke aus seinem mit Spannung erwarteten dritten Album pr\u00e4sentieren.<\/p>\n<p>Einer der Stars dieser Produktion ist der weltber\u00fchmte T\u00e4nzer Angel Reyes, ein zentrales Mitglied der Kompanie von Manuel Li\u00f1\u00e1n und \u00fcber viele Jahre zweiter T\u00e4nzer in der Kompanie von Jes\u00fas Carmona. Angels makellose Technik, sein K\u00f6nnen und seine feurige Leidenschaft werden das Publikum fesseln und verzaubern und die Auff\u00fchrung zu einem unvergesslichen kulturellen Erlebnis machen. Seine kraftvolle B\u00fchnenpr\u00e4senz und seine k\u00fcnstlerische Ausdrucksst\u00e4rke bringen eine elektrisierende Energie auf die B\u00fchne.<\/p>\n<p>An Angels Seite steht Gabriela Pouso, die Hauptt\u00e4nzerin der Daniel Martinez Flamenco Company. Gabriela hat ma\u00dfgeblich zum Erfolg der Kompanie beigetragen und auf einigen der renommiertesten B\u00fchnen Gro\u00dfbritanniens getanzt. Ihre Auftritte sind gepr\u00e4gt von Eleganz, Anmut, K\u00f6nnen und Intensit\u00e4t und stellen ihre au\u00dfergew\u00f6hnliche Technik unter Beweis, w\u00e4hrend sie das Publikum mit jeder Bewegung in ihren Bann zieht.<\/p>\n<p>Die T\u00e4nzer treten zu Originalkompositionen von Daniel Martinez auf, die speziell f\u00fcr diese Show geschaffen wurden. Die Auff\u00fchrung wird zudem bereichert durch den beeindruckenden Gesang von Inma Montero und Danielo Olivera sowie durch den rhythmischen Puls des Perkussionisten Julian Ticotico. Gemeinsam schaffen sie eine unvergessliche Flamenco-Nacht, in der Musik und Tanz perfekt miteinander verschmelzen.<\/p>\n<p>\u201eART OF ANDALUCIA\u201c ist eine Feier des Flamencotanzes \u2014 eine lebendige Reise ins Herz Andalusiens, in der Tradition und Leidenschaft des Flamenco durch eindrucksvolle Choreografien und kraftvolle Darbietungen zum Leben erweckt werden.<\/p>\n<p style=\"text-align: center;\"><iframe title=\"YouTube video player\" src=\"https:\/\/www.youtube.com\/embed\/qIrvDyd1CO8?si=xCsvkyqm2Z1lm7dL\" width=\"560\" height=\"315\" frameborder=\"0\" allowfullscreen=\"allowfullscreen\"><\/iframe><\/p>\n<hr \/>\n<h2>Veranstaltungsdetails:<\/h2>\n<p><strong>Datum:<\/strong> 08\/11\/2026<br \/>\n<strong>Beginn:<\/strong> 19:30 Uhr<br \/>\n<strong>Ende:<\/strong> 21:15 Uhr<br \/>\n<strong>Veranstaltungsort:<\/strong> Max-Joseph-Saal, M\u00fcnchen<br \/>\n<strong>Wegbeschreibung:<\/strong> Max-Joseph-Saal, Residenzstr. 1, 80333 M\u00fcnchen, Deutschland<br \/>\n<strong>Website des Veranstalters &amp; Ticketverkauf:<\/strong> www.danielmartinezflamenco.com<br \/>\n<strong>Webseite des Veranstaltungsorts:<\/strong> <a href=\"https:\/\/www.residenz-muenchen.de\/\" target=\"_blank\" rel=\"noopener\">https:\/\/www.residenz-muenchen.de\/<\/a><br \/>\n<strong>E-Mail:<\/strong> support@danielmartinezflamenco.com<\/p>\n","protected":false},"excerpt":{"rendered":"<p><span style=\"font-size: 14pt;\">\u201eART OF ANDALUCIA\u201c von Daniel Martinez ist ein Flamenco-Konzert mit seiner Musik sowie renommierten T\u00e4nzern und Musikern und bietet ein intensives kulturelles Erlebnis aus Andalusien.<\/span><\/p>\n","protected":false},"author":1,"featured_media":91522,"template":"","meta":[],"product_brand":[],"product_cat":[121],"product_tag":[],"class_list":{"0":"post-91516","1":"product","2":"type-product","3":"status-publish","4":"has-post-thumbnail","6":"product_cat-events-de","7":"","8":"woocommerce-text-align-center","9":"woocommerce-image-align-center","10":"do-quantity-buttons","12":"first","13":"instock","14":"purchasable","15":"product-type-simple"},"yoast_head":"<!-- This site is optimized with the Yoast SEO plugin v27.3 - https:\/\/yoast.com\/product\/yoast-seo-wordpress\/ -->\n<title>Art of Andalucia | FLAMENCO-TANZ - Max-Joseph-Saal, M\u00fcnchen \u2013 8. November 2026 19:30 Uhr - Daniel Martinez<\/title>\n<meta name=\"robots\" content=\"index, follow, max-snippet:-1, max-image-preview:large, max-video-preview:-1\" \/>\n<link rel=\"canonical\" href=\"https:\/\/danielmartinezflamenco.com\/de\/shop\/events-de\/art-of-andalucia-flamenco-tanz-max-joseph-saal-muenchen-8-november-2026-1930-uhr\/\" \/>\n<meta property=\"og:locale\" content=\"de_DE\" \/>\n<meta property=\"og:type\" content=\"article\" \/>\n<meta property=\"og:title\" content=\"Art of Andalucia | FLAMENCO-TANZ - Max-Joseph-Saal, M\u00fcnchen \u2013 8. November 2026 19:30 Uhr - Daniel Martinez\" \/>\n<meta property=\"og:description\" content=\"\u201eART OF ANDALUCIA\u201c von Daniel Martinez ist ein Flamenco-Konzert mit seiner Musik sowie renommierten T\u00e4nzern und Musikern und bietet ein intensives kulturelles Erlebnis aus Andalusien.\" \/>\n<meta property=\"og:url\" content=\"https:\/\/danielmartinezflamenco.com\/de\/shop\/events-de\/art-of-andalucia-flamenco-tanz-max-joseph-saal-muenchen-8-november-2026-1930-uhr\/\" \/>\n<meta property=\"og:site_name\" content=\"Daniel Martinez\" \/>\n<meta property=\"article:modified_time\" content=\"2026-04-12T09:03:03+00:00\" \/>\n<meta property=\"og:image\" content=\"https:\/\/danielmartinezflamenco.com\/wp-content\/uploads\/2026\/01\/tour-2026-art-of-andalucia-daniel-martinez-flamenco-compnay.png\" \/>\n\t<meta property=\"og:image:width\" content=\"656\" \/>\n\t<meta property=\"og:image:height\" content=\"412\" \/>\n\t<meta property=\"og:image:type\" content=\"image\/png\" \/>\n<meta name=\"twitter:card\" content=\"summary_large_image\" \/>\n<meta name=\"twitter:label1\" content=\"Gesch\u00e4tzte Lesezeit\" \/>\n\t<meta name=\"twitter:data1\" content=\"2\u00a0Minuten\" \/>\n<script type=\"application\/ld+json\" class=\"yoast-schema-graph\">{\"@context\":\"https:\\\/\\\/schema.org\",\"@graph\":[{\"@type\":\"WebPage\",\"@id\":\"https:\\\/\\\/danielmartinezflamenco.com\\\/de\\\/shop\\\/events-de\\\/art-of-andalucia-flamenco-tanz-max-joseph-saal-muenchen-8-november-2026-1930-uhr\\\/\",\"url\":\"https:\\\/\\\/danielmartinezflamenco.com\\\/de\\\/shop\\\/events-de\\\/art-of-andalucia-flamenco-tanz-max-joseph-saal-muenchen-8-november-2026-1930-uhr\\\/\",\"name\":\"Art of Andalucia | FLAMENCO-TANZ - Max-Joseph-Saal, M\u00fcnchen \u2013 8. November 2026 19:30 Uhr - Daniel Martinez\",\"isPartOf\":{\"@id\":\"https:\\\/\\\/danielmartinezflamenco.com\\\/de\\\/#website\"},\"primaryImageOfPage\":{\"@id\":\"https:\\\/\\\/danielmartinezflamenco.com\\\/de\\\/shop\\\/events-de\\\/art-of-andalucia-flamenco-tanz-max-joseph-saal-muenchen-8-november-2026-1930-uhr\\\/#primaryimage\"},\"image\":{\"@id\":\"https:\\\/\\\/danielmartinezflamenco.com\\\/de\\\/shop\\\/events-de\\\/art-of-andalucia-flamenco-tanz-max-joseph-saal-muenchen-8-november-2026-1930-uhr\\\/#primaryimage\"},\"thumbnailUrl\":\"https:\\\/\\\/dmfc.b-cdn.net\\\/wp-content\\\/uploads\\\/2026\\\/01\\\/tour-2026-art-of-andalucia-daniel-martinez-flamenco-compnay.png\",\"datePublished\":\"2026-01-22T08:19:32+00:00\",\"dateModified\":\"2026-04-12T09:03:03+00:00\",\"breadcrumb\":{\"@id\":\"https:\\\/\\\/danielmartinezflamenco.com\\\/de\\\/shop\\\/events-de\\\/art-of-andalucia-flamenco-tanz-max-joseph-saal-muenchen-8-november-2026-1930-uhr\\\/#breadcrumb\"},\"inLanguage\":\"de\",\"potentialAction\":[{\"@type\":\"ReadAction\",\"target\":[\"https:\\\/\\\/danielmartinezflamenco.com\\\/de\\\/shop\\\/events-de\\\/art-of-andalucia-flamenco-tanz-max-joseph-saal-muenchen-8-november-2026-1930-uhr\\\/\"]}]},{\"@type\":\"ImageObject\",\"inLanguage\":\"de\",\"@id\":\"https:\\\/\\\/danielmartinezflamenco.com\\\/de\\\/shop\\\/events-de\\\/art-of-andalucia-flamenco-tanz-max-joseph-saal-muenchen-8-november-2026-1930-uhr\\\/#primaryimage\",\"url\":\"https:\\\/\\\/dmfc.b-cdn.net\\\/wp-content\\\/uploads\\\/2026\\\/01\\\/tour-2026-art-of-andalucia-daniel-martinez-flamenco-compnay.png\",\"contentUrl\":\"https:\\\/\\\/dmfc.b-cdn.net\\\/wp-content\\\/uploads\\\/2026\\\/01\\\/tour-2026-art-of-andalucia-daniel-martinez-flamenco-compnay.png\",\"width\":656,\"height\":412},{\"@type\":\"BreadcrumbList\",\"@id\":\"https:\\\/\\\/danielmartinezflamenco.com\\\/de\\\/shop\\\/events-de\\\/art-of-andalucia-flamenco-tanz-max-joseph-saal-muenchen-8-november-2026-1930-uhr\\\/#breadcrumb\",\"itemListElement\":[{\"@type\":\"ListItem\",\"position\":1,\"name\":\"Portada\",\"item\":\"https:\\\/\\\/danielmartinezflamenco.com\\\/de\\\/home-de\\\/\"},{\"@type\":\"ListItem\",\"position\":2,\"name\":\"Woocommerce_Internal\",\"item\":\"https:\\\/\\\/danielmartinezflamenco.com\\\/woocommerce_internal\\\/\"},{\"@type\":\"ListItem\",\"position\":3,\"name\":\"Art of Andalucia | FLAMENCO-TANZ &#8211; Max-Joseph-Saal, M\u00fcnchen \u2013 8. November 2026 19:30 Uhr\"}]},{\"@type\":\"WebSite\",\"@id\":\"https:\\\/\\\/danielmartinezflamenco.com\\\/de\\\/#website\",\"url\":\"https:\\\/\\\/danielmartinezflamenco.com\\\/de\\\/\",\"name\":\"Daniel Martinez\",\"description\":\"Official Website\",\"publisher\":{\"@id\":\"https:\\\/\\\/danielmartinezflamenco.com\\\/de\\\/#organization\"},\"potentialAction\":[{\"@type\":\"SearchAction\",\"target\":{\"@type\":\"EntryPoint\",\"urlTemplate\":\"https:\\\/\\\/danielmartinezflamenco.com\\\/de\\\/?s={search_term_string}\"},\"query-input\":{\"@type\":\"PropertyValueSpecification\",\"valueRequired\":true,\"valueName\":\"search_term_string\"}}],\"inLanguage\":\"de\"},{\"@type\":\"Organization\",\"@id\":\"https:\\\/\\\/danielmartinezflamenco.com\\\/de\\\/#organization\",\"name\":\"Fuzzy Wanderer\",\"url\":\"https:\\\/\\\/danielmartinezflamenco.com\\\/de\\\/\",\"logo\":{\"@type\":\"ImageObject\",\"inLanguage\":\"de\",\"@id\":\"https:\\\/\\\/danielmartinezflamenco.com\\\/de\\\/#\\\/schema\\\/logo\\\/image\\\/\",\"url\":\"\",\"contentUrl\":\"\",\"caption\":\"Fuzzy Wanderer\"},\"image\":{\"@id\":\"https:\\\/\\\/danielmartinezflamenco.com\\\/de\\\/#\\\/schema\\\/logo\\\/image\\\/\"}}]}<\/script>\n<!-- \/ Yoast SEO plugin. -->","yoast_head_json":{"title":"Art of Andalucia | FLAMENCO-TANZ - Max-Joseph-Saal, M\u00fcnchen \u2013 8. November 2026 19:30 Uhr - Daniel Martinez","robots":{"index":"index","follow":"follow","max-snippet":"max-snippet:-1","max-image-preview":"max-image-preview:large","max-video-preview":"max-video-preview:-1"},"canonical":"https:\/\/danielmartinezflamenco.com\/de\/shop\/events-de\/art-of-andalucia-flamenco-tanz-max-joseph-saal-muenchen-8-november-2026-1930-uhr\/","og_locale":"de_DE","og_type":"article","og_title":"Art of Andalucia | FLAMENCO-TANZ - Max-Joseph-Saal, M\u00fcnchen \u2013 8. November 2026 19:30 Uhr - Daniel Martinez","og_description":"\u201eART OF ANDALUCIA\u201c von Daniel Martinez ist ein Flamenco-Konzert mit seiner Musik sowie renommierten T\u00e4nzern und Musikern und bietet ein intensives kulturelles Erlebnis aus Andalusien.","og_url":"https:\/\/danielmartinezflamenco.com\/de\/shop\/events-de\/art-of-andalucia-flamenco-tanz-max-joseph-saal-muenchen-8-november-2026-1930-uhr\/","og_site_name":"Daniel Martinez","article_modified_time":"2026-04-12T09:03:03+00:00","og_image":[{"width":656,"height":412,"url":"https:\/\/danielmartinezflamenco.com\/wp-content\/uploads\/2026\/01\/tour-2026-art-of-andalucia-daniel-martinez-flamenco-compnay.png","type":"image\/png"}],"twitter_card":"summary_large_image","twitter_misc":{"Gesch\u00e4tzte Lesezeit":"2\u00a0Minuten"},"schema":{"@context":"https:\/\/schema.org","@graph":[{"@type":"WebPage","@id":"https:\/\/danielmartinezflamenco.com\/de\/shop\/events-de\/art-of-andalucia-flamenco-tanz-max-joseph-saal-muenchen-8-november-2026-1930-uhr\/","url":"https:\/\/danielmartinezflamenco.com\/de\/shop\/events-de\/art-of-andalucia-flamenco-tanz-max-joseph-saal-muenchen-8-november-2026-1930-uhr\/","name":"Art of Andalucia | FLAMENCO-TANZ - Max-Joseph-Saal, M\u00fcnchen \u2013 8. November 2026 19:30 Uhr - Daniel Martinez","isPartOf":{"@id":"https:\/\/danielmartinezflamenco.com\/de\/#website"},"primaryImageOfPage":{"@id":"https:\/\/danielmartinezflamenco.com\/de\/shop\/events-de\/art-of-andalucia-flamenco-tanz-max-joseph-saal-muenchen-8-november-2026-1930-uhr\/#primaryimage"},"image":{"@id":"https:\/\/danielmartinezflamenco.com\/de\/shop\/events-de\/art-of-andalucia-flamenco-tanz-max-joseph-saal-muenchen-8-november-2026-1930-uhr\/#primaryimage"},"thumbnailUrl":"https:\/\/dmfc.b-cdn.net\/wp-content\/uploads\/2026\/01\/tour-2026-art-of-andalucia-daniel-martinez-flamenco-compnay.png","datePublished":"2026-01-22T08:19:32+00:00","dateModified":"2026-04-12T09:03:03+00:00","breadcrumb":{"@id":"https:\/\/danielmartinezflamenco.com\/de\/shop\/events-de\/art-of-andalucia-flamenco-tanz-max-joseph-saal-muenchen-8-november-2026-1930-uhr\/#breadcrumb"},"inLanguage":"de","potentialAction":[{"@type":"ReadAction","target":["https:\/\/danielmartinezflamenco.com\/de\/shop\/events-de\/art-of-andalucia-flamenco-tanz-max-joseph-saal-muenchen-8-november-2026-1930-uhr\/"]}]},{"@type":"ImageObject","inLanguage":"de","@id":"https:\/\/danielmartinezflamenco.com\/de\/shop\/events-de\/art-of-andalucia-flamenco-tanz-max-joseph-saal-muenchen-8-november-2026-1930-uhr\/#primaryimage","url":"https:\/\/dmfc.b-cdn.net\/wp-content\/uploads\/2026\/01\/tour-2026-art-of-andalucia-daniel-martinez-flamenco-compnay.png","contentUrl":"https:\/\/dmfc.b-cdn.net\/wp-content\/uploads\/2026\/01\/tour-2026-art-of-andalucia-daniel-martinez-flamenco-compnay.png","width":656,"height":412},{"@type":"BreadcrumbList","@id":"https:\/\/danielmartinezflamenco.com\/de\/shop\/events-de\/art-of-andalucia-flamenco-tanz-max-joseph-saal-muenchen-8-november-2026-1930-uhr\/#breadcrumb","itemListElement":[{"@type":"ListItem","position":1,"name":"Portada","item":"https:\/\/danielmartinezflamenco.com\/de\/home-de\/"},{"@type":"ListItem","position":2,"name":"Woocommerce_Internal","item":"https:\/\/danielmartinezflamenco.com\/woocommerce_internal\/"},{"@type":"ListItem","position":3,"name":"Art of Andalucia | FLAMENCO-TANZ &#8211; Max-Joseph-Saal, M\u00fcnchen \u2013 8. November 2026 19:30 Uhr"}]},{"@type":"WebSite","@id":"https:\/\/danielmartinezflamenco.com\/de\/#website","url":"https:\/\/danielmartinezflamenco.com\/de\/","name":"Daniel Martinez","description":"Official Website","publisher":{"@id":"https:\/\/danielmartinezflamenco.com\/de\/#organization"},"potentialAction":[{"@type":"SearchAction","target":{"@type":"EntryPoint","urlTemplate":"https:\/\/danielmartinezflamenco.com\/de\/?s={search_term_string}"},"query-input":{"@type":"PropertyValueSpecification","valueRequired":true,"valueName":"search_term_string"}}],"inLanguage":"de"},{"@type":"Organization","@id":"https:\/\/danielmartinezflamenco.com\/de\/#organization","name":"Fuzzy Wanderer","url":"https:\/\/danielmartinezflamenco.com\/de\/","logo":{"@type":"ImageObject","inLanguage":"de","@id":"https:\/\/danielmartinezflamenco.com\/de\/#\/schema\/logo\/image\/","url":"","contentUrl":"","caption":"Fuzzy Wanderer"},"image":{"@id":"https:\/\/danielmartinezflamenco.com\/de\/#\/schema\/logo\/image\/"}}]}},"_links":{"self":[{"href":"https:\/\/danielmartinezflamenco.com\/de\/wp-json\/wp\/v2\/product\/91516","targetHints":{"allow":["GET"]}}],"collection":[{"href":"https:\/\/danielmartinezflamenco.com\/de\/wp-json\/wp\/v2\/product"}],"about":[{"href":"https:\/\/danielmartinezflamenco.com\/de\/wp-json\/wp\/v2\/types\/product"}],"author":[{"embeddable":true,"href":"https:\/\/danielmartinezflamenco.com\/de\/wp-json\/wp\/v2\/users\/1"}],"wp:featuredmedia":[{"embeddable":true,"href":"https:\/\/danielmartinezflamenco.com\/de\/wp-json\/wp\/v2\/media\/91522"}],"wp:attachment":[{"href":"https:\/\/danielmartinezflamenco.com\/de\/wp-json\/wp\/v2\/media?parent=91516"}],"wp:term":[{"taxonomy":"product_brand","embeddable":true,"href":"https:\/\/danielmartinezflamenco.com\/de\/wp-json\/wp\/v2\/product_brand?post=91516"},{"taxonomy":"product_cat","embeddable":true,"href":"https:\/\/danielmartinezflamenco.com\/de\/wp-json\/wp\/v2\/product_cat?post=91516"},{"taxonomy":"product_tag","embeddable":true,"href":"https:\/\/danielmartinezflamenco.com\/de\/wp-json\/wp\/v2\/product_tag?post=91516"}],"curies":[{"name":"wp","href":"https:\/\/api.w.org\/{rel}","templated":true}]}}