{"id":66313,"date":"2025-05-15T22:29:35","date_gmt":"2025-05-15T21:29:35","guid":{"rendered":"https:\/\/danielmartinezflamenco.com\/a-propos-du-spectacle-art-of-believing\/"},"modified":"2025-05-15T22:29:36","modified_gmt":"2025-05-15T21:29:36","slug":"a-propos-du-spectacle-art-of-believing","status":"publish","type":"page","link":"https:\/\/danielmartinezflamenco.com\/fr\/a-propos-du-spectacle-art-of-believing\/","title":{"rendered":"\u00c0 propos du spectacle (Art of Believing)"},"content":{"rendered":"\t\t<div data-elementor-type=\"wp-post\" data-elementor-id=\"66313\" class=\"elementor elementor-66313 elementor-1192\" data-elementor-post-type=\"page\">\n\t\t\t\t\t\t<section class=\"elementor-section elementor-top-section elementor-element elementor-element-8f4a023 elementor-section-boxed elementor-section-height-default elementor-section-height-default\" data-id=\"8f4a023\" data-element_type=\"section\" data-e-type=\"section\">\n\t\t\t\t\t\t<div class=\"elementor-container elementor-column-gap-default\">\n\t\t\t\t\t<div class=\"elementor-column elementor-col-100 elementor-top-column elementor-element elementor-element-873ca57\" data-id=\"873ca57\" data-element_type=\"column\" data-e-type=\"column\">\n\t\t\t<div class=\"elementor-widget-wrap elementor-element-populated\">\n\t\t\t\t\t\t<div class=\"elementor-element elementor-element-a61aafd elementor-widget elementor-widget-image\" data-id=\"a61aafd\" data-element_type=\"widget\" data-e-type=\"widget\" data-widget_type=\"image.default\">\n\t\t\t\t<div class=\"elementor-widget-container\">\n\t\t\t\t\t\t\t\t\t\t\t\t\t\t\t<img fetchpriority=\"high\" decoding=\"async\" width=\"1536\" height=\"579\" src=\"https:\/\/dmfc.b-cdn.net\/wp-content\/uploads\/2021\/04\/art-of-believing-1536x579.png\" class=\"attachment-1536x1536 size-1536x1536 wp-image-66316\" alt=\"\" srcset=\"https:\/\/dmfc.b-cdn.net\/wp-content\/uploads\/2021\/04\/art-of-believing-1536x579.png 1536w, https:\/\/dmfc.b-cdn.net\/wp-content\/uploads\/2021\/04\/art-of-believing-300x113.png 300w, https:\/\/dmfc.b-cdn.net\/wp-content\/uploads\/2021\/04\/art-of-believing-1024x386.png 1024w, https:\/\/dmfc.b-cdn.net\/wp-content\/uploads\/2021\/04\/art-of-believing-768x289.png 768w, https:\/\/dmfc.b-cdn.net\/wp-content\/uploads\/2021\/04\/art-of-believing-2048x772.png 2048w, https:\/\/dmfc.b-cdn.net\/wp-content\/uploads\/2021\/04\/art-of-believing-500x188.png 500w\" sizes=\"(max-width: 1536px) 100vw, 1536px\" \/>\t\t\t\t\t\t\t\t\t\t\t\t\t\t\t<\/div>\n\t\t\t\t<\/div>\n\t\t\t\t\t<\/div>\n\t\t<\/div>\n\t\t\t\t\t<\/div>\n\t\t<\/section>\n\t\t\t\t<section class=\"elementor-section elementor-top-section elementor-element elementor-element-d42c370 elementor-section-boxed elementor-section-height-default elementor-section-height-default\" data-id=\"d42c370\" data-element_type=\"section\" data-e-type=\"section\">\n\t\t\t\t\t\t<div class=\"elementor-container elementor-column-gap-default\">\n\t\t\t\t\t<div class=\"elementor-column elementor-col-100 elementor-top-column elementor-element elementor-element-f6e3b20\" data-id=\"f6e3b20\" data-element_type=\"column\" data-e-type=\"column\">\n\t\t\t<div class=\"elementor-widget-wrap elementor-element-populated\">\n\t\t\t\t\t\t<div class=\"elementor-element elementor-element-345b6c2 elementor-widget elementor-widget-heading\" data-id=\"345b6c2\" data-element_type=\"widget\" data-e-type=\"widget\" data-widget_type=\"heading.default\">\n\t\t\t\t<div class=\"elementor-widget-container\">\n\t\t\t\t\t<h1 class=\"elementor-heading-title elementor-size-default\">Art of Believing<\/h1>\t\t\t\t<\/div>\n\t\t\t\t<\/div>\n\t\t\t\t\t<\/div>\n\t\t<\/div>\n\t\t\t\t\t<\/div>\n\t\t<\/section>\n\t\t\t\t<section class=\"elementor-section elementor-top-section elementor-element elementor-element-bcc18f3 elementor-section-boxed elementor-section-height-default elementor-section-height-default\" data-id=\"bcc18f3\" data-element_type=\"section\" data-e-type=\"section\">\n\t\t\t\t\t\t<div class=\"elementor-container elementor-column-gap-default\">\n\t\t\t\t\t<div class=\"elementor-column elementor-col-100 elementor-top-column elementor-element elementor-element-ff12518\" data-id=\"ff12518\" data-element_type=\"column\" data-e-type=\"column\">\n\t\t\t<div class=\"elementor-widget-wrap elementor-element-populated\">\n\t\t\t\t\t\t<div class=\"elementor-element elementor-element-178afe4 elementor-widget elementor-widget-text-editor\" data-id=\"178afe4\" data-element_type=\"widget\" data-e-type=\"widget\" data-widget_type=\"text-editor.default\">\n\t\t\t\t<div class=\"elementor-widget-container\">\n\t\t\t\t\t\t\t\t\t<p>La production flamenco prim\u00e9e Art of Believing r\u00e9unit un groupe exceptionnel de musiciens : chanteurs flamenco, guitaristes, percussionnistes, un violoniste et une danseuse, qui accompagnent Daniel dans une performance flamenco puissante et incontournable, d\u00e9bordante de passion et d\u2019authenticit\u00e9. Art of Believing est une production musicale v\u00e9ritablement unique o\u00f9 le public pourra appr\u00e9cier une riche vari\u00e9t\u00e9 de styles flamenco, allant de l\u2019\u00e9motion intense d\u2019une Seguiriya aux sons joyeux d\u2019une Alegr\u00eda.<\/p>\n<p>La production a vu le jour en 2017 lorsque Daniel a d\u00e9cid\u00e9 de cr\u00e9er un projet repr\u00e9sentant son parcours artistique et son exp\u00e9rience en tant que guitariste de flamenco. Le spectacle est essentiellement une repr\u00e9sentation musicale des d\u00e9buts modestes de Daniel : depuis son enfance, apprenant la guitare au conservatoire et passant des heures inlassables \u00e0 perfectionner l\u2019art du flamenco, jusqu\u2019\u00e0 sa vie adulte de compositeur et musicien.<\/p>\n<p>Art of Believing a fait ses d\u00e9buts au Royal Lyceum Theatre d\u2019\u00c9dimbourg en octobre 2017 devant un public complet. En raison de son succ\u00e8s continu, la Daniel Martinez Flamenco Company a tourn\u00e9 \u00e0 travers le Royaume-Uni, pr\u00e9sentant la production dans de nombreuses villes et th\u00e9\u00e2tres \u00e0 travers le pays.<\/p>\n<p>Une magnifique pr\u00e9sentation de flamenco pur et un talent musical exceptionnel. Vibrant et captivant, c\u2019est une exp\u00e9rience flamenco \u00e0 ne pas manquer.<\/p>\n<p>Art of Believing est un ajout fantastique \u00e0 tout programme de th\u00e9\u00e2tre ou de salle de spectacle, apportant la richesse et la diversit\u00e9 de la culture flamenco ainsi qu\u2019une v\u00e9ritable magie musicale pour les amateurs de flamenco, de musique et de danse. Pour r\u00e9server Art of Believing dans le cadre de votre programmation, n\u2019h\u00e9sitez pas \u00e0 <a href=\"https:\/\/danielmartinezflamenco.com\/fr\/contactez-nous\/\">nous contacter<\/a>.<\/p>\n\t\t\t\t\t\t\t\t<\/div>\n\t\t\t\t<\/div>\n\t\t\t\t\t<\/div>\n\t\t<\/div>\n\t\t\t\t\t<\/div>\n\t\t<\/section>\n\t\t\t\t<\/div>\n\t\t","protected":false},"excerpt":{"rendered":"<p>Art of Believing La production flamenco prim\u00e9e Art of Believing r\u00e9unit un groupe exceptionnel de musiciens : chanteurs flamenco, guitaristes, percussionnistes, un violoniste et une danseuse, qui accompagnent Daniel dans &#8230; <\/p>\n<p class=\"read-more-container\"><a title=\"\u00c0 propos du spectacle (Art of Believing)\" class=\"read-more button\" href=\"https:\/\/danielmartinezflamenco.com\/fr\/a-propos-du-spectacle-art-of-believing\/#more-66313\" aria-label=\"En savoir plus sur \u00c0 propos du spectacle (Art of Believing)\">Leer m\u00e1s<\/a><\/p>\n","protected":false},"author":1,"featured_media":0,"parent":0,"menu_order":0,"comment_status":"closed","ping_status":"closed","template":"","meta":{"footnotes":""},"class_list":["post-66313","page","type-page","status-publish"],"yoast_head":"<!-- This site is optimized with the Yoast SEO plugin v27.4 - https:\/\/yoast.com\/product\/yoast-seo-wordpress\/ -->\n<title>\u00c0 propos du spectacle (Art of Believing) - Daniel Martinez<\/title>\n<meta name=\"description\" content=\"La production th\u00e9\u00e2trale de flamenco prim\u00e9e Art of Believing a \u00e9t\u00e9 cr\u00e9\u00e9e et compos\u00e9e par le guitariste de flamenco Daniel Martinez. Puissant, vibrant et unique, Art of Believing r\u00e9unit un groupe exceptionnel de musiciens : chanteurs flamenco, guitaristes, percussionnistes, un bassiste, un violoniste et une danseuse, qui rejoignent Daniel dans une performance flamenco incontournable, d\u00e9bordante de passion et d\u2019authenticit\u00e9.\" \/>\n<meta name=\"robots\" content=\"index, follow, max-snippet:-1, max-image-preview:large, max-video-preview:-1\" \/>\n<link rel=\"canonical\" href=\"https:\/\/danielmartinezflamenco.com\/fr\/a-propos-du-spectacle-art-of-believing\/\" \/>\n<meta property=\"og:locale\" content=\"fr_FR\" \/>\n<meta property=\"og:type\" content=\"article\" \/>\n<meta property=\"og:title\" content=\"\u00c0 propos du spectacle (Art of Believing) - Daniel Martinez\" \/>\n<meta property=\"og:description\" content=\"La production th\u00e9\u00e2trale de flamenco prim\u00e9e Art of Believing a \u00e9t\u00e9 cr\u00e9\u00e9e et compos\u00e9e par le guitariste de flamenco Daniel Martinez. Puissant, vibrant et unique, Art of Believing r\u00e9unit un groupe exceptionnel de musiciens : chanteurs flamenco, guitaristes, percussionnistes, un bassiste, un violoniste et une danseuse, qui rejoignent Daniel dans une performance flamenco incontournable, d\u00e9bordante de passion et d\u2019authenticit\u00e9.\" \/>\n<meta property=\"og:url\" content=\"https:\/\/danielmartinezflamenco.com\/fr\/a-propos-du-spectacle-art-of-believing\/\" \/>\n<meta property=\"og:site_name\" content=\"Daniel Martinez\" \/>\n<meta property=\"article:modified_time\" content=\"2025-05-15T21:29:36+00:00\" \/>\n<meta property=\"og:image\" content=\"https:\/\/dmfc.b-cdn.net\/wp-content\/uploads\/2021\/04\/art-of-believing.png\" \/>\n\t<meta property=\"og:image:width\" content=\"3998\" \/>\n\t<meta property=\"og:image:height\" content=\"1507\" \/>\n\t<meta property=\"og:image:type\" content=\"image\/png\" \/>\n<meta name=\"twitter:card\" content=\"summary_large_image\" \/>\n<meta name=\"twitter:label1\" content=\"Dur\u00e9e de lecture estim\u00e9e\" \/>\n\t<meta name=\"twitter:data1\" content=\"1 minute\" \/>\n<script type=\"application\/ld+json\" class=\"yoast-schema-graph\">{\"@context\":\"https:\\\/\\\/schema.org\",\"@graph\":[{\"@type\":\"WebPage\",\"@id\":\"https:\\\/\\\/danielmartinezflamenco.com\\\/fr\\\/a-propos-du-spectacle-art-of-believing\\\/\",\"url\":\"https:\\\/\\\/danielmartinezflamenco.com\\\/fr\\\/a-propos-du-spectacle-art-of-believing\\\/\",\"name\":\"\u00c0 propos du spectacle (Art of Believing) - Daniel Martinez\",\"isPartOf\":{\"@id\":\"https:\\\/\\\/danielmartinezflamenco.com\\\/fr\\\/#website\"},\"primaryImageOfPage\":{\"@id\":\"https:\\\/\\\/danielmartinezflamenco.com\\\/fr\\\/a-propos-du-spectacle-art-of-believing\\\/#primaryimage\"},\"image\":{\"@id\":\"https:\\\/\\\/danielmartinezflamenco.com\\\/fr\\\/a-propos-du-spectacle-art-of-believing\\\/#primaryimage\"},\"thumbnailUrl\":\"https:\\\/\\\/danielmartinezflamenco.com\\\/wp-content\\\/uploads\\\/2021\\\/04\\\/art-of-believing-1536x579.png\",\"datePublished\":\"2025-05-15T21:29:35+00:00\",\"dateModified\":\"2025-05-15T21:29:36+00:00\",\"description\":\"La production th\u00e9\u00e2trale de flamenco prim\u00e9e Art of Believing a \u00e9t\u00e9 cr\u00e9\u00e9e et compos\u00e9e par le guitariste de flamenco Daniel Martinez. Puissant, vibrant et unique, Art of Believing r\u00e9unit un groupe exceptionnel de musiciens : chanteurs flamenco, guitaristes, percussionnistes, un bassiste, un violoniste et une danseuse, qui rejoignent Daniel dans une performance flamenco incontournable, d\u00e9bordante de passion et d\u2019authenticit\u00e9.\",\"breadcrumb\":{\"@id\":\"https:\\\/\\\/danielmartinezflamenco.com\\\/fr\\\/a-propos-du-spectacle-art-of-believing\\\/#breadcrumb\"},\"inLanguage\":\"fr-FR\",\"potentialAction\":[{\"@type\":\"ReadAction\",\"target\":[\"https:\\\/\\\/danielmartinezflamenco.com\\\/fr\\\/a-propos-du-spectacle-art-of-believing\\\/\"]}]},{\"@type\":\"ImageObject\",\"inLanguage\":\"fr-FR\",\"@id\":\"https:\\\/\\\/danielmartinezflamenco.com\\\/fr\\\/a-propos-du-spectacle-art-of-believing\\\/#primaryimage\",\"url\":\"https:\\\/\\\/danielmartinezflamenco.com\\\/wp-content\\\/uploads\\\/2021\\\/04\\\/art-of-believing-1536x579.png\",\"contentUrl\":\"https:\\\/\\\/danielmartinezflamenco.com\\\/wp-content\\\/uploads\\\/2021\\\/04\\\/art-of-believing-1536x579.png\"},{\"@type\":\"BreadcrumbList\",\"@id\":\"https:\\\/\\\/danielmartinezflamenco.com\\\/fr\\\/a-propos-du-spectacle-art-of-believing\\\/#breadcrumb\",\"itemListElement\":[{\"@type\":\"ListItem\",\"position\":1,\"name\":\"Portada\",\"item\":\"https:\\\/\\\/danielmartinezflamenco.com\\\/fr\\\/accueil\\\/\"},{\"@type\":\"ListItem\",\"position\":2,\"name\":\"\u00c0 propos du spectacle (Art of Believing)\"}]},{\"@type\":\"WebSite\",\"@id\":\"https:\\\/\\\/danielmartinezflamenco.com\\\/fr\\\/#website\",\"url\":\"https:\\\/\\\/danielmartinezflamenco.com\\\/fr\\\/\",\"name\":\"Daniel Martinez\",\"description\":\"Official Website\",\"publisher\":{\"@id\":\"https:\\\/\\\/danielmartinezflamenco.com\\\/fr\\\/#organization\"},\"potentialAction\":[{\"@type\":\"SearchAction\",\"target\":{\"@type\":\"EntryPoint\",\"urlTemplate\":\"https:\\\/\\\/danielmartinezflamenco.com\\\/fr\\\/?s={search_term_string}\"},\"query-input\":{\"@type\":\"PropertyValueSpecification\",\"valueRequired\":true,\"valueName\":\"search_term_string\"}}],\"inLanguage\":\"fr-FR\"},{\"@type\":\"Organization\",\"@id\":\"https:\\\/\\\/danielmartinezflamenco.com\\\/fr\\\/#organization\",\"name\":\"Fuzzy Wanderer\",\"url\":\"https:\\\/\\\/danielmartinezflamenco.com\\\/fr\\\/\",\"logo\":{\"@type\":\"ImageObject\",\"inLanguage\":\"fr-FR\",\"@id\":\"https:\\\/\\\/danielmartinezflamenco.com\\\/fr\\\/#\\\/schema\\\/logo\\\/image\\\/\",\"url\":\"\",\"contentUrl\":\"\",\"caption\":\"Fuzzy Wanderer\"},\"image\":{\"@id\":\"https:\\\/\\\/danielmartinezflamenco.com\\\/fr\\\/#\\\/schema\\\/logo\\\/image\\\/\"}}]}<\/script>\n<!-- \/ Yoast SEO plugin. -->","yoast_head_json":{"title":"\u00c0 propos du spectacle (Art of Believing) - Daniel Martinez","description":"La production th\u00e9\u00e2trale de flamenco prim\u00e9e Art of Believing a \u00e9t\u00e9 cr\u00e9\u00e9e et compos\u00e9e par le guitariste de flamenco Daniel Martinez. Puissant, vibrant et unique, Art of Believing r\u00e9unit un groupe exceptionnel de musiciens : chanteurs flamenco, guitaristes, percussionnistes, un bassiste, un violoniste et une danseuse, qui rejoignent Daniel dans une performance flamenco incontournable, d\u00e9bordante de passion et d\u2019authenticit\u00e9.","robots":{"index":"index","follow":"follow","max-snippet":"max-snippet:-1","max-image-preview":"max-image-preview:large","max-video-preview":"max-video-preview:-1"},"canonical":"https:\/\/danielmartinezflamenco.com\/fr\/a-propos-du-spectacle-art-of-believing\/","og_locale":"fr_FR","og_type":"article","og_title":"\u00c0 propos du spectacle (Art of Believing) - Daniel Martinez","og_description":"La production th\u00e9\u00e2trale de flamenco prim\u00e9e Art of Believing a \u00e9t\u00e9 cr\u00e9\u00e9e et compos\u00e9e par le guitariste de flamenco Daniel Martinez. Puissant, vibrant et unique, Art of Believing r\u00e9unit un groupe exceptionnel de musiciens : chanteurs flamenco, guitaristes, percussionnistes, un bassiste, un violoniste et une danseuse, qui rejoignent Daniel dans une performance flamenco incontournable, d\u00e9bordante de passion et d\u2019authenticit\u00e9.","og_url":"https:\/\/danielmartinezflamenco.com\/fr\/a-propos-du-spectacle-art-of-believing\/","og_site_name":"Daniel Martinez","article_modified_time":"2025-05-15T21:29:36+00:00","og_image":[{"width":3998,"height":1507,"url":"https:\/\/dmfc.b-cdn.net\/wp-content\/uploads\/2021\/04\/art-of-believing.png","type":"image\/png"}],"twitter_card":"summary_large_image","twitter_misc":{"Dur\u00e9e de lecture estim\u00e9e":"1 minute"},"schema":{"@context":"https:\/\/schema.org","@graph":[{"@type":"WebPage","@id":"https:\/\/danielmartinezflamenco.com\/fr\/a-propos-du-spectacle-art-of-believing\/","url":"https:\/\/danielmartinezflamenco.com\/fr\/a-propos-du-spectacle-art-of-believing\/","name":"\u00c0 propos du spectacle (Art of Believing) - Daniel Martinez","isPartOf":{"@id":"https:\/\/danielmartinezflamenco.com\/fr\/#website"},"primaryImageOfPage":{"@id":"https:\/\/danielmartinezflamenco.com\/fr\/a-propos-du-spectacle-art-of-believing\/#primaryimage"},"image":{"@id":"https:\/\/danielmartinezflamenco.com\/fr\/a-propos-du-spectacle-art-of-believing\/#primaryimage"},"thumbnailUrl":"https:\/\/danielmartinezflamenco.com\/wp-content\/uploads\/2021\/04\/art-of-believing-1536x579.png","datePublished":"2025-05-15T21:29:35+00:00","dateModified":"2025-05-15T21:29:36+00:00","description":"La production th\u00e9\u00e2trale de flamenco prim\u00e9e Art of Believing a \u00e9t\u00e9 cr\u00e9\u00e9e et compos\u00e9e par le guitariste de flamenco Daniel Martinez. Puissant, vibrant et unique, Art of Believing r\u00e9unit un groupe exceptionnel de musiciens : chanteurs flamenco, guitaristes, percussionnistes, un bassiste, un violoniste et une danseuse, qui rejoignent Daniel dans une performance flamenco incontournable, d\u00e9bordante de passion et d\u2019authenticit\u00e9.","breadcrumb":{"@id":"https:\/\/danielmartinezflamenco.com\/fr\/a-propos-du-spectacle-art-of-believing\/#breadcrumb"},"inLanguage":"fr-FR","potentialAction":[{"@type":"ReadAction","target":["https:\/\/danielmartinezflamenco.com\/fr\/a-propos-du-spectacle-art-of-believing\/"]}]},{"@type":"ImageObject","inLanguage":"fr-FR","@id":"https:\/\/danielmartinezflamenco.com\/fr\/a-propos-du-spectacle-art-of-believing\/#primaryimage","url":"https:\/\/danielmartinezflamenco.com\/wp-content\/uploads\/2021\/04\/art-of-believing-1536x579.png","contentUrl":"https:\/\/danielmartinezflamenco.com\/wp-content\/uploads\/2021\/04\/art-of-believing-1536x579.png"},{"@type":"BreadcrumbList","@id":"https:\/\/danielmartinezflamenco.com\/fr\/a-propos-du-spectacle-art-of-believing\/#breadcrumb","itemListElement":[{"@type":"ListItem","position":1,"name":"Portada","item":"https:\/\/danielmartinezflamenco.com\/fr\/accueil\/"},{"@type":"ListItem","position":2,"name":"\u00c0 propos du spectacle (Art of Believing)"}]},{"@type":"WebSite","@id":"https:\/\/danielmartinezflamenco.com\/fr\/#website","url":"https:\/\/danielmartinezflamenco.com\/fr\/","name":"Daniel Martinez","description":"Official Website","publisher":{"@id":"https:\/\/danielmartinezflamenco.com\/fr\/#organization"},"potentialAction":[{"@type":"SearchAction","target":{"@type":"EntryPoint","urlTemplate":"https:\/\/danielmartinezflamenco.com\/fr\/?s={search_term_string}"},"query-input":{"@type":"PropertyValueSpecification","valueRequired":true,"valueName":"search_term_string"}}],"inLanguage":"fr-FR"},{"@type":"Organization","@id":"https:\/\/danielmartinezflamenco.com\/fr\/#organization","name":"Fuzzy Wanderer","url":"https:\/\/danielmartinezflamenco.com\/fr\/","logo":{"@type":"ImageObject","inLanguage":"fr-FR","@id":"https:\/\/danielmartinezflamenco.com\/fr\/#\/schema\/logo\/image\/","url":"","contentUrl":"","caption":"Fuzzy Wanderer"},"image":{"@id":"https:\/\/danielmartinezflamenco.com\/fr\/#\/schema\/logo\/image\/"}}]}},"_links":{"self":[{"href":"https:\/\/danielmartinezflamenco.com\/fr\/wp-json\/wp\/v2\/pages\/66313","targetHints":{"allow":["GET"]}}],"collection":[{"href":"https:\/\/danielmartinezflamenco.com\/fr\/wp-json\/wp\/v2\/pages"}],"about":[{"href":"https:\/\/danielmartinezflamenco.com\/fr\/wp-json\/wp\/v2\/types\/page"}],"author":[{"embeddable":true,"href":"https:\/\/danielmartinezflamenco.com\/fr\/wp-json\/wp\/v2\/users\/1"}],"replies":[{"embeddable":true,"href":"https:\/\/danielmartinezflamenco.com\/fr\/wp-json\/wp\/v2\/comments?post=66313"}],"version-history":[{"count":0,"href":"https:\/\/danielmartinezflamenco.com\/fr\/wp-json\/wp\/v2\/pages\/66313\/revisions"}],"wp:attachment":[{"href":"https:\/\/danielmartinezflamenco.com\/fr\/wp-json\/wp\/v2\/media?parent=66313"}],"curies":[{"name":"wp","href":"https:\/\/api.w.org\/{rel}","templated":true}]}}