{"id":66341,"date":"2025-05-15T22:40:56","date_gmt":"2025-05-15T21:40:56","guid":{"rendered":"https:\/\/danielmartinezflamenco.com\/conditions-dutilisation\/"},"modified":"2025-05-15T22:40:56","modified_gmt":"2025-05-15T21:40:56","slug":"conditions-dutilisation","status":"publish","type":"page","link":"https:\/\/danielmartinezflamenco.com\/fr\/conditions-dutilisation\/","title":{"rendered":"Conditions d\u2019utilisation"},"content":{"rendered":"\t\t<div data-elementor-type=\"wp-post\" data-elementor-id=\"66341\" class=\"elementor elementor-66341 elementor-1527\" data-elementor-post-type=\"page\">\n\t\t\t\t\t\t<section class=\"elementor-section elementor-top-section elementor-element elementor-element-5e9148a elementor-section-boxed elementor-section-height-default elementor-section-height-default\" data-id=\"5e9148a\" data-element_type=\"section\" data-e-type=\"section\">\n\t\t\t\t\t\t<div class=\"elementor-container elementor-column-gap-default\">\n\t\t\t\t\t<div class=\"elementor-column elementor-col-100 elementor-top-column elementor-element elementor-element-aec5db3\" data-id=\"aec5db3\" data-element_type=\"column\" data-e-type=\"column\">\n\t\t\t<div class=\"elementor-widget-wrap elementor-element-populated\">\n\t\t\t\t\t\t<div class=\"elementor-element elementor-element-fe76081 elementor-widget elementor-widget-text-editor\" data-id=\"fe76081\" data-element_type=\"widget\" data-e-type=\"widget\" data-widget_type=\"text-editor.default\">\n\t\t\t\t<div class=\"elementor-widget-container\">\n\t\t\t\t\t\t\t\t\t<p class=\"\" data-start=\"16\" data-end=\"459\">Bienvenue sur notre site web. En continuant \u00e0 naviguer et \u00e0 utiliser ce site, vous acceptez de respecter et d\u2019\u00eatre li\u00e9 par les conditions g\u00e9n\u00e9rales d\u2019utilisation suivantes, qui, conjointement avec notre politique de confidentialit\u00e9, r\u00e9gissent la relation entre la Daniel Martinez Flamenco Company et vous en ce qui concerne ce site. Si vous n\u2019\u00eates pas d\u2019accord avec une partie quelconque de ces conditions, veuillez ne pas utiliser notre site.<\/p>\n<p><\/p>\n<p class=\"\" data-start=\"461\" data-end=\"687\">Le terme \u00ab Daniel Martinez Flamenco Company \u00bb, \u00ab nous \u00bb ou \u00ab notre \u00bb fait r\u00e9f\u00e9rence au propri\u00e9taire du site dont le si\u00e8ge social est \u00e0 \u00c9dimbourg, en \u00c9cosse. Le terme \u00ab vous \u00bb d\u00e9signe l\u2019utilisateur ou le visiteur de notre site.<\/p>\n<p><\/p>\n<p class=\"\" data-start=\"689\" data-end=\"766\">L\u2019utilisation de ce site est soumise aux conditions d\u2019utilisation suivantes :<\/p>\n<ul data-start=\"768\" data-end=\"2799\">\n<li class=\"\" data-start=\"768\" data-end=\"918\">\n<p class=\"\" data-start=\"770\" data-end=\"918\">Le contenu des pages de ce site est destin\u00e9 \u00e0 votre information g\u00e9n\u00e9rale et \u00e0 votre usage personnel uniquement. Il peut \u00eatre modifi\u00e9 sans pr\u00e9avis.<\/p>\n<\/li>\n<li class=\"\" data-start=\"919\" data-end=\"997\">\n<p class=\"\" data-start=\"921\" data-end=\"997\">Ce site utilise des cookies pour surveiller vos pr\u00e9f\u00e9rences de navigation.<\/p>\n<\/li>\n<li class=\"\" data-start=\"998\" data-end=\"1357\">\n<p class=\"\" data-start=\"1000\" data-end=\"1357\">Ni nous ni aucun tiers ne garantissons l\u2019exactitude, l\u2019actualit\u00e9, la performance, l\u2019exhaustivit\u00e9 ou l\u2019ad\u00e9quation des informations et mat\u00e9riels trouv\u00e9s ou propos\u00e9s sur ce site pour un usage particulier. Vous reconnaissez que ces informations peuvent contenir des erreurs et nous excluons express\u00e9ment toute responsabilit\u00e9 dans la mesure permise par la loi.<\/p>\n<\/li>\n<li class=\"\" data-start=\"1358\" data-end=\"1596\">\n<p class=\"\" data-start=\"1360\" data-end=\"1596\">Votre utilisation de toute information ou mat\u00e9riel sur ce site se fait enti\u00e8rement \u00e0 vos risques et p\u00e9rils. Il vous appartient de vous assurer que les produits, services ou informations disponibles r\u00e9pondent \u00e0 vos besoins sp\u00e9cifiques.<\/p>\n<\/li>\n<li class=\"\" data-start=\"1597\" data-end=\"1971\">\n<p class=\"\" data-start=\"1599\" data-end=\"1971\">Ce site contient des contenus qui sont la propri\u00e9t\u00e9 ou sous licence de notre soci\u00e9t\u00e9. Cela inclut, sans s\u2019y limiter, la musique, les vid\u00e9os, images, photographies, noms, logos, design, mise en page, apparence et graphismes. Toute reproduction est interdite sauf conform\u00e9ment aux notices de droits d\u2019auteur et de propri\u00e9t\u00e9 intellectuelle faisant partie de ces conditions.<\/p>\n<\/li>\n<li class=\"\" data-start=\"1972\" data-end=\"2108\">\n<p class=\"\" data-start=\"1974\" data-end=\"2108\">Toutes les marques reproduites sur ce site, qui ne sont pas la propri\u00e9t\u00e9 ou sous licence de l\u2019op\u00e9rateur, sont reconnues sur le site.<\/p>\n<\/li>\n<li class=\"\" data-start=\"2109\" data-end=\"2247\">\n<p class=\"\" data-start=\"2111\" data-end=\"2247\">L\u2019utilisation non autoris\u00e9e de ce site pourra donner lieu \u00e0 des poursuites pour dommages et int\u00e9r\u00eats et\/ou \u00eatre une infraction p\u00e9nale.<\/p>\n<\/li>\n<li class=\"\" data-start=\"2248\" data-end=\"2478\">\n<p class=\"\" data-start=\"2250\" data-end=\"2478\">Ce site peut parfois inclure des liens vers d\u2019autres sites. Ces liens sont fournis pour votre commodit\u00e9 et n\u2019impliquent pas que nous approuvons ces sites. Nous d\u00e9clinons toute responsabilit\u00e9 quant au contenu de ces sites li\u00e9s.<\/p>\n<\/li>\n<li class=\"\" data-start=\"2479\" data-end=\"2714\">\n<p class=\"\" data-start=\"2481\" data-end=\"2714\">Votre utilisation de ce site et tout litige en d\u00e9coulant sont soumis aux lois du Royaume-Uni, incluant l\u2019\u00c9cosse, l\u2019Angleterre, le Pays de Galles et l\u2019Irlande du Nord, y compris pour toute mesure pr\u00e9ventive ou auxiliaire n\u00e9cessaire.<\/p>\n<\/li>\n<li class=\"\" data-start=\"2715\" data-end=\"2799\">\n<p class=\"\" data-start=\"2717\" data-end=\"2799\">Tous nos billets, services et produits sont non remboursables et non \u00e9changeables.<\/p>\n<\/li>\n<\/ul>\n\t\t\t\t\t\t\t\t<\/div>\n\t\t\t\t<\/div>\n\t\t\t\t\t<\/div>\n\t\t<\/div>\n\t\t\t\t\t<\/div>\n\t\t<\/section>\n\t\t\t\t<\/div>\n\t\t","protected":false},"excerpt":{"rendered":"<p>Bienvenue sur notre site web. En continuant \u00e0 naviguer et \u00e0 utiliser ce site, vous acceptez de respecter et d\u2019\u00eatre li\u00e9 par les conditions g\u00e9n\u00e9rales d\u2019utilisation suivantes, qui, conjointement avec &#8230; <\/p>\n<p class=\"read-more-container\"><a title=\"Conditions d\u2019utilisation\" class=\"read-more button\" href=\"https:\/\/danielmartinezflamenco.com\/fr\/conditions-dutilisation\/#more-66341\" aria-label=\"En savoir plus sur Conditions d\u2019utilisation\">Leer m\u00e1s<\/a><\/p>\n","protected":false},"author":1,"featured_media":0,"parent":0,"menu_order":0,"comment_status":"closed","ping_status":"closed","template":"","meta":{"footnotes":""},"class_list":["post-66341","page","type-page","status-publish"],"yoast_head":"<!-- This site is optimized with the Yoast SEO plugin v27.4 - https:\/\/yoast.com\/product\/yoast-seo-wordpress\/ -->\n<title>Conditions d\u2019utilisation - Daniel Martinez<\/title>\n<meta name=\"robots\" content=\"index, follow, max-snippet:-1, max-image-preview:large, max-video-preview:-1\" \/>\n<link rel=\"canonical\" href=\"https:\/\/danielmartinezflamenco.com\/fr\/conditions-dutilisation\/\" \/>\n<meta property=\"og:locale\" content=\"fr_FR\" \/>\n<meta property=\"og:type\" content=\"article\" \/>\n<meta property=\"og:title\" content=\"Conditions d\u2019utilisation - Daniel Martinez\" \/>\n<meta property=\"og:description\" content=\"Bienvenue sur notre site web. En continuant \u00e0 naviguer et \u00e0 utiliser ce site, vous acceptez de respecter et d\u2019\u00eatre li\u00e9 par les conditions g\u00e9n\u00e9rales d\u2019utilisation suivantes, qui, conjointement avec ... Leer m\u00e1s\" \/>\n<meta property=\"og:url\" content=\"https:\/\/danielmartinezflamenco.com\/fr\/conditions-dutilisation\/\" \/>\n<meta property=\"og:site_name\" content=\"Daniel Martinez\" \/>\n<meta name=\"twitter:card\" content=\"summary_large_image\" \/>\n<meta name=\"twitter:label1\" content=\"Dur\u00e9e de lecture estim\u00e9e\" \/>\n\t<meta name=\"twitter:data1\" content=\"2 minutes\" \/>\n<script type=\"application\/ld+json\" class=\"yoast-schema-graph\">{\"@context\":\"https:\\\/\\\/schema.org\",\"@graph\":[{\"@type\":\"WebPage\",\"@id\":\"https:\\\/\\\/danielmartinezflamenco.com\\\/fr\\\/conditions-dutilisation\\\/\",\"url\":\"https:\\\/\\\/danielmartinezflamenco.com\\\/fr\\\/conditions-dutilisation\\\/\",\"name\":\"Conditions d\u2019utilisation - Daniel Martinez\",\"isPartOf\":{\"@id\":\"https:\\\/\\\/danielmartinezflamenco.com\\\/fr\\\/#website\"},\"datePublished\":\"2025-05-15T21:40:56+00:00\",\"breadcrumb\":{\"@id\":\"https:\\\/\\\/danielmartinezflamenco.com\\\/fr\\\/conditions-dutilisation\\\/#breadcrumb\"},\"inLanguage\":\"fr-FR\",\"potentialAction\":[{\"@type\":\"ReadAction\",\"target\":[\"https:\\\/\\\/danielmartinezflamenco.com\\\/fr\\\/conditions-dutilisation\\\/\"]}]},{\"@type\":\"BreadcrumbList\",\"@id\":\"https:\\\/\\\/danielmartinezflamenco.com\\\/fr\\\/conditions-dutilisation\\\/#breadcrumb\",\"itemListElement\":[{\"@type\":\"ListItem\",\"position\":1,\"name\":\"Portada\",\"item\":\"https:\\\/\\\/danielmartinezflamenco.com\\\/fr\\\/accueil\\\/\"},{\"@type\":\"ListItem\",\"position\":2,\"name\":\"Conditions d\u2019utilisation\"}]},{\"@type\":\"WebSite\",\"@id\":\"https:\\\/\\\/danielmartinezflamenco.com\\\/fr\\\/#website\",\"url\":\"https:\\\/\\\/danielmartinezflamenco.com\\\/fr\\\/\",\"name\":\"Daniel Martinez\",\"description\":\"Official Website\",\"publisher\":{\"@id\":\"https:\\\/\\\/danielmartinezflamenco.com\\\/fr\\\/#organization\"},\"potentialAction\":[{\"@type\":\"SearchAction\",\"target\":{\"@type\":\"EntryPoint\",\"urlTemplate\":\"https:\\\/\\\/danielmartinezflamenco.com\\\/fr\\\/?s={search_term_string}\"},\"query-input\":{\"@type\":\"PropertyValueSpecification\",\"valueRequired\":true,\"valueName\":\"search_term_string\"}}],\"inLanguage\":\"fr-FR\"},{\"@type\":\"Organization\",\"@id\":\"https:\\\/\\\/danielmartinezflamenco.com\\\/fr\\\/#organization\",\"name\":\"Fuzzy Wanderer\",\"url\":\"https:\\\/\\\/danielmartinezflamenco.com\\\/fr\\\/\",\"logo\":{\"@type\":\"ImageObject\",\"inLanguage\":\"fr-FR\",\"@id\":\"https:\\\/\\\/danielmartinezflamenco.com\\\/fr\\\/#\\\/schema\\\/logo\\\/image\\\/\",\"url\":\"\",\"contentUrl\":\"\",\"caption\":\"Fuzzy Wanderer\"},\"image\":{\"@id\":\"https:\\\/\\\/danielmartinezflamenco.com\\\/fr\\\/#\\\/schema\\\/logo\\\/image\\\/\"}}]}<\/script>\n<!-- \/ Yoast SEO plugin. -->","yoast_head_json":{"title":"Conditions d\u2019utilisation - Daniel Martinez","robots":{"index":"index","follow":"follow","max-snippet":"max-snippet:-1","max-image-preview":"max-image-preview:large","max-video-preview":"max-video-preview:-1"},"canonical":"https:\/\/danielmartinezflamenco.com\/fr\/conditions-dutilisation\/","og_locale":"fr_FR","og_type":"article","og_title":"Conditions d\u2019utilisation - Daniel Martinez","og_description":"Bienvenue sur notre site web. En continuant \u00e0 naviguer et \u00e0 utiliser ce site, vous acceptez de respecter et d\u2019\u00eatre li\u00e9 par les conditions g\u00e9n\u00e9rales d\u2019utilisation suivantes, qui, conjointement avec ... Leer m\u00e1s","og_url":"https:\/\/danielmartinezflamenco.com\/fr\/conditions-dutilisation\/","og_site_name":"Daniel Martinez","twitter_card":"summary_large_image","twitter_misc":{"Dur\u00e9e de lecture estim\u00e9e":"2 minutes"},"schema":{"@context":"https:\/\/schema.org","@graph":[{"@type":"WebPage","@id":"https:\/\/danielmartinezflamenco.com\/fr\/conditions-dutilisation\/","url":"https:\/\/danielmartinezflamenco.com\/fr\/conditions-dutilisation\/","name":"Conditions d\u2019utilisation - Daniel Martinez","isPartOf":{"@id":"https:\/\/danielmartinezflamenco.com\/fr\/#website"},"datePublished":"2025-05-15T21:40:56+00:00","breadcrumb":{"@id":"https:\/\/danielmartinezflamenco.com\/fr\/conditions-dutilisation\/#breadcrumb"},"inLanguage":"fr-FR","potentialAction":[{"@type":"ReadAction","target":["https:\/\/danielmartinezflamenco.com\/fr\/conditions-dutilisation\/"]}]},{"@type":"BreadcrumbList","@id":"https:\/\/danielmartinezflamenco.com\/fr\/conditions-dutilisation\/#breadcrumb","itemListElement":[{"@type":"ListItem","position":1,"name":"Portada","item":"https:\/\/danielmartinezflamenco.com\/fr\/accueil\/"},{"@type":"ListItem","position":2,"name":"Conditions d\u2019utilisation"}]},{"@type":"WebSite","@id":"https:\/\/danielmartinezflamenco.com\/fr\/#website","url":"https:\/\/danielmartinezflamenco.com\/fr\/","name":"Daniel Martinez","description":"Official Website","publisher":{"@id":"https:\/\/danielmartinezflamenco.com\/fr\/#organization"},"potentialAction":[{"@type":"SearchAction","target":{"@type":"EntryPoint","urlTemplate":"https:\/\/danielmartinezflamenco.com\/fr\/?s={search_term_string}"},"query-input":{"@type":"PropertyValueSpecification","valueRequired":true,"valueName":"search_term_string"}}],"inLanguage":"fr-FR"},{"@type":"Organization","@id":"https:\/\/danielmartinezflamenco.com\/fr\/#organization","name":"Fuzzy Wanderer","url":"https:\/\/danielmartinezflamenco.com\/fr\/","logo":{"@type":"ImageObject","inLanguage":"fr-FR","@id":"https:\/\/danielmartinezflamenco.com\/fr\/#\/schema\/logo\/image\/","url":"","contentUrl":"","caption":"Fuzzy Wanderer"},"image":{"@id":"https:\/\/danielmartinezflamenco.com\/fr\/#\/schema\/logo\/image\/"}}]}},"_links":{"self":[{"href":"https:\/\/danielmartinezflamenco.com\/fr\/wp-json\/wp\/v2\/pages\/66341","targetHints":{"allow":["GET"]}}],"collection":[{"href":"https:\/\/danielmartinezflamenco.com\/fr\/wp-json\/wp\/v2\/pages"}],"about":[{"href":"https:\/\/danielmartinezflamenco.com\/fr\/wp-json\/wp\/v2\/types\/page"}],"author":[{"embeddable":true,"href":"https:\/\/danielmartinezflamenco.com\/fr\/wp-json\/wp\/v2\/users\/1"}],"replies":[{"embeddable":true,"href":"https:\/\/danielmartinezflamenco.com\/fr\/wp-json\/wp\/v2\/comments?post=66341"}],"version-history":[{"count":0,"href":"https:\/\/danielmartinezflamenco.com\/fr\/wp-json\/wp\/v2\/pages\/66341\/revisions"}],"wp:attachment":[{"href":"https:\/\/danielmartinezflamenco.com\/fr\/wp-json\/wp\/v2\/media?parent=66341"}],"curies":[{"name":"wp","href":"https:\/\/api.w.org\/{rel}","templated":true}]}}