{"id":66373,"date":"2025-05-15T23:07:00","date_gmt":"2025-05-15T22:07:00","guid":{"rendered":"https:\/\/danielmartinezflamenco.com\/medias-andalucia\/"},"modified":"2025-05-15T23:07:01","modified_gmt":"2025-05-15T22:07:01","slug":"medias-andalucia","status":"publish","type":"page","link":"https:\/\/danielmartinezflamenco.com\/fr\/medias-andalucia\/","title":{"rendered":"M\u00e9dias (Andalucia)"},"content":{"rendered":"\t\t<div data-elementor-type=\"wp-post\" data-elementor-id=\"66373\" class=\"elementor elementor-66373 elementor-14546\" data-elementor-post-type=\"page\">\n\t\t\t\t\t\t<section class=\"elementor-section elementor-top-section elementor-element elementor-element-bd053a3 elementor-section-boxed elementor-section-height-default elementor-section-height-default\" data-id=\"bd053a3\" data-element_type=\"section\" data-e-type=\"section\">\n\t\t\t\t\t\t<div class=\"elementor-container elementor-column-gap-default\">\n\t\t\t\t\t<div class=\"elementor-column elementor-col-100 elementor-top-column elementor-element elementor-element-3357537\" data-id=\"3357537\" data-element_type=\"column\" data-e-type=\"column\">\n\t\t\t<div class=\"elementor-widget-wrap elementor-element-populated\">\n\t\t\t\t\t\t<div class=\"elementor-element elementor-element-dde3baa elementor-widget elementor-widget-heading\" data-id=\"dde3baa\" data-element_type=\"widget\" data-e-type=\"widget\" data-widget_type=\"heading.default\">\n\t\t\t\t<div class=\"elementor-widget-container\">\n\t\t\t\t\t<h1 class=\"elementor-heading-title elementor-size-default\">M\u00e9dias<\/h1>\t\t\t\t<\/div>\n\t\t\t\t<\/div>\n\t\t\t\t\t<\/div>\n\t\t<\/div>\n\t\t\t\t\t<\/div>\n\t\t<\/section>\n\t\t\t\t<section class=\"elementor-section elementor-top-section elementor-element elementor-element-7357d4a elementor-section-boxed elementor-section-height-default elementor-section-height-default\" data-id=\"7357d4a\" data-element_type=\"section\" data-e-type=\"section\">\n\t\t\t\t\t\t<div class=\"elementor-container elementor-column-gap-default\">\n\t\t\t\t\t<div class=\"elementor-column elementor-col-100 elementor-top-column elementor-element elementor-element-0e8bd4c\" data-id=\"0e8bd4c\" data-element_type=\"column\" data-e-type=\"column\">\n\t\t\t<div class=\"elementor-widget-wrap elementor-element-populated\">\n\t\t\t\t\t\t<div class=\"elementor-element elementor-element-6bb2542 elementor-widget elementor-widget-heading\" data-id=\"6bb2542\" data-element_type=\"widget\" data-e-type=\"widget\" data-widget_type=\"heading.default\">\n\t\t\t\t<div class=\"elementor-widget-container\">\n\t\t\t\t\t<h2 class=\"elementor-heading-title elementor-size-default\">Bande-annonce d\u2019Andalucia<\/h2>\t\t\t\t<\/div>\n\t\t\t\t<\/div>\n\t\t\t\t\t<\/div>\n\t\t<\/div>\n\t\t\t\t\t<\/div>\n\t\t<\/section>\n\t\t\t\t<section class=\"elementor-section elementor-top-section elementor-element elementor-element-f14dfbd elementor-section-boxed elementor-section-height-default elementor-section-height-default\" data-id=\"f14dfbd\" data-element_type=\"section\" data-e-type=\"section\">\n\t\t\t\t\t\t<div class=\"elementor-container elementor-column-gap-default\">\n\t\t\t\t\t<div class=\"elementor-column elementor-col-100 elementor-top-column elementor-element elementor-element-73ed3a2\" data-id=\"73ed3a2\" data-element_type=\"column\" data-e-type=\"column\">\n\t\t\t<div class=\"elementor-widget-wrap elementor-element-populated\">\n\t\t\t\t\t\t<div class=\"elementor-element elementor-element-d45ce0a elementor-widget elementor-widget-video\" data-id=\"d45ce0a\" data-element_type=\"widget\" data-e-type=\"widget\" data-settings=\"{&quot;youtube_url&quot;:&quot;https:\\\/\\\/www.youtube.com\\\/watch?v=_XedUKZdrHQ&quot;,&quot;video_type&quot;:&quot;youtube&quot;,&quot;controls&quot;:&quot;yes&quot;}\" data-widget_type=\"video.default\">\n\t\t\t\t<div class=\"elementor-widget-container\">\n\t\t\t\t\t\t\t<div class=\"elementor-wrapper elementor-open-inline\">\n\t\t\t<div class=\"elementor-video\"><\/div>\t\t<\/div>\n\t\t\t\t\t\t<\/div>\n\t\t\t\t<\/div>\n\t\t\t\t\t<\/div>\n\t\t<\/div>\n\t\t\t\t\t<\/div>\n\t\t<\/section>\n\t\t\t\t<\/div>\n\t\t","protected":false},"excerpt":{"rendered":"<p>M\u00e9dias Bande-annonce d\u2019Andalucia<\/p>\n","protected":false},"author":1,"featured_media":0,"parent":0,"menu_order":0,"comment_status":"closed","ping_status":"closed","template":"","meta":{"footnotes":""},"class_list":["post-66373","page","type-page","status-publish"],"yoast_head":"<!-- This site is optimized with the Yoast SEO plugin v27.4 - https:\/\/yoast.com\/product\/yoast-seo-wordpress\/ -->\n<title>M\u00e9dias (Andalucia) - Daniel Martinez<\/title>\n<meta name=\"description\" content=\"Vid\u00e9os, bandes-annonces, apparitions \u00e0 la radio et \u00e0 la t\u00e9l\u00e9vision de la Daniel Martinez Flamenco Company.\" \/>\n<meta name=\"robots\" content=\"index, follow, max-snippet:-1, max-image-preview:large, max-video-preview:-1\" \/>\n<link rel=\"canonical\" href=\"https:\/\/danielmartinezflamenco.com\/fr\/medias-andalucia\/\" \/>\n<meta property=\"og:locale\" content=\"fr_FR\" \/>\n<meta property=\"og:type\" content=\"article\" \/>\n<meta property=\"og:title\" content=\"M\u00e9dias (Andalucia) - Daniel Martinez\" \/>\n<meta property=\"og:description\" content=\"Vid\u00e9os, bandes-annonces, apparitions \u00e0 la radio et \u00e0 la t\u00e9l\u00e9vision de la Daniel Martinez Flamenco Company.\" \/>\n<meta property=\"og:url\" content=\"https:\/\/danielmartinezflamenco.com\/fr\/medias-andalucia\/\" \/>\n<meta property=\"og:site_name\" content=\"Daniel Martinez\" \/>\n<meta property=\"article:modified_time\" content=\"2025-05-15T22:07:01+00:00\" \/>\n<meta name=\"twitter:card\" content=\"summary_large_image\" \/>\n<script type=\"application\/ld+json\" class=\"yoast-schema-graph\">{\"@context\":\"https:\\\/\\\/schema.org\",\"@graph\":[{\"@type\":\"WebPage\",\"@id\":\"https:\\\/\\\/danielmartinezflamenco.com\\\/fr\\\/medias-andalucia\\\/\",\"url\":\"https:\\\/\\\/danielmartinezflamenco.com\\\/fr\\\/medias-andalucia\\\/\",\"name\":\"M\u00e9dias (Andalucia) - Daniel Martinez\",\"isPartOf\":{\"@id\":\"https:\\\/\\\/danielmartinezflamenco.com\\\/fr\\\/#website\"},\"datePublished\":\"2025-05-15T22:07:00+00:00\",\"dateModified\":\"2025-05-15T22:07:01+00:00\",\"description\":\"Vid\u00e9os, bandes-annonces, apparitions \u00e0 la radio et \u00e0 la t\u00e9l\u00e9vision de la Daniel Martinez Flamenco Company.\",\"breadcrumb\":{\"@id\":\"https:\\\/\\\/danielmartinezflamenco.com\\\/fr\\\/medias-andalucia\\\/#breadcrumb\"},\"inLanguage\":\"fr-FR\",\"potentialAction\":[{\"@type\":\"ReadAction\",\"target\":[\"https:\\\/\\\/danielmartinezflamenco.com\\\/fr\\\/medias-andalucia\\\/\"]}]},{\"@type\":\"BreadcrumbList\",\"@id\":\"https:\\\/\\\/danielmartinezflamenco.com\\\/fr\\\/medias-andalucia\\\/#breadcrumb\",\"itemListElement\":[{\"@type\":\"ListItem\",\"position\":1,\"name\":\"Portada\",\"item\":\"https:\\\/\\\/danielmartinezflamenco.com\\\/fr\\\/accueil\\\/\"},{\"@type\":\"ListItem\",\"position\":2,\"name\":\"M\u00e9dias (Andalucia)\"}]},{\"@type\":\"WebSite\",\"@id\":\"https:\\\/\\\/danielmartinezflamenco.com\\\/fr\\\/#website\",\"url\":\"https:\\\/\\\/danielmartinezflamenco.com\\\/fr\\\/\",\"name\":\"Daniel Martinez\",\"description\":\"Official Website\",\"publisher\":{\"@id\":\"https:\\\/\\\/danielmartinezflamenco.com\\\/fr\\\/#organization\"},\"potentialAction\":[{\"@type\":\"SearchAction\",\"target\":{\"@type\":\"EntryPoint\",\"urlTemplate\":\"https:\\\/\\\/danielmartinezflamenco.com\\\/fr\\\/?s={search_term_string}\"},\"query-input\":{\"@type\":\"PropertyValueSpecification\",\"valueRequired\":true,\"valueName\":\"search_term_string\"}}],\"inLanguage\":\"fr-FR\"},{\"@type\":\"Organization\",\"@id\":\"https:\\\/\\\/danielmartinezflamenco.com\\\/fr\\\/#organization\",\"name\":\"Fuzzy Wanderer\",\"url\":\"https:\\\/\\\/danielmartinezflamenco.com\\\/fr\\\/\",\"logo\":{\"@type\":\"ImageObject\",\"inLanguage\":\"fr-FR\",\"@id\":\"https:\\\/\\\/danielmartinezflamenco.com\\\/fr\\\/#\\\/schema\\\/logo\\\/image\\\/\",\"url\":\"\",\"contentUrl\":\"\",\"caption\":\"Fuzzy Wanderer\"},\"image\":{\"@id\":\"https:\\\/\\\/danielmartinezflamenco.com\\\/fr\\\/#\\\/schema\\\/logo\\\/image\\\/\"}}]}<\/script>\n<!-- \/ Yoast SEO plugin. -->","yoast_head_json":{"title":"M\u00e9dias (Andalucia) - Daniel Martinez","description":"Vid\u00e9os, bandes-annonces, apparitions \u00e0 la radio et \u00e0 la t\u00e9l\u00e9vision de la Daniel Martinez Flamenco Company.","robots":{"index":"index","follow":"follow","max-snippet":"max-snippet:-1","max-image-preview":"max-image-preview:large","max-video-preview":"max-video-preview:-1"},"canonical":"https:\/\/danielmartinezflamenco.com\/fr\/medias-andalucia\/","og_locale":"fr_FR","og_type":"article","og_title":"M\u00e9dias (Andalucia) - Daniel Martinez","og_description":"Vid\u00e9os, bandes-annonces, apparitions \u00e0 la radio et \u00e0 la t\u00e9l\u00e9vision de la Daniel Martinez Flamenco Company.","og_url":"https:\/\/danielmartinezflamenco.com\/fr\/medias-andalucia\/","og_site_name":"Daniel Martinez","article_modified_time":"2025-05-15T22:07:01+00:00","twitter_card":"summary_large_image","schema":{"@context":"https:\/\/schema.org","@graph":[{"@type":"WebPage","@id":"https:\/\/danielmartinezflamenco.com\/fr\/medias-andalucia\/","url":"https:\/\/danielmartinezflamenco.com\/fr\/medias-andalucia\/","name":"M\u00e9dias (Andalucia) - Daniel Martinez","isPartOf":{"@id":"https:\/\/danielmartinezflamenco.com\/fr\/#website"},"datePublished":"2025-05-15T22:07:00+00:00","dateModified":"2025-05-15T22:07:01+00:00","description":"Vid\u00e9os, bandes-annonces, apparitions \u00e0 la radio et \u00e0 la t\u00e9l\u00e9vision de la Daniel Martinez Flamenco Company.","breadcrumb":{"@id":"https:\/\/danielmartinezflamenco.com\/fr\/medias-andalucia\/#breadcrumb"},"inLanguage":"fr-FR","potentialAction":[{"@type":"ReadAction","target":["https:\/\/danielmartinezflamenco.com\/fr\/medias-andalucia\/"]}]},{"@type":"BreadcrumbList","@id":"https:\/\/danielmartinezflamenco.com\/fr\/medias-andalucia\/#breadcrumb","itemListElement":[{"@type":"ListItem","position":1,"name":"Portada","item":"https:\/\/danielmartinezflamenco.com\/fr\/accueil\/"},{"@type":"ListItem","position":2,"name":"M\u00e9dias (Andalucia)"}]},{"@type":"WebSite","@id":"https:\/\/danielmartinezflamenco.com\/fr\/#website","url":"https:\/\/danielmartinezflamenco.com\/fr\/","name":"Daniel Martinez","description":"Official Website","publisher":{"@id":"https:\/\/danielmartinezflamenco.com\/fr\/#organization"},"potentialAction":[{"@type":"SearchAction","target":{"@type":"EntryPoint","urlTemplate":"https:\/\/danielmartinezflamenco.com\/fr\/?s={search_term_string}"},"query-input":{"@type":"PropertyValueSpecification","valueRequired":true,"valueName":"search_term_string"}}],"inLanguage":"fr-FR"},{"@type":"Organization","@id":"https:\/\/danielmartinezflamenco.com\/fr\/#organization","name":"Fuzzy Wanderer","url":"https:\/\/danielmartinezflamenco.com\/fr\/","logo":{"@type":"ImageObject","inLanguage":"fr-FR","@id":"https:\/\/danielmartinezflamenco.com\/fr\/#\/schema\/logo\/image\/","url":"","contentUrl":"","caption":"Fuzzy Wanderer"},"image":{"@id":"https:\/\/danielmartinezflamenco.com\/fr\/#\/schema\/logo\/image\/"}}]}},"_links":{"self":[{"href":"https:\/\/danielmartinezflamenco.com\/fr\/wp-json\/wp\/v2\/pages\/66373","targetHints":{"allow":["GET"]}}],"collection":[{"href":"https:\/\/danielmartinezflamenco.com\/fr\/wp-json\/wp\/v2\/pages"}],"about":[{"href":"https:\/\/danielmartinezflamenco.com\/fr\/wp-json\/wp\/v2\/types\/page"}],"author":[{"embeddable":true,"href":"https:\/\/danielmartinezflamenco.com\/fr\/wp-json\/wp\/v2\/users\/1"}],"replies":[{"embeddable":true,"href":"https:\/\/danielmartinezflamenco.com\/fr\/wp-json\/wp\/v2\/comments?post=66373"}],"version-history":[{"count":0,"href":"https:\/\/danielmartinezflamenco.com\/fr\/wp-json\/wp\/v2\/pages\/66373\/revisions"}],"wp:attachment":[{"href":"https:\/\/danielmartinezflamenco.com\/fr\/wp-json\/wp\/v2\/media?parent=66373"}],"curies":[{"name":"wp","href":"https:\/\/api.w.org\/{rel}","templated":true}]}}