{"id":93630,"date":"2026-01-29T15:08:40","date_gmt":"2026-01-29T15:08:40","guid":{"rendered":"https:\/\/danielmartinezflamenco.com\/?post_type=product&#038;p=93630"},"modified":"2026-03-11T22:19:00","modified_gmt":"2026-03-11T22:19:00","slug":"art-of-andalucia-flamenco-tanz-kaiser-friedrich-halle-monchengladbach-18-novembre-2026-20h00","status":"publish","type":"product","link":"https:\/\/danielmartinezflamenco.com\/fr\/shop\/events-fr\/art-of-andalucia-flamenco-tanz-kaiser-friedrich-halle-monchengladbach-18-novembre-2026-20h00\/","title":{"rendered":"Art of Andalucia | FLAMENCO-TANZ &#8211; Kaiser-Friedrich-Halle, M\u00f6nchengladbach \u2013 18 novembre 2026 20h00"},"content":{"rendered":"<p>Apr\u00e8s le succ\u00e8s de ses deux premi\u00e8res productions, ayant attir\u00e9 plus de 120000 spectateurs au Royaume-Uni, en Irlande, aux Pays-Bas, en Belgique et en Allemagne ces deux derni\u00e8res ann\u00e9es, Daniel Martinez revient avec un nouveau spectacle d\u00e9di\u00e9 \u00e0 la danse flamenco. \u00abART OF ANDALUCIA\u00bb se concentre sur lart chor\u00e9graphique, offrant une exp\u00e9rience intense o\u00f9 les danseurs subliment la passion et l\u00e9nergie de lAndalousie. Daniel y pr\u00e9sentera \u00e9galement des extraits in\u00e9dits de son troisi\u00e8me album tr\u00e8s attendu.  <\/p>\n<p>Lune des stars de cette production est le danseur de renomm\u00e9e mondiale Angel Reyes, membre cl\u00e9 de la compagnie de Manuel Li\u00f1\u00e1n et, pendant de nombreuses ann\u00e9es, second danseur de la compagnie de Jes\u00fas Carmona. La technique impeccable dAngel, son talent et sa passion ardente captiveront le public, faisant de ce spectacle une exp\u00e9rience culturelle inoubliable. Sa pr\u00e9sence sc\u00e9nique puissante et son expressivit\u00e9 artistique apportent une \u00e9nergie \u00e9lectrisante sur sc\u00e8ne.  <\/p>\n<p>Aux c\u00f4t\u00e9s dAngel se trouve Gabriela Pouso, danseuse principale de la Daniel Martinez Flamenco Company. Gabriela a largement contribu\u00e9 au succ\u00e8s de la compagnie et sest produite sur les sc\u00e8nes les plus prestigieuses du Royaume-Uni. Ses performances, empreintes d\u00e9l\u00e9gance, de gr\u00e2ce, de talent et dintensit\u00e9, t\u00e9moignent dune technique exceptionnelle qui envo\u00fbte le public \u00e0 chaque mouvement.  <\/p>\n<p>Les danseurs se produisent sur des compositions originales de Daniel Martinez, cr\u00e9\u00e9es sp\u00e9cialement pour ce spectacle. La performance est enrichie par le chant impressionnant dInma Montero et de Danielo Olivera, ainsi que par les rythmes du percussionniste Julian Ticotico. Ensemble, ils cr\u00e9ent une nuit de flamenco inoubliable o\u00f9 musique et danse fusionnent \u00e0 la perfection.  <\/p>\n<p>\u00abART OF ANDALUCIA\u00bb est une c\u00e9l\u00e9bration de la danse flamenco  un voyage vibrant au c\u0153ur de lAndalousie, o\u00f9 la tradition et la passion du flamenco prennent vie \u00e0 travers des chor\u00e9graphies impressionnantes et des performances puissantes.<\/p>\n<p style=\"text-align: center;\"><iframe title=\"Lecteur vid\u00e9o YouTube\" src=\"https:\/\/www.youtube.com\/embed\/qIrvDyd1CO8?si=xCsvkyqm2Z1lm7dL\" width=\"560\" height=\"315\" frameborder=\"0\" allowfullscreen=\"allowfullscreen\"><\/iframe><\/p>\n<hr>\n<h2>D\u00e9tails de l&rsquo;\u00e9v\u00e9nement&nbsp;:<\/h2>\n<p><strong>Date&nbsp;:<\/strong> 18\/11\/2026<br \/>\n<strong>D\u00e9but&nbsp;:<\/strong> 20h00<br \/>\n<strong>Fin&nbsp;:<\/strong> 21h45<br \/>\n<strong>Lieu&nbsp;:<\/strong> Kaiser-Friedrich-Halle, M\u00f6nchengladbach<br \/>\n<strong>Itin\u00e9raire&nbsp;:<\/strong> Hohenzollernstra\u00dfe 15, 41061 M\u00f6nchengladbach, Allemagne<br \/>\n<strong>T\u00e9l\u00e9phone&nbsp;:<\/strong> +44 7533 177057<br \/>\n<strong>E-mail&nbsp;:<\/strong> support@danielmartinezflamenco.com<br \/>\n<strong>Site web&nbsp;:<\/strong> <a href=\"https:\/\/www.kaiser-friedrich-halle.de\/\" target=\"_blank\" rel=\"noopener\">https:\/\/www.kaiser-friedrich-halle.de\/<\/a><\/p>\n","protected":false},"excerpt":{"rendered":"<p><span style=\"font-size: 14pt;\">\u00ab&nbsp;ART OF ANDALUCIA&nbsp;\u00bb de Daniel Martinez est un concert de flamenco avec sa musique ainsi que des danseurs et musiciens de renom et offre une exp\u00e9rience culturelle intense d&rsquo;Andalousie.<\/span><\/p>\n","protected":false},"author":1,"featured_media":91575,"template":"","meta":[],"product_brand":[],"product_cat":[139],"product_tag":[],"class_list":{"0":"post-93630","1":"product","2":"type-product","3":"status-publish","4":"has-post-thumbnail","6":"product_cat-events-fr","7":"","8":"woocommerce-text-align-center","9":"woocommerce-image-align-center","10":"do-quantity-buttons","12":"first","13":"instock","14":"purchasable","15":"product-type-simple"},"yoast_head":"<!-- This site is optimized with the Yoast SEO plugin v27.4 - https:\/\/yoast.com\/product\/yoast-seo-wordpress\/ -->\n<title>Art of Andalucia | FLAMENCO-TANZ - Kaiser-Friedrich-Halle, M\u00f6nchengladbach \u2013 18 novembre 2026 20h00 - Daniel Martinez<\/title>\n<meta name=\"robots\" content=\"index, follow, max-snippet:-1, max-image-preview:large, max-video-preview:-1\" \/>\n<link rel=\"canonical\" href=\"https:\/\/danielmartinezflamenco.com\/fr\/shop\/events-fr\/art-of-andalucia-flamenco-tanz-kaiser-friedrich-halle-monchengladbach-18-novembre-2026-20h00\/\" \/>\n<meta property=\"og:locale\" content=\"fr_FR\" \/>\n<meta property=\"og:type\" content=\"article\" \/>\n<meta property=\"og:title\" content=\"Art of Andalucia | FLAMENCO-TANZ - Kaiser-Friedrich-Halle, M\u00f6nchengladbach \u2013 18 novembre 2026 20h00 - Daniel Martinez\" \/>\n<meta property=\"og:description\" content=\"\u00ab&nbsp;ART OF ANDALUCIA&nbsp;\u00bb de Daniel Martinez est un concert de flamenco avec sa musique ainsi que des danseurs et musiciens de renom et offre une exp\u00e9rience culturelle intense d&#039;Andalousie.\" \/>\n<meta property=\"og:url\" content=\"https:\/\/danielmartinezflamenco.com\/fr\/shop\/events-fr\/art-of-andalucia-flamenco-tanz-kaiser-friedrich-halle-monchengladbach-18-novembre-2026-20h00\/\" \/>\n<meta property=\"og:site_name\" content=\"Daniel Martinez\" \/>\n<meta property=\"article:modified_time\" content=\"2026-03-11T22:19:00+00:00\" \/>\n<meta property=\"og:image\" content=\"https:\/\/danielmartinezflamenco.com\/wp-content\/uploads\/2026\/01\/tour-2026-art-of-andalucia-daniel-martinez-flamenco-compnay.png\" \/>\n\t<meta property=\"og:image:width\" content=\"656\" \/>\n\t<meta property=\"og:image:height\" content=\"412\" \/>\n\t<meta property=\"og:image:type\" content=\"image\/png\" \/>\n<meta name=\"twitter:card\" content=\"summary_large_image\" \/>\n<meta name=\"twitter:label1\" content=\"Dur\u00e9e de lecture estim\u00e9e\" \/>\n\t<meta name=\"twitter:data1\" content=\"2 minutes\" \/>\n<script type=\"application\/ld+json\" class=\"yoast-schema-graph\">{\"@context\":\"https:\\\/\\\/schema.org\",\"@graph\":[{\"@type\":\"WebPage\",\"@id\":\"https:\\\/\\\/danielmartinezflamenco.com\\\/fr\\\/shop\\\/events-fr\\\/art-of-andalucia-flamenco-tanz-kaiser-friedrich-halle-monchengladbach-18-novembre-2026-20h00\\\/\",\"url\":\"https:\\\/\\\/danielmartinezflamenco.com\\\/fr\\\/shop\\\/events-fr\\\/art-of-andalucia-flamenco-tanz-kaiser-friedrich-halle-monchengladbach-18-novembre-2026-20h00\\\/\",\"name\":\"Art of Andalucia | FLAMENCO-TANZ - Kaiser-Friedrich-Halle, M\u00f6nchengladbach \u2013 18 novembre 2026 20h00 - Daniel Martinez\",\"isPartOf\":{\"@id\":\"https:\\\/\\\/danielmartinezflamenco.com\\\/fr\\\/#website\"},\"primaryImageOfPage\":{\"@id\":\"https:\\\/\\\/danielmartinezflamenco.com\\\/fr\\\/shop\\\/events-fr\\\/art-of-andalucia-flamenco-tanz-kaiser-friedrich-halle-monchengladbach-18-novembre-2026-20h00\\\/#primaryimage\"},\"image\":{\"@id\":\"https:\\\/\\\/danielmartinezflamenco.com\\\/fr\\\/shop\\\/events-fr\\\/art-of-andalucia-flamenco-tanz-kaiser-friedrich-halle-monchengladbach-18-novembre-2026-20h00\\\/#primaryimage\"},\"thumbnailUrl\":\"https:\\\/\\\/dmfc.b-cdn.net\\\/wp-content\\\/uploads\\\/2026\\\/01\\\/tour-2026-art-of-andalucia-daniel-martinez-flamenco-compnay.png\",\"datePublished\":\"2026-01-29T15:08:40+00:00\",\"dateModified\":\"2026-03-11T22:19:00+00:00\",\"breadcrumb\":{\"@id\":\"https:\\\/\\\/danielmartinezflamenco.com\\\/fr\\\/shop\\\/events-fr\\\/art-of-andalucia-flamenco-tanz-kaiser-friedrich-halle-monchengladbach-18-novembre-2026-20h00\\\/#breadcrumb\"},\"inLanguage\":\"fr-FR\",\"potentialAction\":[{\"@type\":\"ReadAction\",\"target\":[\"https:\\\/\\\/danielmartinezflamenco.com\\\/fr\\\/shop\\\/events-fr\\\/art-of-andalucia-flamenco-tanz-kaiser-friedrich-halle-monchengladbach-18-novembre-2026-20h00\\\/\"]}]},{\"@type\":\"ImageObject\",\"inLanguage\":\"fr-FR\",\"@id\":\"https:\\\/\\\/danielmartinezflamenco.com\\\/fr\\\/shop\\\/events-fr\\\/art-of-andalucia-flamenco-tanz-kaiser-friedrich-halle-monchengladbach-18-novembre-2026-20h00\\\/#primaryimage\",\"url\":\"https:\\\/\\\/dmfc.b-cdn.net\\\/wp-content\\\/uploads\\\/2026\\\/01\\\/tour-2026-art-of-andalucia-daniel-martinez-flamenco-compnay.png\",\"contentUrl\":\"https:\\\/\\\/dmfc.b-cdn.net\\\/wp-content\\\/uploads\\\/2026\\\/01\\\/tour-2026-art-of-andalucia-daniel-martinez-flamenco-compnay.png\",\"width\":656,\"height\":412},{\"@type\":\"BreadcrumbList\",\"@id\":\"https:\\\/\\\/danielmartinezflamenco.com\\\/fr\\\/shop\\\/events-fr\\\/art-of-andalucia-flamenco-tanz-kaiser-friedrich-halle-monchengladbach-18-novembre-2026-20h00\\\/#breadcrumb\",\"itemListElement\":[{\"@type\":\"ListItem\",\"position\":1,\"name\":\"Portada\",\"item\":\"https:\\\/\\\/danielmartinezflamenco.com\\\/fr\\\/accueil\\\/\"},{\"@type\":\"ListItem\",\"position\":2,\"name\":\"Woocommerce_Internal\",\"item\":\"https:\\\/\\\/danielmartinezflamenco.com\\\/woocommerce_internal\\\/\"},{\"@type\":\"ListItem\",\"position\":3,\"name\":\"Art of Andalucia | FLAMENCO-TANZ &#8211; Kaiser-Friedrich-Halle, M\u00f6nchengladbach \u2013 18 novembre 2026 20h00\"}]},{\"@type\":\"WebSite\",\"@id\":\"https:\\\/\\\/danielmartinezflamenco.com\\\/fr\\\/#website\",\"url\":\"https:\\\/\\\/danielmartinezflamenco.com\\\/fr\\\/\",\"name\":\"Daniel Martinez\",\"description\":\"Official Website\",\"publisher\":{\"@id\":\"https:\\\/\\\/danielmartinezflamenco.com\\\/fr\\\/#organization\"},\"potentialAction\":[{\"@type\":\"SearchAction\",\"target\":{\"@type\":\"EntryPoint\",\"urlTemplate\":\"https:\\\/\\\/danielmartinezflamenco.com\\\/fr\\\/?s={search_term_string}\"},\"query-input\":{\"@type\":\"PropertyValueSpecification\",\"valueRequired\":true,\"valueName\":\"search_term_string\"}}],\"inLanguage\":\"fr-FR\"},{\"@type\":\"Organization\",\"@id\":\"https:\\\/\\\/danielmartinezflamenco.com\\\/fr\\\/#organization\",\"name\":\"Fuzzy Wanderer\",\"url\":\"https:\\\/\\\/danielmartinezflamenco.com\\\/fr\\\/\",\"logo\":{\"@type\":\"ImageObject\",\"inLanguage\":\"fr-FR\",\"@id\":\"https:\\\/\\\/danielmartinezflamenco.com\\\/fr\\\/#\\\/schema\\\/logo\\\/image\\\/\",\"url\":\"\",\"contentUrl\":\"\",\"caption\":\"Fuzzy Wanderer\"},\"image\":{\"@id\":\"https:\\\/\\\/danielmartinezflamenco.com\\\/fr\\\/#\\\/schema\\\/logo\\\/image\\\/\"}}]}<\/script>\n<!-- \/ Yoast SEO plugin. -->","yoast_head_json":{"title":"Art of Andalucia | FLAMENCO-TANZ - Kaiser-Friedrich-Halle, M\u00f6nchengladbach \u2013 18 novembre 2026 20h00 - Daniel Martinez","robots":{"index":"index","follow":"follow","max-snippet":"max-snippet:-1","max-image-preview":"max-image-preview:large","max-video-preview":"max-video-preview:-1"},"canonical":"https:\/\/danielmartinezflamenco.com\/fr\/shop\/events-fr\/art-of-andalucia-flamenco-tanz-kaiser-friedrich-halle-monchengladbach-18-novembre-2026-20h00\/","og_locale":"fr_FR","og_type":"article","og_title":"Art of Andalucia | FLAMENCO-TANZ - Kaiser-Friedrich-Halle, M\u00f6nchengladbach \u2013 18 novembre 2026 20h00 - Daniel Martinez","og_description":"\u00ab&nbsp;ART OF ANDALUCIA&nbsp;\u00bb de Daniel Martinez est un concert de flamenco avec sa musique ainsi que des danseurs et musiciens de renom et offre une exp\u00e9rience culturelle intense d'Andalousie.","og_url":"https:\/\/danielmartinezflamenco.com\/fr\/shop\/events-fr\/art-of-andalucia-flamenco-tanz-kaiser-friedrich-halle-monchengladbach-18-novembre-2026-20h00\/","og_site_name":"Daniel Martinez","article_modified_time":"2026-03-11T22:19:00+00:00","og_image":[{"width":656,"height":412,"url":"https:\/\/danielmartinezflamenco.com\/wp-content\/uploads\/2026\/01\/tour-2026-art-of-andalucia-daniel-martinez-flamenco-compnay.png","type":"image\/png"}],"twitter_card":"summary_large_image","twitter_misc":{"Dur\u00e9e de lecture estim\u00e9e":"2 minutes"},"schema":{"@context":"https:\/\/schema.org","@graph":[{"@type":"WebPage","@id":"https:\/\/danielmartinezflamenco.com\/fr\/shop\/events-fr\/art-of-andalucia-flamenco-tanz-kaiser-friedrich-halle-monchengladbach-18-novembre-2026-20h00\/","url":"https:\/\/danielmartinezflamenco.com\/fr\/shop\/events-fr\/art-of-andalucia-flamenco-tanz-kaiser-friedrich-halle-monchengladbach-18-novembre-2026-20h00\/","name":"Art of Andalucia | FLAMENCO-TANZ - Kaiser-Friedrich-Halle, M\u00f6nchengladbach \u2013 18 novembre 2026 20h00 - Daniel Martinez","isPartOf":{"@id":"https:\/\/danielmartinezflamenco.com\/fr\/#website"},"primaryImageOfPage":{"@id":"https:\/\/danielmartinezflamenco.com\/fr\/shop\/events-fr\/art-of-andalucia-flamenco-tanz-kaiser-friedrich-halle-monchengladbach-18-novembre-2026-20h00\/#primaryimage"},"image":{"@id":"https:\/\/danielmartinezflamenco.com\/fr\/shop\/events-fr\/art-of-andalucia-flamenco-tanz-kaiser-friedrich-halle-monchengladbach-18-novembre-2026-20h00\/#primaryimage"},"thumbnailUrl":"https:\/\/dmfc.b-cdn.net\/wp-content\/uploads\/2026\/01\/tour-2026-art-of-andalucia-daniel-martinez-flamenco-compnay.png","datePublished":"2026-01-29T15:08:40+00:00","dateModified":"2026-03-11T22:19:00+00:00","breadcrumb":{"@id":"https:\/\/danielmartinezflamenco.com\/fr\/shop\/events-fr\/art-of-andalucia-flamenco-tanz-kaiser-friedrich-halle-monchengladbach-18-novembre-2026-20h00\/#breadcrumb"},"inLanguage":"fr-FR","potentialAction":[{"@type":"ReadAction","target":["https:\/\/danielmartinezflamenco.com\/fr\/shop\/events-fr\/art-of-andalucia-flamenco-tanz-kaiser-friedrich-halle-monchengladbach-18-novembre-2026-20h00\/"]}]},{"@type":"ImageObject","inLanguage":"fr-FR","@id":"https:\/\/danielmartinezflamenco.com\/fr\/shop\/events-fr\/art-of-andalucia-flamenco-tanz-kaiser-friedrich-halle-monchengladbach-18-novembre-2026-20h00\/#primaryimage","url":"https:\/\/dmfc.b-cdn.net\/wp-content\/uploads\/2026\/01\/tour-2026-art-of-andalucia-daniel-martinez-flamenco-compnay.png","contentUrl":"https:\/\/dmfc.b-cdn.net\/wp-content\/uploads\/2026\/01\/tour-2026-art-of-andalucia-daniel-martinez-flamenco-compnay.png","width":656,"height":412},{"@type":"BreadcrumbList","@id":"https:\/\/danielmartinezflamenco.com\/fr\/shop\/events-fr\/art-of-andalucia-flamenco-tanz-kaiser-friedrich-halle-monchengladbach-18-novembre-2026-20h00\/#breadcrumb","itemListElement":[{"@type":"ListItem","position":1,"name":"Portada","item":"https:\/\/danielmartinezflamenco.com\/fr\/accueil\/"},{"@type":"ListItem","position":2,"name":"Woocommerce_Internal","item":"https:\/\/danielmartinezflamenco.com\/woocommerce_internal\/"},{"@type":"ListItem","position":3,"name":"Art of Andalucia | FLAMENCO-TANZ &#8211; Kaiser-Friedrich-Halle, M\u00f6nchengladbach \u2013 18 novembre 2026 20h00"}]},{"@type":"WebSite","@id":"https:\/\/danielmartinezflamenco.com\/fr\/#website","url":"https:\/\/danielmartinezflamenco.com\/fr\/","name":"Daniel Martinez","description":"Official Website","publisher":{"@id":"https:\/\/danielmartinezflamenco.com\/fr\/#organization"},"potentialAction":[{"@type":"SearchAction","target":{"@type":"EntryPoint","urlTemplate":"https:\/\/danielmartinezflamenco.com\/fr\/?s={search_term_string}"},"query-input":{"@type":"PropertyValueSpecification","valueRequired":true,"valueName":"search_term_string"}}],"inLanguage":"fr-FR"},{"@type":"Organization","@id":"https:\/\/danielmartinezflamenco.com\/fr\/#organization","name":"Fuzzy Wanderer","url":"https:\/\/danielmartinezflamenco.com\/fr\/","logo":{"@type":"ImageObject","inLanguage":"fr-FR","@id":"https:\/\/danielmartinezflamenco.com\/fr\/#\/schema\/logo\/image\/","url":"","contentUrl":"","caption":"Fuzzy Wanderer"},"image":{"@id":"https:\/\/danielmartinezflamenco.com\/fr\/#\/schema\/logo\/image\/"}}]}},"_links":{"self":[{"href":"https:\/\/danielmartinezflamenco.com\/fr\/wp-json\/wp\/v2\/product\/93630","targetHints":{"allow":["GET"]}}],"collection":[{"href":"https:\/\/danielmartinezflamenco.com\/fr\/wp-json\/wp\/v2\/product"}],"about":[{"href":"https:\/\/danielmartinezflamenco.com\/fr\/wp-json\/wp\/v2\/types\/product"}],"author":[{"embeddable":true,"href":"https:\/\/danielmartinezflamenco.com\/fr\/wp-json\/wp\/v2\/users\/1"}],"wp:featuredmedia":[{"embeddable":true,"href":"https:\/\/danielmartinezflamenco.com\/fr\/wp-json\/wp\/v2\/media\/91575"}],"wp:attachment":[{"href":"https:\/\/danielmartinezflamenco.com\/fr\/wp-json\/wp\/v2\/media?parent=93630"}],"wp:term":[{"taxonomy":"product_brand","embeddable":true,"href":"https:\/\/danielmartinezflamenco.com\/fr\/wp-json\/wp\/v2\/product_brand?post=93630"},{"taxonomy":"product_cat","embeddable":true,"href":"https:\/\/danielmartinezflamenco.com\/fr\/wp-json\/wp\/v2\/product_cat?post=93630"},{"taxonomy":"product_tag","embeddable":true,"href":"https:\/\/danielmartinezflamenco.com\/fr\/wp-json\/wp\/v2\/product_tag?post=93630"}],"curies":[{"name":"wp","href":"https:\/\/api.w.org\/{rel}","templated":true}]}}