{"id":98825,"date":"2026-02-26T11:26:19","date_gmt":"2026-02-26T11:26:19","guid":{"rendered":"https:\/\/danielmartinezflamenco.com\/shop\/non class\u00e9\/art-of-andalucia-flamenco-dance-whitla-hall-belfast-27-janvier-2027-19h30\/"},"modified":"2026-03-11T22:03:34","modified_gmt":"2026-03-11T22:03:34","slug":"art-of-andalucia-flamenco-dance-whitla-hall-belfast-27-janvier-2027-19h30","status":"publish","type":"product","link":"https:\/\/danielmartinezflamenco.com\/fr\/shop\/events-fr\/art-of-andalucia-flamenco-dance-whitla-hall-belfast-27-janvier-2027-19h30\/","title":{"rendered":"Art of Andalucia | FLAMENCO DANCE &#8211; Whitla Hall, Belfast &#8211; 27 janvier 2027 19h30"},"content":{"rendered":"<p>Apr\u00e8s le succ\u00e8s de ses deux premi\u00e8res productions, qui ont captiv\u00e9 plus de 120 000 spectateurs au Royaume-Uni, en Irlande, aux Pays-Bas, en Belgique et en Allemagne au cours des deux derni\u00e8res ann\u00e9es seulement, Daniel Martinez revient avec un nouveau spectacle qui place la danse flamenco au premier plan. \u00ab ART OF ANDALUCIA \u00bb se concentre enti\u00e8rement sur l&rsquo;art de la danse flamenco, offrant au public une exp\u00e9rience immersive o\u00f9 les danseurs occupent le devant de la sc\u00e8ne, donnant vie \u00e0 la passion et \u00e0 l&rsquo;\u00e9nergie de l&rsquo;Andalousie. Et ce n&rsquo;est pas tout : Daniel interpr\u00e9tera \u00e9galement de nouveaux morceaux de son troisi\u00e8me album tr\u00e8s attendu.  <\/p>\n<p>L&rsquo;une des vedettes de cette production est le danseur de renomm\u00e9e mondiale Angel Reyes, membre cl\u00e9 de la compagnie de Manuel Linan et second danseur de la compagnie de Jesus Carmona pendant de nombreuses ann\u00e9es. La technique irr\u00e9prochable d&rsquo;Angel, son habilet\u00e9 et sa passion ardente captiveront et fascineront le public, \u00e9levant la repr\u00e9sentation au rang d&rsquo;exp\u00e9rience culturelle incontournable. Sa pr\u00e9sence puissante et son art apportent une \u00e9nergie \u00e9lectrique sur sc\u00e8ne.  <\/p>\n<p>Se joignant \u00e0 Angel, Gabriela Pouso, la danseuse principale de la Compagnie de Flamenco Daniel Martinez. Gabriela a jou\u00e9 un r\u00f4le d\u00e9terminant dans le succ\u00e8s de la compagnie, se produisant sur certaines des sc\u00e8nes les plus prestigieuses du Royaume-Uni.  Ses performances sont empreintes d&rsquo;\u00e9l\u00e9gance, de gr\u00e2ce, de talent et d&rsquo;intensit\u00e9, mettant en valeur sa technique remarquable et captivant le public \u00e0 chaque mouvement.<\/p>\n<p>Les danseurs se produiront sur des compositions originales de Daniel Martinez, cr\u00e9\u00e9es sp\u00e9cifiquement pour ce spectacle. La performance est en outre enrichie par les incroyables voix d&rsquo;Inma Montero et Danielo Olivera, ainsi que par la pulsation rythmique du percussionniste Julian Ticotico. Ensemble, ils cr\u00e9ent une soir\u00e9e inoubliable de flamenco, o\u00f9 musique et danse s&rsquo;entrelacent parfaitement.  <\/p>\n<p>\u00ab ART OF ANDALUCIA \u00bb est une c\u00e9l\u00e9bration de la danse flamenco, un voyage vibrant au c\u0153ur de l&rsquo;Andalousie, o\u00f9 la tradition et la passion du flamenco prennent vie \u00e0 travers une chor\u00e9graphie \u00e9poustouflante et des performances puissantes.<\/p>\n<p style=\"text-align: center;\"><iframe title=\"Lecteur vid\u00e9o YouTube\" src=\"https:\/\/www.youtube.com\/embed\/qIrvDyd1CO8?si=xCsvkyqm2Z1lm7dL\" width=\"560\" height=\"315\" frameborder=\"0\" allowfullscreen=\"allowfullscreen\"><\/iframe><\/p>\n<hr>\n<h2>D\u00e9tails de l&rsquo;\u00e9v\u00e9nement :<\/h2>\n<p><strong>Date :<\/strong> 27\/01\/2027<br \/>\n<strong>Heure de d\u00e9but :<\/strong> 19h30<br \/>\n<strong>Heure de fin :<\/strong> 21h15<br \/>\n<strong>Lieu :<\/strong> Whitla Hall, Belfast<br \/>\n<strong>Itin\u00e9raire :<\/strong> Whitla Hall, Universit\u00e9 Queen&rsquo;s de Belfast, University Road, Belfast, BT7 1NN<br \/>\n<strong>T\u00e9l\u00e9phone :<\/strong> 07533177057<br \/>\n<strong>Courriel :<\/strong> support@danielmartinezflamenco.com<br \/>\n<strong>Site web :<\/strong> <a href=\"https:\/\/www.qub.ac.uk\/\" target=\"_blank\" rel=\"noopener\">https:\/\/www.qub.ac.uk\/<\/a><\/p>\n","protected":false},"excerpt":{"rendered":"<p><span style=\"font-size: 14pt;\">\u00ab ART OF ANDALUCIA \u00bb de Daniel Martinez est un concert flamenco mettant en vedette sa musique, des danseurs et musiciens renomm\u00e9s, offrant une exp\u00e9rience culturelle andalouse immersive.<\/span><\/p>\n","protected":false},"author":1,"featured_media":91575,"template":"","meta":[],"product_brand":[],"product_cat":[139],"product_tag":[],"class_list":{"0":"post-98825","1":"product","2":"type-product","3":"status-publish","4":"has-post-thumbnail","6":"product_cat-events-fr","7":"","8":"woocommerce-text-align-center","9":"woocommerce-image-align-center","10":"do-quantity-buttons","12":"first","13":"instock","14":"purchasable","15":"product-type-variable","16":"has-default-attributes"},"yoast_head":"<!-- This site is optimized with the Yoast SEO plugin v27.4 - https:\/\/yoast.com\/product\/yoast-seo-wordpress\/ -->\n<title>Art of Andalucia | FLAMENCO DANCE - Whitla Hall, Belfast - 27 janvier 2027 19h30 - Daniel Martinez<\/title>\n<meta name=\"robots\" content=\"index, follow, max-snippet:-1, max-image-preview:large, max-video-preview:-1\" \/>\n<link rel=\"canonical\" href=\"https:\/\/danielmartinezflamenco.com\/fr\/shop\/events-fr\/art-of-andalucia-flamenco-dance-whitla-hall-belfast-27-janvier-2027-19h30\/\" \/>\n<meta property=\"og:locale\" content=\"fr_FR\" \/>\n<meta property=\"og:type\" content=\"article\" \/>\n<meta property=\"og:title\" content=\"Art of Andalucia | FLAMENCO DANCE - Whitla Hall, Belfast - 27 janvier 2027 19h30 - Daniel Martinez\" \/>\n<meta property=\"og:description\" content=\"\u00ab ART OF ANDALUCIA \u00bb de Daniel Martinez est un concert flamenco mettant en vedette sa musique, des danseurs et musiciens renomm\u00e9s, offrant une exp\u00e9rience culturelle andalouse immersive.\" \/>\n<meta property=\"og:url\" content=\"https:\/\/danielmartinezflamenco.com\/fr\/shop\/events-fr\/art-of-andalucia-flamenco-dance-whitla-hall-belfast-27-janvier-2027-19h30\/\" \/>\n<meta property=\"og:site_name\" content=\"Daniel Martinez\" \/>\n<meta property=\"article:modified_time\" content=\"2026-03-11T22:03:34+00:00\" \/>\n<meta property=\"og:image\" content=\"https:\/\/dmfc.b-cdn.net\/wp-content\/uploads\/2026\/01\/tour-2026-art-of-andalucia-daniel-martinez-flamenco-compnay.png\" \/>\n\t<meta property=\"og:image:width\" content=\"656\" \/>\n\t<meta property=\"og:image:height\" content=\"412\" \/>\n\t<meta property=\"og:image:type\" content=\"image\/png\" \/>\n<meta name=\"twitter:card\" content=\"summary_large_image\" \/>\n<meta name=\"twitter:label1\" content=\"Dur\u00e9e de lecture estim\u00e9e\" \/>\n\t<meta name=\"twitter:data1\" content=\"2 minutes\" \/>\n<script type=\"application\/ld+json\" class=\"yoast-schema-graph\">{\"@context\":\"https:\\\/\\\/schema.org\",\"@graph\":[{\"@type\":\"WebPage\",\"@id\":\"https:\\\/\\\/danielmartinezflamenco.com\\\/fr\\\/shop\\\/events-fr\\\/art-of-andalucia-flamenco-dance-whitla-hall-belfast-27-janvier-2027-19h30\\\/\",\"url\":\"https:\\\/\\\/danielmartinezflamenco.com\\\/fr\\\/shop\\\/events-fr\\\/art-of-andalucia-flamenco-dance-whitla-hall-belfast-27-janvier-2027-19h30\\\/\",\"name\":\"Art of Andalucia | FLAMENCO DANCE - Whitla Hall, Belfast - 27 janvier 2027 19h30 - Daniel Martinez\",\"isPartOf\":{\"@id\":\"https:\\\/\\\/danielmartinezflamenco.com\\\/fr\\\/#website\"},\"primaryImageOfPage\":{\"@id\":\"https:\\\/\\\/danielmartinezflamenco.com\\\/fr\\\/shop\\\/events-fr\\\/art-of-andalucia-flamenco-dance-whitla-hall-belfast-27-janvier-2027-19h30\\\/#primaryimage\"},\"image\":{\"@id\":\"https:\\\/\\\/danielmartinezflamenco.com\\\/fr\\\/shop\\\/events-fr\\\/art-of-andalucia-flamenco-dance-whitla-hall-belfast-27-janvier-2027-19h30\\\/#primaryimage\"},\"thumbnailUrl\":\"https:\\\/\\\/dmfc.b-cdn.net\\\/wp-content\\\/uploads\\\/2026\\\/01\\\/tour-2026-art-of-andalucia-daniel-martinez-flamenco-compnay.png\",\"datePublished\":\"2026-02-26T11:26:19+00:00\",\"dateModified\":\"2026-03-11T22:03:34+00:00\",\"breadcrumb\":{\"@id\":\"https:\\\/\\\/danielmartinezflamenco.com\\\/fr\\\/shop\\\/events-fr\\\/art-of-andalucia-flamenco-dance-whitla-hall-belfast-27-janvier-2027-19h30\\\/#breadcrumb\"},\"inLanguage\":\"fr-FR\",\"potentialAction\":[{\"@type\":\"ReadAction\",\"target\":[\"https:\\\/\\\/danielmartinezflamenco.com\\\/fr\\\/shop\\\/events-fr\\\/art-of-andalucia-flamenco-dance-whitla-hall-belfast-27-janvier-2027-19h30\\\/\"]}]},{\"@type\":\"ImageObject\",\"inLanguage\":\"fr-FR\",\"@id\":\"https:\\\/\\\/danielmartinezflamenco.com\\\/fr\\\/shop\\\/events-fr\\\/art-of-andalucia-flamenco-dance-whitla-hall-belfast-27-janvier-2027-19h30\\\/#primaryimage\",\"url\":\"https:\\\/\\\/dmfc.b-cdn.net\\\/wp-content\\\/uploads\\\/2026\\\/01\\\/tour-2026-art-of-andalucia-daniel-martinez-flamenco-compnay.png\",\"contentUrl\":\"https:\\\/\\\/dmfc.b-cdn.net\\\/wp-content\\\/uploads\\\/2026\\\/01\\\/tour-2026-art-of-andalucia-daniel-martinez-flamenco-compnay.png\",\"width\":656,\"height\":412},{\"@type\":\"BreadcrumbList\",\"@id\":\"https:\\\/\\\/danielmartinezflamenco.com\\\/fr\\\/shop\\\/events-fr\\\/art-of-andalucia-flamenco-dance-whitla-hall-belfast-27-janvier-2027-19h30\\\/#breadcrumb\",\"itemListElement\":[{\"@type\":\"ListItem\",\"position\":1,\"name\":\"Portada\",\"item\":\"https:\\\/\\\/danielmartinezflamenco.com\\\/fr\\\/accueil\\\/\"},{\"@type\":\"ListItem\",\"position\":2,\"name\":\"Woocommerce_Internal\",\"item\":\"https:\\\/\\\/danielmartinezflamenco.com\\\/woocommerce_internal\\\/\"},{\"@type\":\"ListItem\",\"position\":3,\"name\":\"Art of Andalucia | FLAMENCO DANCE &#8211; Whitla Hall, Belfast &#8211; 27 janvier 2027 19h30\"}]},{\"@type\":\"WebSite\",\"@id\":\"https:\\\/\\\/danielmartinezflamenco.com\\\/fr\\\/#website\",\"url\":\"https:\\\/\\\/danielmartinezflamenco.com\\\/fr\\\/\",\"name\":\"Daniel Martinez\",\"description\":\"Official Website\",\"publisher\":{\"@id\":\"https:\\\/\\\/danielmartinezflamenco.com\\\/fr\\\/#organization\"},\"potentialAction\":[{\"@type\":\"SearchAction\",\"target\":{\"@type\":\"EntryPoint\",\"urlTemplate\":\"https:\\\/\\\/danielmartinezflamenco.com\\\/fr\\\/?s={search_term_string}\"},\"query-input\":{\"@type\":\"PropertyValueSpecification\",\"valueRequired\":true,\"valueName\":\"search_term_string\"}}],\"inLanguage\":\"fr-FR\"},{\"@type\":\"Organization\",\"@id\":\"https:\\\/\\\/danielmartinezflamenco.com\\\/fr\\\/#organization\",\"name\":\"Fuzzy Wanderer\",\"url\":\"https:\\\/\\\/danielmartinezflamenco.com\\\/fr\\\/\",\"logo\":{\"@type\":\"ImageObject\",\"inLanguage\":\"fr-FR\",\"@id\":\"https:\\\/\\\/danielmartinezflamenco.com\\\/fr\\\/#\\\/schema\\\/logo\\\/image\\\/\",\"url\":\"\",\"contentUrl\":\"\",\"caption\":\"Fuzzy Wanderer\"},\"image\":{\"@id\":\"https:\\\/\\\/danielmartinezflamenco.com\\\/fr\\\/#\\\/schema\\\/logo\\\/image\\\/\"}}]}<\/script>\n<!-- \/ Yoast SEO plugin. -->","yoast_head_json":{"title":"Art of Andalucia | FLAMENCO DANCE - Whitla Hall, Belfast - 27 janvier 2027 19h30 - Daniel Martinez","robots":{"index":"index","follow":"follow","max-snippet":"max-snippet:-1","max-image-preview":"max-image-preview:large","max-video-preview":"max-video-preview:-1"},"canonical":"https:\/\/danielmartinezflamenco.com\/fr\/shop\/events-fr\/art-of-andalucia-flamenco-dance-whitla-hall-belfast-27-janvier-2027-19h30\/","og_locale":"fr_FR","og_type":"article","og_title":"Art of Andalucia | FLAMENCO DANCE - Whitla Hall, Belfast - 27 janvier 2027 19h30 - Daniel Martinez","og_description":"\u00ab ART OF ANDALUCIA \u00bb de Daniel Martinez est un concert flamenco mettant en vedette sa musique, des danseurs et musiciens renomm\u00e9s, offrant une exp\u00e9rience culturelle andalouse immersive.","og_url":"https:\/\/danielmartinezflamenco.com\/fr\/shop\/events-fr\/art-of-andalucia-flamenco-dance-whitla-hall-belfast-27-janvier-2027-19h30\/","og_site_name":"Daniel Martinez","article_modified_time":"2026-03-11T22:03:34+00:00","og_image":[{"width":656,"height":412,"url":"https:\/\/dmfc.b-cdn.net\/wp-content\/uploads\/2026\/01\/tour-2026-art-of-andalucia-daniel-martinez-flamenco-compnay.png","type":"image\/png"}],"twitter_card":"summary_large_image","twitter_misc":{"Dur\u00e9e de lecture estim\u00e9e":"2 minutes"},"schema":{"@context":"https:\/\/schema.org","@graph":[{"@type":"WebPage","@id":"https:\/\/danielmartinezflamenco.com\/fr\/shop\/events-fr\/art-of-andalucia-flamenco-dance-whitla-hall-belfast-27-janvier-2027-19h30\/","url":"https:\/\/danielmartinezflamenco.com\/fr\/shop\/events-fr\/art-of-andalucia-flamenco-dance-whitla-hall-belfast-27-janvier-2027-19h30\/","name":"Art of Andalucia | FLAMENCO DANCE - Whitla Hall, Belfast - 27 janvier 2027 19h30 - Daniel Martinez","isPartOf":{"@id":"https:\/\/danielmartinezflamenco.com\/fr\/#website"},"primaryImageOfPage":{"@id":"https:\/\/danielmartinezflamenco.com\/fr\/shop\/events-fr\/art-of-andalucia-flamenco-dance-whitla-hall-belfast-27-janvier-2027-19h30\/#primaryimage"},"image":{"@id":"https:\/\/danielmartinezflamenco.com\/fr\/shop\/events-fr\/art-of-andalucia-flamenco-dance-whitla-hall-belfast-27-janvier-2027-19h30\/#primaryimage"},"thumbnailUrl":"https:\/\/dmfc.b-cdn.net\/wp-content\/uploads\/2026\/01\/tour-2026-art-of-andalucia-daniel-martinez-flamenco-compnay.png","datePublished":"2026-02-26T11:26:19+00:00","dateModified":"2026-03-11T22:03:34+00:00","breadcrumb":{"@id":"https:\/\/danielmartinezflamenco.com\/fr\/shop\/events-fr\/art-of-andalucia-flamenco-dance-whitla-hall-belfast-27-janvier-2027-19h30\/#breadcrumb"},"inLanguage":"fr-FR","potentialAction":[{"@type":"ReadAction","target":["https:\/\/danielmartinezflamenco.com\/fr\/shop\/events-fr\/art-of-andalucia-flamenco-dance-whitla-hall-belfast-27-janvier-2027-19h30\/"]}]},{"@type":"ImageObject","inLanguage":"fr-FR","@id":"https:\/\/danielmartinezflamenco.com\/fr\/shop\/events-fr\/art-of-andalucia-flamenco-dance-whitla-hall-belfast-27-janvier-2027-19h30\/#primaryimage","url":"https:\/\/dmfc.b-cdn.net\/wp-content\/uploads\/2026\/01\/tour-2026-art-of-andalucia-daniel-martinez-flamenco-compnay.png","contentUrl":"https:\/\/dmfc.b-cdn.net\/wp-content\/uploads\/2026\/01\/tour-2026-art-of-andalucia-daniel-martinez-flamenco-compnay.png","width":656,"height":412},{"@type":"BreadcrumbList","@id":"https:\/\/danielmartinezflamenco.com\/fr\/shop\/events-fr\/art-of-andalucia-flamenco-dance-whitla-hall-belfast-27-janvier-2027-19h30\/#breadcrumb","itemListElement":[{"@type":"ListItem","position":1,"name":"Portada","item":"https:\/\/danielmartinezflamenco.com\/fr\/accueil\/"},{"@type":"ListItem","position":2,"name":"Woocommerce_Internal","item":"https:\/\/danielmartinezflamenco.com\/woocommerce_internal\/"},{"@type":"ListItem","position":3,"name":"Art of Andalucia | FLAMENCO DANCE &#8211; Whitla Hall, Belfast &#8211; 27 janvier 2027 19h30"}]},{"@type":"WebSite","@id":"https:\/\/danielmartinezflamenco.com\/fr\/#website","url":"https:\/\/danielmartinezflamenco.com\/fr\/","name":"Daniel Martinez","description":"Official Website","publisher":{"@id":"https:\/\/danielmartinezflamenco.com\/fr\/#organization"},"potentialAction":[{"@type":"SearchAction","target":{"@type":"EntryPoint","urlTemplate":"https:\/\/danielmartinezflamenco.com\/fr\/?s={search_term_string}"},"query-input":{"@type":"PropertyValueSpecification","valueRequired":true,"valueName":"search_term_string"}}],"inLanguage":"fr-FR"},{"@type":"Organization","@id":"https:\/\/danielmartinezflamenco.com\/fr\/#organization","name":"Fuzzy Wanderer","url":"https:\/\/danielmartinezflamenco.com\/fr\/","logo":{"@type":"ImageObject","inLanguage":"fr-FR","@id":"https:\/\/danielmartinezflamenco.com\/fr\/#\/schema\/logo\/image\/","url":"","contentUrl":"","caption":"Fuzzy Wanderer"},"image":{"@id":"https:\/\/danielmartinezflamenco.com\/fr\/#\/schema\/logo\/image\/"}}]}},"_links":{"self":[{"href":"https:\/\/danielmartinezflamenco.com\/fr\/wp-json\/wp\/v2\/product\/98825","targetHints":{"allow":["GET"]}}],"collection":[{"href":"https:\/\/danielmartinezflamenco.com\/fr\/wp-json\/wp\/v2\/product"}],"about":[{"href":"https:\/\/danielmartinezflamenco.com\/fr\/wp-json\/wp\/v2\/types\/product"}],"author":[{"embeddable":true,"href":"https:\/\/danielmartinezflamenco.com\/fr\/wp-json\/wp\/v2\/users\/1"}],"wp:featuredmedia":[{"embeddable":true,"href":"https:\/\/danielmartinezflamenco.com\/fr\/wp-json\/wp\/v2\/media\/91575"}],"wp:attachment":[{"href":"https:\/\/danielmartinezflamenco.com\/fr\/wp-json\/wp\/v2\/media?parent=98825"}],"wp:term":[{"taxonomy":"product_brand","embeddable":true,"href":"https:\/\/danielmartinezflamenco.com\/fr\/wp-json\/wp\/v2\/product_brand?post=98825"},{"taxonomy":"product_cat","embeddable":true,"href":"https:\/\/danielmartinezflamenco.com\/fr\/wp-json\/wp\/v2\/product_cat?post=98825"},{"taxonomy":"product_tag","embeddable":true,"href":"https:\/\/danielmartinezflamenco.com\/fr\/wp-json\/wp\/v2\/product_tag?post=98825"}],"curies":[{"name":"wp","href":"https:\/\/api.w.org\/{rel}","templated":true}]}}