{"id":98878,"date":"2026-02-24T09:03:08","date_gmt":"2026-02-24T09:03:08","guid":{"rendered":"https:\/\/danielmartinezflamenco.com\/shop\/non class\u00e9\/flamenco-tournee-andalousie-parktheater-im-kurhaus-goggingen-augsbourg-7-novembre-2026-a-1930\/"},"modified":"2026-03-11T22:19:18","modified_gmt":"2026-03-11T22:19:18","slug":"flamenco-tournee-andalousie-parktheater-im-kurhaus-goggingen-augsbourg-7-novembre-2026-a-1930","status":"publish","type":"product","link":"https:\/\/danielmartinezflamenco.com\/fr\/shop\/events-fr\/flamenco-tournee-andalousie-parktheater-im-kurhaus-goggingen-augsbourg-7-novembre-2026-a-1930\/","title":{"rendered":"Flamenco | Tourn\u00e9e Andalousie &#8211; Parktheater im Kurhaus G\u00f6ggingen, Augsbourg \u2013 7 novembre 2026 \u00e0 19:30"},"content":{"rendered":"<p>La compagnie prim\u00e9e Daniel Martinez Flamenco pr\u00e9sente sa deuxi\u00e8me production tr\u00e8s attendue, Andalucia \u2013 un spectacle de flamenco \u00e9poustouflant et unique, accompagn\u00e9 d&rsquo;un orchestre de chambre.<\/p>\n<p>Ce concert tr\u00e8s sp\u00e9cial est un hommage musical aux huit provinces de la r\u00e9gion autonome d&rsquo;Andalousie, dans le sud de l&rsquo;Espagne, berceau du flamenco&nbsp;: Cordoue, S\u00e9ville, Cadix, Malaga, Ja\u00e9n, Grenade, Huelva et Almer\u00eda.<\/p>\n<p>Chaque r\u00e9gion apporte son propre style au monde diversifi\u00e9 du flamenco \u2013 et c&rsquo;est pr\u00e9cis\u00e9ment cette diversit\u00e9 qui est pr\u00e9sent\u00e9e de mani\u00e8re impressionnante au public \u00e0 travers le jeu de guitare de Daniel, accompagn\u00e9 d&rsquo;une s\u00e9lection de musiciens de flamenco exceptionnels, de chanteurs, d&rsquo;un ensemble d&rsquo;orchestre de chambre et de danse flamenco.<\/p>\n<p>Unique. Innovant. Captivant. L\u00e0 o\u00f9 la beaut\u00e9 sublime de la musique classique rencontre la passion et le feu du flamenco. Une exp\u00e9rience flamenco \u00e0 ne pas manquer&nbsp;!    <\/p>\n<p style=\"text-align: center;\"><iframe title=\"Lecteur vid\u00e9o YouTube\" src=\"https:\/\/www.youtube.com\/embed\/_XedUKZdrHQ?si=dl3bihQ_4Fd9Dj6x\" width=\"560\" height=\"315\" frameborder=\"0\" allowfullscreen=\"allowfullscreen\"><\/iframe><\/p>\n<hr>\n<h2>D\u00e9tails de l&rsquo;\u00e9v\u00e9nement&nbsp;:<\/h2>\n<p><strong>Date :<\/strong> 7.11.2026<br \/>\n<strong>D\u00e9but&nbsp;:<\/strong> 19h30<br \/>\n<strong>Fin&nbsp;:<\/strong> 21h15<br \/>\n<strong>Lieu :<\/strong> Parktheater im Kurhaus G\u00f6ggingen, Augsbourg<br \/>\n<strong>Itin\u00e9raire :<\/strong> Parktheater im Kurhaus G\u00f6ggingen, Klausenberg 6, 86199 Augsbourg, Allemagne<br \/>\n<strong>T\u00e9l\u00e9phone&nbsp;:<\/strong> +44 7533 177057<br \/>\n<strong>E-mail&nbsp;:<\/strong> support@danielmartinezflamenco.com<br \/>\n<strong>Site web :<\/strong> <a href=\"https:\/\/www.parktheater.de\/\" target=\"_blank\" rel=\"noopener\">https:\/\/www.parktheater.de\/<\/a><\/p>\n","protected":false},"excerpt":{"rendered":"<p><span style=\"font-size: 14pt;\">Une performance impressionnante pleine de pure passion flamenco et de musicalit\u00e9 exceptionnelle. Entra\u00eenant et plein d&rsquo;\u00e9nergie \u2013 une exp\u00e9rience flamenco \u00e0 ne pas manquer. <\/span><\/p>\n","protected":false},"author":1,"featured_media":98862,"template":"","meta":[],"product_brand":[],"product_cat":[139],"product_tag":[],"class_list":{"0":"post-98878","1":"product","2":"type-product","3":"status-publish","4":"has-post-thumbnail","6":"product_cat-events-fr","7":"","8":"woocommerce-text-align-center","9":"woocommerce-image-align-center","10":"do-quantity-buttons","12":"first","13":"instock","14":"purchasable","15":"product-type-simple"},"yoast_head":"<!-- This site is optimized with the Yoast SEO plugin v27.3 - https:\/\/yoast.com\/product\/yoast-seo-wordpress\/ -->\n<title>Flamenco | Tourn\u00e9e Andalousie - Parktheater im Kurhaus G\u00f6ggingen, Augsbourg \u2013 7 novembre 2026 \u00e0 19:30 - Daniel Martinez<\/title>\n<meta name=\"robots\" content=\"index, follow, max-snippet:-1, max-image-preview:large, max-video-preview:-1\" \/>\n<link rel=\"canonical\" href=\"https:\/\/danielmartinezflamenco.com\/fr\/shop\/events-fr\/flamenco-tournee-andalousie-parktheater-im-kurhaus-goggingen-augsbourg-7-novembre-2026-a-1930\/\" \/>\n<meta property=\"og:locale\" content=\"fr_FR\" \/>\n<meta property=\"og:type\" content=\"article\" \/>\n<meta property=\"og:title\" content=\"Flamenco | Tourn\u00e9e Andalousie - Parktheater im Kurhaus G\u00f6ggingen, Augsbourg \u2013 7 novembre 2026 \u00e0 19:30 - Daniel Martinez\" \/>\n<meta property=\"og:description\" content=\"Une performance impressionnante pleine de pure passion flamenco et de musicalit\u00e9 exceptionnelle. Entra\u00eenant et plein d&#039;\u00e9nergie \u2013 une exp\u00e9rience flamenco \u00e0 ne pas manquer.\" \/>\n<meta property=\"og:url\" content=\"https:\/\/danielmartinezflamenco.com\/fr\/shop\/events-fr\/flamenco-tournee-andalousie-parktheater-im-kurhaus-goggingen-augsbourg-7-novembre-2026-a-1930\/\" \/>\n<meta property=\"og:site_name\" content=\"Daniel Martinez\" \/>\n<meta property=\"article:modified_time\" content=\"2026-03-11T22:19:18+00:00\" \/>\n<meta property=\"og:image\" content=\"https:\/\/dmfc.b-cdn.net\/wp-content\/uploads\/2026\/02\/andalucia-tour-germany-daniel-martinez-flamenco-company-2026.png\" \/>\n\t<meta property=\"og:image:width\" content=\"1022\" \/>\n\t<meta property=\"og:image:height\" content=\"512\" \/>\n\t<meta property=\"og:image:type\" content=\"image\/png\" \/>\n<meta name=\"twitter:card\" content=\"summary_large_image\" \/>\n<meta name=\"twitter:label1\" content=\"Dur\u00e9e de lecture estim\u00e9e\" \/>\n\t<meta name=\"twitter:data1\" content=\"1 minute\" \/>\n<script type=\"application\/ld+json\" class=\"yoast-schema-graph\">{\"@context\":\"https:\\\/\\\/schema.org\",\"@graph\":[{\"@type\":\"WebPage\",\"@id\":\"https:\\\/\\\/danielmartinezflamenco.com\\\/fr\\\/shop\\\/events-fr\\\/flamenco-tournee-andalousie-parktheater-im-kurhaus-goggingen-augsbourg-7-novembre-2026-a-1930\\\/\",\"url\":\"https:\\\/\\\/danielmartinezflamenco.com\\\/fr\\\/shop\\\/events-fr\\\/flamenco-tournee-andalousie-parktheater-im-kurhaus-goggingen-augsbourg-7-novembre-2026-a-1930\\\/\",\"name\":\"Flamenco | Tourn\u00e9e Andalousie - Parktheater im Kurhaus G\u00f6ggingen, Augsbourg \u2013 7 novembre 2026 \u00e0 19:30 - Daniel Martinez\",\"isPartOf\":{\"@id\":\"https:\\\/\\\/danielmartinezflamenco.com\\\/fr\\\/#website\"},\"primaryImageOfPage\":{\"@id\":\"https:\\\/\\\/danielmartinezflamenco.com\\\/fr\\\/shop\\\/events-fr\\\/flamenco-tournee-andalousie-parktheater-im-kurhaus-goggingen-augsbourg-7-novembre-2026-a-1930\\\/#primaryimage\"},\"image\":{\"@id\":\"https:\\\/\\\/danielmartinezflamenco.com\\\/fr\\\/shop\\\/events-fr\\\/flamenco-tournee-andalousie-parktheater-im-kurhaus-goggingen-augsbourg-7-novembre-2026-a-1930\\\/#primaryimage\"},\"thumbnailUrl\":\"https:\\\/\\\/dmfc.b-cdn.net\\\/wp-content\\\/uploads\\\/2026\\\/02\\\/andalucia-tour-germany-daniel-martinez-flamenco-company-2026.png\",\"datePublished\":\"2026-02-24T09:03:08+00:00\",\"dateModified\":\"2026-03-11T22:19:18+00:00\",\"breadcrumb\":{\"@id\":\"https:\\\/\\\/danielmartinezflamenco.com\\\/fr\\\/shop\\\/events-fr\\\/flamenco-tournee-andalousie-parktheater-im-kurhaus-goggingen-augsbourg-7-novembre-2026-a-1930\\\/#breadcrumb\"},\"inLanguage\":\"fr-FR\",\"potentialAction\":[{\"@type\":\"ReadAction\",\"target\":[\"https:\\\/\\\/danielmartinezflamenco.com\\\/fr\\\/shop\\\/events-fr\\\/flamenco-tournee-andalousie-parktheater-im-kurhaus-goggingen-augsbourg-7-novembre-2026-a-1930\\\/\"]}]},{\"@type\":\"ImageObject\",\"inLanguage\":\"fr-FR\",\"@id\":\"https:\\\/\\\/danielmartinezflamenco.com\\\/fr\\\/shop\\\/events-fr\\\/flamenco-tournee-andalousie-parktheater-im-kurhaus-goggingen-augsbourg-7-novembre-2026-a-1930\\\/#primaryimage\",\"url\":\"https:\\\/\\\/dmfc.b-cdn.net\\\/wp-content\\\/uploads\\\/2026\\\/02\\\/andalucia-tour-germany-daniel-martinez-flamenco-company-2026.png\",\"contentUrl\":\"https:\\\/\\\/dmfc.b-cdn.net\\\/wp-content\\\/uploads\\\/2026\\\/02\\\/andalucia-tour-germany-daniel-martinez-flamenco-company-2026.png\",\"width\":1022,\"height\":512},{\"@type\":\"BreadcrumbList\",\"@id\":\"https:\\\/\\\/danielmartinezflamenco.com\\\/fr\\\/shop\\\/events-fr\\\/flamenco-tournee-andalousie-parktheater-im-kurhaus-goggingen-augsbourg-7-novembre-2026-a-1930\\\/#breadcrumb\",\"itemListElement\":[{\"@type\":\"ListItem\",\"position\":1,\"name\":\"Portada\",\"item\":\"https:\\\/\\\/danielmartinezflamenco.com\\\/fr\\\/accueil\\\/\"},{\"@type\":\"ListItem\",\"position\":2,\"name\":\"Woocommerce_Internal\",\"item\":\"https:\\\/\\\/danielmartinezflamenco.com\\\/woocommerce_internal\\\/\"},{\"@type\":\"ListItem\",\"position\":3,\"name\":\"Flamenco | Tourn\u00e9e Andalousie &#8211; Parktheater im Kurhaus G\u00f6ggingen, Augsbourg \u2013 7 novembre 2026 \u00e0 19:30\"}]},{\"@type\":\"WebSite\",\"@id\":\"https:\\\/\\\/danielmartinezflamenco.com\\\/fr\\\/#website\",\"url\":\"https:\\\/\\\/danielmartinezflamenco.com\\\/fr\\\/\",\"name\":\"Daniel Martinez\",\"description\":\"Official Website\",\"publisher\":{\"@id\":\"https:\\\/\\\/danielmartinezflamenco.com\\\/fr\\\/#organization\"},\"potentialAction\":[{\"@type\":\"SearchAction\",\"target\":{\"@type\":\"EntryPoint\",\"urlTemplate\":\"https:\\\/\\\/danielmartinezflamenco.com\\\/fr\\\/?s={search_term_string}\"},\"query-input\":{\"@type\":\"PropertyValueSpecification\",\"valueRequired\":true,\"valueName\":\"search_term_string\"}}],\"inLanguage\":\"fr-FR\"},{\"@type\":\"Organization\",\"@id\":\"https:\\\/\\\/danielmartinezflamenco.com\\\/fr\\\/#organization\",\"name\":\"Fuzzy Wanderer\",\"url\":\"https:\\\/\\\/danielmartinezflamenco.com\\\/fr\\\/\",\"logo\":{\"@type\":\"ImageObject\",\"inLanguage\":\"fr-FR\",\"@id\":\"https:\\\/\\\/danielmartinezflamenco.com\\\/fr\\\/#\\\/schema\\\/logo\\\/image\\\/\",\"url\":\"\",\"contentUrl\":\"\",\"caption\":\"Fuzzy Wanderer\"},\"image\":{\"@id\":\"https:\\\/\\\/danielmartinezflamenco.com\\\/fr\\\/#\\\/schema\\\/logo\\\/image\\\/\"}}]}<\/script>\n<!-- \/ Yoast SEO plugin. -->","yoast_head_json":{"title":"Flamenco | Tourn\u00e9e Andalousie - Parktheater im Kurhaus G\u00f6ggingen, Augsbourg \u2013 7 novembre 2026 \u00e0 19:30 - Daniel Martinez","robots":{"index":"index","follow":"follow","max-snippet":"max-snippet:-1","max-image-preview":"max-image-preview:large","max-video-preview":"max-video-preview:-1"},"canonical":"https:\/\/danielmartinezflamenco.com\/fr\/shop\/events-fr\/flamenco-tournee-andalousie-parktheater-im-kurhaus-goggingen-augsbourg-7-novembre-2026-a-1930\/","og_locale":"fr_FR","og_type":"article","og_title":"Flamenco | Tourn\u00e9e Andalousie - Parktheater im Kurhaus G\u00f6ggingen, Augsbourg \u2013 7 novembre 2026 \u00e0 19:30 - Daniel Martinez","og_description":"Une performance impressionnante pleine de pure passion flamenco et de musicalit\u00e9 exceptionnelle. Entra\u00eenant et plein d'\u00e9nergie \u2013 une exp\u00e9rience flamenco \u00e0 ne pas manquer.","og_url":"https:\/\/danielmartinezflamenco.com\/fr\/shop\/events-fr\/flamenco-tournee-andalousie-parktheater-im-kurhaus-goggingen-augsbourg-7-novembre-2026-a-1930\/","og_site_name":"Daniel Martinez","article_modified_time":"2026-03-11T22:19:18+00:00","og_image":[{"width":1022,"height":512,"url":"https:\/\/dmfc.b-cdn.net\/wp-content\/uploads\/2026\/02\/andalucia-tour-germany-daniel-martinez-flamenco-company-2026.png","type":"image\/png"}],"twitter_card":"summary_large_image","twitter_misc":{"Dur\u00e9e de lecture estim\u00e9e":"1 minute"},"schema":{"@context":"https:\/\/schema.org","@graph":[{"@type":"WebPage","@id":"https:\/\/danielmartinezflamenco.com\/fr\/shop\/events-fr\/flamenco-tournee-andalousie-parktheater-im-kurhaus-goggingen-augsbourg-7-novembre-2026-a-1930\/","url":"https:\/\/danielmartinezflamenco.com\/fr\/shop\/events-fr\/flamenco-tournee-andalousie-parktheater-im-kurhaus-goggingen-augsbourg-7-novembre-2026-a-1930\/","name":"Flamenco | Tourn\u00e9e Andalousie - Parktheater im Kurhaus G\u00f6ggingen, Augsbourg \u2013 7 novembre 2026 \u00e0 19:30 - Daniel Martinez","isPartOf":{"@id":"https:\/\/danielmartinezflamenco.com\/fr\/#website"},"primaryImageOfPage":{"@id":"https:\/\/danielmartinezflamenco.com\/fr\/shop\/events-fr\/flamenco-tournee-andalousie-parktheater-im-kurhaus-goggingen-augsbourg-7-novembre-2026-a-1930\/#primaryimage"},"image":{"@id":"https:\/\/danielmartinezflamenco.com\/fr\/shop\/events-fr\/flamenco-tournee-andalousie-parktheater-im-kurhaus-goggingen-augsbourg-7-novembre-2026-a-1930\/#primaryimage"},"thumbnailUrl":"https:\/\/dmfc.b-cdn.net\/wp-content\/uploads\/2026\/02\/andalucia-tour-germany-daniel-martinez-flamenco-company-2026.png","datePublished":"2026-02-24T09:03:08+00:00","dateModified":"2026-03-11T22:19:18+00:00","breadcrumb":{"@id":"https:\/\/danielmartinezflamenco.com\/fr\/shop\/events-fr\/flamenco-tournee-andalousie-parktheater-im-kurhaus-goggingen-augsbourg-7-novembre-2026-a-1930\/#breadcrumb"},"inLanguage":"fr-FR","potentialAction":[{"@type":"ReadAction","target":["https:\/\/danielmartinezflamenco.com\/fr\/shop\/events-fr\/flamenco-tournee-andalousie-parktheater-im-kurhaus-goggingen-augsbourg-7-novembre-2026-a-1930\/"]}]},{"@type":"ImageObject","inLanguage":"fr-FR","@id":"https:\/\/danielmartinezflamenco.com\/fr\/shop\/events-fr\/flamenco-tournee-andalousie-parktheater-im-kurhaus-goggingen-augsbourg-7-novembre-2026-a-1930\/#primaryimage","url":"https:\/\/dmfc.b-cdn.net\/wp-content\/uploads\/2026\/02\/andalucia-tour-germany-daniel-martinez-flamenco-company-2026.png","contentUrl":"https:\/\/dmfc.b-cdn.net\/wp-content\/uploads\/2026\/02\/andalucia-tour-germany-daniel-martinez-flamenco-company-2026.png","width":1022,"height":512},{"@type":"BreadcrumbList","@id":"https:\/\/danielmartinezflamenco.com\/fr\/shop\/events-fr\/flamenco-tournee-andalousie-parktheater-im-kurhaus-goggingen-augsbourg-7-novembre-2026-a-1930\/#breadcrumb","itemListElement":[{"@type":"ListItem","position":1,"name":"Portada","item":"https:\/\/danielmartinezflamenco.com\/fr\/accueil\/"},{"@type":"ListItem","position":2,"name":"Woocommerce_Internal","item":"https:\/\/danielmartinezflamenco.com\/woocommerce_internal\/"},{"@type":"ListItem","position":3,"name":"Flamenco | Tourn\u00e9e Andalousie &#8211; Parktheater im Kurhaus G\u00f6ggingen, Augsbourg \u2013 7 novembre 2026 \u00e0 19:30"}]},{"@type":"WebSite","@id":"https:\/\/danielmartinezflamenco.com\/fr\/#website","url":"https:\/\/danielmartinezflamenco.com\/fr\/","name":"Daniel Martinez","description":"Official Website","publisher":{"@id":"https:\/\/danielmartinezflamenco.com\/fr\/#organization"},"potentialAction":[{"@type":"SearchAction","target":{"@type":"EntryPoint","urlTemplate":"https:\/\/danielmartinezflamenco.com\/fr\/?s={search_term_string}"},"query-input":{"@type":"PropertyValueSpecification","valueRequired":true,"valueName":"search_term_string"}}],"inLanguage":"fr-FR"},{"@type":"Organization","@id":"https:\/\/danielmartinezflamenco.com\/fr\/#organization","name":"Fuzzy Wanderer","url":"https:\/\/danielmartinezflamenco.com\/fr\/","logo":{"@type":"ImageObject","inLanguage":"fr-FR","@id":"https:\/\/danielmartinezflamenco.com\/fr\/#\/schema\/logo\/image\/","url":"","contentUrl":"","caption":"Fuzzy Wanderer"},"image":{"@id":"https:\/\/danielmartinezflamenco.com\/fr\/#\/schema\/logo\/image\/"}}]}},"_links":{"self":[{"href":"https:\/\/danielmartinezflamenco.com\/fr\/wp-json\/wp\/v2\/product\/98878","targetHints":{"allow":["GET"]}}],"collection":[{"href":"https:\/\/danielmartinezflamenco.com\/fr\/wp-json\/wp\/v2\/product"}],"about":[{"href":"https:\/\/danielmartinezflamenco.com\/fr\/wp-json\/wp\/v2\/types\/product"}],"author":[{"embeddable":true,"href":"https:\/\/danielmartinezflamenco.com\/fr\/wp-json\/wp\/v2\/users\/1"}],"wp:featuredmedia":[{"embeddable":true,"href":"https:\/\/danielmartinezflamenco.com\/fr\/wp-json\/wp\/v2\/media\/98862"}],"wp:attachment":[{"href":"https:\/\/danielmartinezflamenco.com\/fr\/wp-json\/wp\/v2\/media?parent=98878"}],"wp:term":[{"taxonomy":"product_brand","embeddable":true,"href":"https:\/\/danielmartinezflamenco.com\/fr\/wp-json\/wp\/v2\/product_brand?post=98878"},{"taxonomy":"product_cat","embeddable":true,"href":"https:\/\/danielmartinezflamenco.com\/fr\/wp-json\/wp\/v2\/product_cat?post=98878"},{"taxonomy":"product_tag","embeddable":true,"href":"https:\/\/danielmartinezflamenco.com\/fr\/wp-json\/wp\/v2\/product_tag?post=98878"}],"curies":[{"name":"wp","href":"https:\/\/api.w.org\/{rel}","templated":true}]}}