{"id":66287,"date":"2025-05-15T22:10:34","date_gmt":"2025-05-15T21:10:34","guid":{"rendered":"https:\/\/danielmartinezflamenco.com\/over-de-voorstelling-andalucia\/"},"modified":"2025-05-15T22:10:35","modified_gmt":"2025-05-15T21:10:35","slug":"over-de-voorstelling-andalucia","status":"publish","type":"page","link":"https:\/\/danielmartinezflamenco.com\/nl\/over-de-voorstelling-andalucia\/","title":{"rendered":"Over de voorstelling (Andalucia)"},"content":{"rendered":"\t\t<div data-elementor-type=\"wp-post\" data-elementor-id=\"66287\" class=\"elementor elementor-66287 elementor-10612\" data-elementor-post-type=\"page\">\n\t\t\t\t\t\t<section class=\"elementor-section elementor-top-section elementor-element elementor-element-1359689 elementor-section-boxed elementor-section-height-default elementor-section-height-default\" data-id=\"1359689\" data-element_type=\"section\" data-e-type=\"section\">\n\t\t\t\t\t\t<div class=\"elementor-container elementor-column-gap-default\">\n\t\t\t\t\t<div class=\"elementor-column elementor-col-100 elementor-top-column elementor-element elementor-element-1afcf09\" data-id=\"1afcf09\" data-element_type=\"column\" data-e-type=\"column\">\n\t\t\t<div class=\"elementor-widget-wrap elementor-element-populated\">\n\t\t\t\t\t\t<div class=\"elementor-element elementor-element-9e0d819 elementor-widget elementor-widget-image\" data-id=\"9e0d819\" data-element_type=\"widget\" data-e-type=\"widget\" data-widget_type=\"image.default\">\n\t\t\t\t<div class=\"elementor-widget-container\">\n\t\t\t\t\t\t\t\t\t\t\t\t\t\t\t<img fetchpriority=\"high\" decoding=\"async\" width=\"1536\" height=\"770\" src=\"https:\/\/dmfc.b-cdn.net\/wp-content\/uploads\/2022\/12\/daniel-martinez-andalucia-1-min-1536x770.png\" class=\"attachment-1536x1536 size-1536x1536 wp-image-66288\" alt=\"\" srcset=\"https:\/\/dmfc.b-cdn.net\/wp-content\/uploads\/2022\/12\/daniel-martinez-andalucia-1-min-1536x770.png 1536w, https:\/\/dmfc.b-cdn.net\/wp-content\/uploads\/2022\/12\/daniel-martinez-andalucia-1-min-500x250.png 500w, https:\/\/dmfc.b-cdn.net\/wp-content\/uploads\/2022\/12\/daniel-martinez-andalucia-1-min-300x150.png 300w, https:\/\/dmfc.b-cdn.net\/wp-content\/uploads\/2022\/12\/daniel-martinez-andalucia-1-min-1024x513.png 1024w, https:\/\/dmfc.b-cdn.net\/wp-content\/uploads\/2022\/12\/daniel-martinez-andalucia-1-min-768x385.png 768w, https:\/\/dmfc.b-cdn.net\/wp-content\/uploads\/2022\/12\/daniel-martinez-andalucia-1-min.png 2044w\" sizes=\"(max-width: 1536px) 100vw, 1536px\" \/>\t\t\t\t\t\t\t\t\t\t\t\t\t\t\t<\/div>\n\t\t\t\t<\/div>\n\t\t\t\t\t<\/div>\n\t\t<\/div>\n\t\t\t\t\t<\/div>\n\t\t<\/section>\n\t\t\t\t<section class=\"elementor-section elementor-top-section elementor-element elementor-element-d42c370 elementor-section-boxed elementor-section-height-default elementor-section-height-default\" data-id=\"d42c370\" data-element_type=\"section\" data-e-type=\"section\">\n\t\t\t\t\t\t<div class=\"elementor-container elementor-column-gap-default\">\n\t\t\t\t\t<div class=\"elementor-column elementor-col-100 elementor-top-column elementor-element elementor-element-f6e3b20\" data-id=\"f6e3b20\" data-element_type=\"column\" data-e-type=\"column\">\n\t\t\t<div class=\"elementor-widget-wrap elementor-element-populated\">\n\t\t\t\t\t\t<div class=\"elementor-element elementor-element-345b6c2 elementor-widget elementor-widget-heading\" data-id=\"345b6c2\" data-element_type=\"widget\" data-e-type=\"widget\" data-widget_type=\"heading.default\">\n\t\t\t\t<div class=\"elementor-widget-container\">\n\t\t\t\t\t<h1 class=\"elementor-heading-title elementor-size-default\">Andalucia<\/h1>\t\t\t\t<\/div>\n\t\t\t\t<\/div>\n\t\t\t\t\t<\/div>\n\t\t<\/div>\n\t\t\t\t\t<\/div>\n\t\t<\/section>\n\t\t\t\t<section class=\"elementor-section elementor-top-section elementor-element elementor-element-bcc18f3 elementor-section-boxed elementor-section-height-default elementor-section-height-default\" data-id=\"bcc18f3\" data-element_type=\"section\" data-e-type=\"section\">\n\t\t\t\t\t\t<div class=\"elementor-container elementor-column-gap-default\">\n\t\t\t\t\t<div class=\"elementor-column elementor-col-100 elementor-top-column elementor-element elementor-element-ff12518\" data-id=\"ff12518\" data-element_type=\"column\" data-e-type=\"column\">\n\t\t\t<div class=\"elementor-widget-wrap elementor-element-populated\">\n\t\t\t\t\t\t<div class=\"elementor-element elementor-element-178afe4 elementor-widget elementor-widget-text-editor\" data-id=\"178afe4\" data-element_type=\"widget\" data-e-type=\"widget\" data-widget_type=\"text-editor.default\">\n\t\t\t\t<div class=\"elementor-widget-container\">\n\t\t\t\t\t\t\t\t\t<h2 style=\"text-align: center;\">Uniek, innovatief, betoverend \u2013 waar de verbluffende schoonheid van klassieke muziek de passie en het vuur van flamenco ontmoet<\/h2>\n<p><\/p>\n<h3 style=\"text-align: center;\">Daniel Martinez Flamenco Company<\/h3>\n<p><\/p>\n<h3 style=\"text-align: center;\">presenteert<\/h3>\n<p><\/p>\n<h3 style=\"text-align: center;\">Andalucia<\/h3>\n<p>Het bekroonde **Daniel Martinez Flamenco Company** presenteert haar langverwachte tweede productie *Andalucia*, een verbluffende flamencovoorstelling begeleid door een kamerorkest.<\/p>\n<p>Dit bijzondere concert is een muzikale weergave van de **acht provincies** die de autonome regio **Andalusi\u00eb** vormen in het zuiden van Spanje, de bakermat van de flamenco: **C\u00f3rdoba, Sevilla, C\u00e1diz, M\u00e1laga, Ja\u00e9n, Granada, Huelva** en **Almer\u00eda**.<\/p>\n<p>Elke regio heeft een eigen unieke benadering van de vele diverse stijlen die flamenco vormen, en deze worden prachtig gepresenteerd aan het publiek via de gitaar van Daniel, begeleid door een groep flamenco-muzikanten, zangers, een kamerorkest en flamencodans.<\/p>\n<p>Alle muziek voor *Andalucia*, inclusief die voor het volledige kamerorkest, is geschreven en gecomponeerd door **Daniel Martinez**, wat deze productie een indrukwekkende volgende stap maakt in de carri\u00e8re van deze jonge musicus.<\/p>\n<p>**Daniel Martinez** is een Spaanse flamencogitarist en componist uit **C\u00f3rdoba**, die sinds 2015 in Schotland woont. Zijn eerste productie, *Art of Believing*, won de **Herald Angel Award** tijdens het Edinburgh International Festival in 2019 en weet sinds de premi\u00e8re in oktober 2017 het publiek te betoveren.<br \/>De *Art of Believing* tour 2022\/23 was uitverkocht in steden als **Manchester, Exeter, Swansea, Brighton, Cardiff, Bristol, Poole, Inverness, Aberdeen, Liverpool, York** en **Norwich**, met nieuwe data in 2023 in **Leeds, Hull, Reading, Peterborough, Birmingham** en **Coventry**, en nog veel meer die binnenkort aangekondigd worden.<\/p>\n\t\t\t\t\t\t\t\t<\/div>\n\t\t\t\t<\/div>\n\t\t\t\t\t<\/div>\n\t\t<\/div>\n\t\t\t\t\t<\/div>\n\t\t<\/section>\n\t\t\t\t<\/div>\n\t\t","protected":false},"excerpt":{"rendered":"<p>Andalucia Uniek, innovatief, betoverend \u2013 waar de verbluffende schoonheid van klassieke muziek de passie en het vuur van flamenco ontmoet Daniel Martinez Flamenco Company presenteert Andalucia Het bekroonde **Daniel Martinez &#8230; <\/p>\n<p class=\"read-more-container\"><a title=\"Over de voorstelling (Andalucia)\" class=\"read-more button\" href=\"https:\/\/danielmartinezflamenco.com\/nl\/over-de-voorstelling-andalucia\/#more-66287\" aria-label=\"Lees meer over Over de voorstelling (Andalucia)\">Leer m\u00e1s<\/a><\/p>\n","protected":false},"author":1,"featured_media":0,"parent":0,"menu_order":0,"comment_status":"closed","ping_status":"closed","template":"","meta":{"footnotes":""},"class_list":["post-66287","page","type-page","status-publish"],"yoast_head":"<!-- This site is optimized with the Yoast SEO plugin v27.4 - https:\/\/yoast.com\/product\/yoast-seo-wordpress\/ -->\n<title>Over de voorstelling (Andalucia) - Daniel Martinez<\/title>\n<meta name=\"description\" content=\"De bekroonde flamencotheatervoorstelling *Art of Believing* werd gecre\u00eberd en gecomponeerd door flamencogitarist Daniel Martinez. Krachtig, levendig en uniek \u2014 *Art of Believing* brengt een uitzonderlijke groep musici samen: flamencozangers, gitaristen, percussionisten, een bassist, een violist en een danseres, die samen met Daniel een flamencovoorstelling neerzetten die barst van passie en authenticiteit.\" \/>\n<meta name=\"robots\" content=\"index, follow, max-snippet:-1, max-image-preview:large, max-video-preview:-1\" \/>\n<link rel=\"canonical\" href=\"https:\/\/danielmartinezflamenco.com\/nl\/over-de-voorstelling-andalucia\/\" \/>\n<meta property=\"og:locale\" content=\"nl_NL\" \/>\n<meta property=\"og:type\" content=\"article\" \/>\n<meta property=\"og:title\" content=\"Over de voorstelling (Andalucia) - Daniel Martinez\" \/>\n<meta property=\"og:description\" content=\"De bekroonde flamencotheatervoorstelling *Art of Believing* werd gecre\u00eberd en gecomponeerd door flamencogitarist Daniel Martinez. Krachtig, levendig en uniek \u2014 *Art of Believing* brengt een uitzonderlijke groep musici samen: flamencozangers, gitaristen, percussionisten, een bassist, een violist en een danseres, die samen met Daniel een flamencovoorstelling neerzetten die barst van passie en authenticiteit.\" \/>\n<meta property=\"og:url\" content=\"https:\/\/danielmartinezflamenco.com\/nl\/over-de-voorstelling-andalucia\/\" \/>\n<meta property=\"og:site_name\" content=\"Daniel Martinez\" \/>\n<meta property=\"article:modified_time\" content=\"2025-05-15T21:10:35+00:00\" \/>\n<meta property=\"og:image\" content=\"https:\/\/dmfc.b-cdn.net\/wp-content\/uploads\/2022\/12\/daniel-martinez-andalucia-1-min.png\" \/>\n\t<meta property=\"og:image:width\" content=\"2044\" \/>\n\t<meta property=\"og:image:height\" content=\"1024\" \/>\n\t<meta property=\"og:image:type\" content=\"image\/png\" \/>\n<meta name=\"twitter:card\" content=\"summary_large_image\" \/>\n<meta name=\"twitter:label1\" content=\"Geschatte leestijd\" \/>\n\t<meta name=\"twitter:data1\" content=\"1 minuut\" \/>\n<script type=\"application\/ld+json\" class=\"yoast-schema-graph\">{\"@context\":\"https:\\\/\\\/schema.org\",\"@graph\":[{\"@type\":\"WebPage\",\"@id\":\"https:\\\/\\\/danielmartinezflamenco.com\\\/nl\\\/over-de-voorstelling-andalucia\\\/\",\"url\":\"https:\\\/\\\/danielmartinezflamenco.com\\\/nl\\\/over-de-voorstelling-andalucia\\\/\",\"name\":\"Over de voorstelling (Andalucia) - Daniel Martinez\",\"isPartOf\":{\"@id\":\"https:\\\/\\\/danielmartinezflamenco.com\\\/nl\\\/#website\"},\"primaryImageOfPage\":{\"@id\":\"https:\\\/\\\/danielmartinezflamenco.com\\\/nl\\\/over-de-voorstelling-andalucia\\\/#primaryimage\"},\"image\":{\"@id\":\"https:\\\/\\\/danielmartinezflamenco.com\\\/nl\\\/over-de-voorstelling-andalucia\\\/#primaryimage\"},\"thumbnailUrl\":\"https:\\\/\\\/danielmartinezflamenco.com\\\/wp-content\\\/uploads\\\/2022\\\/12\\\/daniel-martinez-andalucia-1-min-1536x770.png\",\"datePublished\":\"2025-05-15T21:10:34+00:00\",\"dateModified\":\"2025-05-15T21:10:35+00:00\",\"description\":\"De bekroonde flamencotheatervoorstelling *Art of Believing* werd gecre\u00eberd en gecomponeerd door flamencogitarist Daniel Martinez. Krachtig, levendig en uniek \u2014 *Art of Believing* brengt een uitzonderlijke groep musici samen: flamencozangers, gitaristen, percussionisten, een bassist, een violist en een danseres, die samen met Daniel een flamencovoorstelling neerzetten die barst van passie en authenticiteit.\",\"breadcrumb\":{\"@id\":\"https:\\\/\\\/danielmartinezflamenco.com\\\/nl\\\/over-de-voorstelling-andalucia\\\/#breadcrumb\"},\"inLanguage\":\"nl-NL\",\"potentialAction\":[{\"@type\":\"ReadAction\",\"target\":[\"https:\\\/\\\/danielmartinezflamenco.com\\\/nl\\\/over-de-voorstelling-andalucia\\\/\"]}]},{\"@type\":\"ImageObject\",\"inLanguage\":\"nl-NL\",\"@id\":\"https:\\\/\\\/danielmartinezflamenco.com\\\/nl\\\/over-de-voorstelling-andalucia\\\/#primaryimage\",\"url\":\"https:\\\/\\\/danielmartinezflamenco.com\\\/wp-content\\\/uploads\\\/2022\\\/12\\\/daniel-martinez-andalucia-1-min-1536x770.png\",\"contentUrl\":\"https:\\\/\\\/danielmartinezflamenco.com\\\/wp-content\\\/uploads\\\/2022\\\/12\\\/daniel-martinez-andalucia-1-min-1536x770.png\"},{\"@type\":\"BreadcrumbList\",\"@id\":\"https:\\\/\\\/danielmartinezflamenco.com\\\/nl\\\/over-de-voorstelling-andalucia\\\/#breadcrumb\",\"itemListElement\":[{\"@type\":\"ListItem\",\"position\":1,\"name\":\"Portada\",\"item\":\"https:\\\/\\\/danielmartinezflamenco.com\\\/nl\\\/startpagina\\\/\"},{\"@type\":\"ListItem\",\"position\":2,\"name\":\"Over de voorstelling (Andalucia)\"}]},{\"@type\":\"WebSite\",\"@id\":\"https:\\\/\\\/danielmartinezflamenco.com\\\/nl\\\/#website\",\"url\":\"https:\\\/\\\/danielmartinezflamenco.com\\\/nl\\\/\",\"name\":\"Daniel Martinez\",\"description\":\"Official Website\",\"publisher\":{\"@id\":\"https:\\\/\\\/danielmartinezflamenco.com\\\/nl\\\/#organization\"},\"potentialAction\":[{\"@type\":\"SearchAction\",\"target\":{\"@type\":\"EntryPoint\",\"urlTemplate\":\"https:\\\/\\\/danielmartinezflamenco.com\\\/nl\\\/?s={search_term_string}\"},\"query-input\":{\"@type\":\"PropertyValueSpecification\",\"valueRequired\":true,\"valueName\":\"search_term_string\"}}],\"inLanguage\":\"nl-NL\"},{\"@type\":\"Organization\",\"@id\":\"https:\\\/\\\/danielmartinezflamenco.com\\\/nl\\\/#organization\",\"name\":\"Fuzzy Wanderer\",\"url\":\"https:\\\/\\\/danielmartinezflamenco.com\\\/nl\\\/\",\"logo\":{\"@type\":\"ImageObject\",\"inLanguage\":\"nl-NL\",\"@id\":\"https:\\\/\\\/danielmartinezflamenco.com\\\/nl\\\/#\\\/schema\\\/logo\\\/image\\\/\",\"url\":\"\",\"contentUrl\":\"\",\"caption\":\"Fuzzy Wanderer\"},\"image\":{\"@id\":\"https:\\\/\\\/danielmartinezflamenco.com\\\/nl\\\/#\\\/schema\\\/logo\\\/image\\\/\"}}]}<\/script>\n<!-- \/ Yoast SEO plugin. -->","yoast_head_json":{"title":"Over de voorstelling (Andalucia) - Daniel Martinez","description":"De bekroonde flamencotheatervoorstelling *Art of Believing* werd gecre\u00eberd en gecomponeerd door flamencogitarist Daniel Martinez. Krachtig, levendig en uniek \u2014 *Art of Believing* brengt een uitzonderlijke groep musici samen: flamencozangers, gitaristen, percussionisten, een bassist, een violist en een danseres, die samen met Daniel een flamencovoorstelling neerzetten die barst van passie en authenticiteit.","robots":{"index":"index","follow":"follow","max-snippet":"max-snippet:-1","max-image-preview":"max-image-preview:large","max-video-preview":"max-video-preview:-1"},"canonical":"https:\/\/danielmartinezflamenco.com\/nl\/over-de-voorstelling-andalucia\/","og_locale":"nl_NL","og_type":"article","og_title":"Over de voorstelling (Andalucia) - Daniel Martinez","og_description":"De bekroonde flamencotheatervoorstelling *Art of Believing* werd gecre\u00eberd en gecomponeerd door flamencogitarist Daniel Martinez. Krachtig, levendig en uniek \u2014 *Art of Believing* brengt een uitzonderlijke groep musici samen: flamencozangers, gitaristen, percussionisten, een bassist, een violist en een danseres, die samen met Daniel een flamencovoorstelling neerzetten die barst van passie en authenticiteit.","og_url":"https:\/\/danielmartinezflamenco.com\/nl\/over-de-voorstelling-andalucia\/","og_site_name":"Daniel Martinez","article_modified_time":"2025-05-15T21:10:35+00:00","og_image":[{"width":2044,"height":1024,"url":"https:\/\/dmfc.b-cdn.net\/wp-content\/uploads\/2022\/12\/daniel-martinez-andalucia-1-min.png","type":"image\/png"}],"twitter_card":"summary_large_image","twitter_misc":{"Geschatte leestijd":"1 minuut"},"schema":{"@context":"https:\/\/schema.org","@graph":[{"@type":"WebPage","@id":"https:\/\/danielmartinezflamenco.com\/nl\/over-de-voorstelling-andalucia\/","url":"https:\/\/danielmartinezflamenco.com\/nl\/over-de-voorstelling-andalucia\/","name":"Over de voorstelling (Andalucia) - Daniel Martinez","isPartOf":{"@id":"https:\/\/danielmartinezflamenco.com\/nl\/#website"},"primaryImageOfPage":{"@id":"https:\/\/danielmartinezflamenco.com\/nl\/over-de-voorstelling-andalucia\/#primaryimage"},"image":{"@id":"https:\/\/danielmartinezflamenco.com\/nl\/over-de-voorstelling-andalucia\/#primaryimage"},"thumbnailUrl":"https:\/\/danielmartinezflamenco.com\/wp-content\/uploads\/2022\/12\/daniel-martinez-andalucia-1-min-1536x770.png","datePublished":"2025-05-15T21:10:34+00:00","dateModified":"2025-05-15T21:10:35+00:00","description":"De bekroonde flamencotheatervoorstelling *Art of Believing* werd gecre\u00eberd en gecomponeerd door flamencogitarist Daniel Martinez. Krachtig, levendig en uniek \u2014 *Art of Believing* brengt een uitzonderlijke groep musici samen: flamencozangers, gitaristen, percussionisten, een bassist, een violist en een danseres, die samen met Daniel een flamencovoorstelling neerzetten die barst van passie en authenticiteit.","breadcrumb":{"@id":"https:\/\/danielmartinezflamenco.com\/nl\/over-de-voorstelling-andalucia\/#breadcrumb"},"inLanguage":"nl-NL","potentialAction":[{"@type":"ReadAction","target":["https:\/\/danielmartinezflamenco.com\/nl\/over-de-voorstelling-andalucia\/"]}]},{"@type":"ImageObject","inLanguage":"nl-NL","@id":"https:\/\/danielmartinezflamenco.com\/nl\/over-de-voorstelling-andalucia\/#primaryimage","url":"https:\/\/danielmartinezflamenco.com\/wp-content\/uploads\/2022\/12\/daniel-martinez-andalucia-1-min-1536x770.png","contentUrl":"https:\/\/danielmartinezflamenco.com\/wp-content\/uploads\/2022\/12\/daniel-martinez-andalucia-1-min-1536x770.png"},{"@type":"BreadcrumbList","@id":"https:\/\/danielmartinezflamenco.com\/nl\/over-de-voorstelling-andalucia\/#breadcrumb","itemListElement":[{"@type":"ListItem","position":1,"name":"Portada","item":"https:\/\/danielmartinezflamenco.com\/nl\/startpagina\/"},{"@type":"ListItem","position":2,"name":"Over de voorstelling (Andalucia)"}]},{"@type":"WebSite","@id":"https:\/\/danielmartinezflamenco.com\/nl\/#website","url":"https:\/\/danielmartinezflamenco.com\/nl\/","name":"Daniel Martinez","description":"Official Website","publisher":{"@id":"https:\/\/danielmartinezflamenco.com\/nl\/#organization"},"potentialAction":[{"@type":"SearchAction","target":{"@type":"EntryPoint","urlTemplate":"https:\/\/danielmartinezflamenco.com\/nl\/?s={search_term_string}"},"query-input":{"@type":"PropertyValueSpecification","valueRequired":true,"valueName":"search_term_string"}}],"inLanguage":"nl-NL"},{"@type":"Organization","@id":"https:\/\/danielmartinezflamenco.com\/nl\/#organization","name":"Fuzzy Wanderer","url":"https:\/\/danielmartinezflamenco.com\/nl\/","logo":{"@type":"ImageObject","inLanguage":"nl-NL","@id":"https:\/\/danielmartinezflamenco.com\/nl\/#\/schema\/logo\/image\/","url":"","contentUrl":"","caption":"Fuzzy Wanderer"},"image":{"@id":"https:\/\/danielmartinezflamenco.com\/nl\/#\/schema\/logo\/image\/"}}]}},"_links":{"self":[{"href":"https:\/\/danielmartinezflamenco.com\/nl\/wp-json\/wp\/v2\/pages\/66287","targetHints":{"allow":["GET"]}}],"collection":[{"href":"https:\/\/danielmartinezflamenco.com\/nl\/wp-json\/wp\/v2\/pages"}],"about":[{"href":"https:\/\/danielmartinezflamenco.com\/nl\/wp-json\/wp\/v2\/types\/page"}],"author":[{"embeddable":true,"href":"https:\/\/danielmartinezflamenco.com\/nl\/wp-json\/wp\/v2\/users\/1"}],"replies":[{"embeddable":true,"href":"https:\/\/danielmartinezflamenco.com\/nl\/wp-json\/wp\/v2\/comments?post=66287"}],"version-history":[{"count":0,"href":"https:\/\/danielmartinezflamenco.com\/nl\/wp-json\/wp\/v2\/pages\/66287\/revisions"}],"wp:attachment":[{"href":"https:\/\/danielmartinezflamenco.com\/nl\/wp-json\/wp\/v2\/media?parent=66287"}],"curies":[{"name":"wp","href":"https:\/\/api.w.org\/{rel}","templated":true}]}}