{"id":100800,"date":"2026-04-30T10:32:15","date_gmt":"2026-04-30T09:32:15","guid":{"rendered":"https:\/\/danielmartinezflamenco.com\/?post_type=product&#038;p=100800"},"modified":"2026-04-30T10:47:08","modified_gmt":"2026-04-30T09:47:08","slug":"flamenco-andalucia-tour-kloosterkerk-den-haag-4-december-2026-1930-uur","status":"publish","type":"product","link":"https:\/\/danielmartinezflamenco.com\/nl\/shop\/events-nl\/flamenco-andalucia-tour-kloosterkerk-den-haag-4-december-2026-1930-uur\/","title":{"rendered":"Flamenco | Andalucia Tour &#8211; Kloosterkerk, Den Haag &#8211; 4 december 2026 19:30 uur"},"content":{"rendered":"<p>Het bekroonde Daniel Martinez Flamenco Company presenteert zijn langverwachte 2e productie Andalucia, een verbluffende flamencovoorstelling begeleid door een kamerorkest.<\/p>\n<p>Dit uitzonderlijke concert is een muzikale weergave van de 8 provincies die samen de autonome gemeenschap Andalusi\u00eb in het zuiden van Spanje vormen, de bakermat van de flamenco: C\u00f3rdoba, Sevilla, C\u00e1diz, M\u00e1laga, Ja\u00e9n, Granada, Huelva en Almer\u00eda. Elke provincie heeft haar eigen interpretatie van de vele stijlen die samen de flamenco vormen en deze worden prachtig gepresenteerd aan het publiek door de gitaar van Daniel, begeleid door een groep flamenco-muzikanten, zangers, een kamerorkest en flamencodansers.<\/p>\n<p>Uniek, innovatief en betoverend, waar de adembenemende schoonheid van klassieke muziek samenkomt met de passie en het vuur van de flamenco. Een flamenco-ervaring die je niet mag missen!<\/p>\n<p style=\"text-align: center;\"><iframe title=\"YouTube videospeler\" src=\"https:\/\/www.youtube.com\/embed\/_XedUKZdrHQ?si=dl3bihQ_4Fd9Dj6x\" width=\"560\" height=\"315\" frameborder=\"0\" allowfullscreen=\"allowfullscreen\"><\/iframe><\/p>\n<hr \/>\n<h2>Evenementdetails:<\/h2>\n<p><strong>Datum:<\/strong> 04\/12\/2026<br \/>\n<strong>Begintijd:<\/strong> 19:30 uur<br \/>\n<strong>Eindtijd:<\/strong> 21:15 uur<br \/>\n<strong>Locatie:<\/strong> Kloosterkerk, Den Haag<br \/>\n<strong>Routebeschrijving:<\/strong> Lange Voorhout 4, 2514 ED Den Haag, Nederland<br \/>\n<strong>Telefoon:<\/strong> 070 \u2013 346 15 76<br \/>\n<strong>E-mail:<\/strong> support@danielmartinezflamenco.com<br \/>\n<strong>Web:<\/strong> <a href=\"https:\/\/www.kloosterkerk.nl\/\" target=\"_blank\" rel=\"noopener\">https:\/\/www.kloosterkerk.nl\/<\/a><\/p>\n","protected":false},"excerpt":{"rendered":"<p>Een prachtige presentatie van pure flamenco en uitzonderlijk muzikaal talent. Levendig en meeslepend, een flamenco-ervaring die je niet mag missen.<\/p>\n","protected":false},"author":1,"featured_media":66288,"template":"","meta":[],"product_brand":[],"product_cat":[140],"product_tag":[],"class_list":{"0":"post-100800","1":"product","2":"type-product","3":"status-publish","4":"has-post-thumbnail","6":"product_cat-events-nl","7":"","8":"woocommerce-text-align-center","9":"woocommerce-image-align-center","10":"do-quantity-buttons","12":"first","13":"instock","14":"purchasable","15":"product-type-simple"},"yoast_head":"<!-- This site is optimized with the Yoast SEO plugin v27.4 - https:\/\/yoast.com\/product\/yoast-seo-wordpress\/ -->\n<title>Flamenco | Andalucia Tour - Kloosterkerk, Den Haag - 4 december 2026 19:30 uur - Daniel Martinez<\/title>\n<meta name=\"robots\" content=\"index, follow, max-snippet:-1, max-image-preview:large, max-video-preview:-1\" \/>\n<link rel=\"canonical\" href=\"https:\/\/danielmartinezflamenco.com\/nl\/shop\/events-nl\/flamenco-andalucia-tour-kloosterkerk-den-haag-4-december-2026-1930-uur\/\" \/>\n<meta property=\"og:locale\" content=\"nl_NL\" \/>\n<meta property=\"og:type\" content=\"article\" \/>\n<meta property=\"og:title\" content=\"Flamenco | Andalucia Tour - Kloosterkerk, Den Haag - 4 december 2026 19:30 uur - Daniel Martinez\" \/>\n<meta property=\"og:description\" content=\"Een prachtige presentatie van pure flamenco en uitzonderlijk muzikaal talent. Levendig en meeslepend, een flamenco-ervaring die je niet mag missen.\" \/>\n<meta property=\"og:url\" content=\"https:\/\/danielmartinezflamenco.com\/nl\/shop\/events-nl\/flamenco-andalucia-tour-kloosterkerk-den-haag-4-december-2026-1930-uur\/\" \/>\n<meta property=\"og:site_name\" content=\"Daniel Martinez\" \/>\n<meta property=\"article:modified_time\" content=\"2026-04-30T09:47:08+00:00\" \/>\n<meta property=\"og:image\" content=\"https:\/\/danielmartinezflamenco.com\/wp-content\/uploads\/2022\/12\/daniel-martinez-andalucia-1-min.png\" \/>\n\t<meta property=\"og:image:width\" content=\"2044\" \/>\n\t<meta property=\"og:image:height\" content=\"1024\" \/>\n\t<meta property=\"og:image:type\" content=\"image\/png\" \/>\n<meta name=\"twitter:card\" content=\"summary_large_image\" \/>\n<meta name=\"twitter:label1\" content=\"Geschatte leestijd\" \/>\n\t<meta name=\"twitter:data1\" content=\"1 minuut\" \/>\n<script type=\"application\/ld+json\" class=\"yoast-schema-graph\">{\"@context\":\"https:\\\/\\\/schema.org\",\"@graph\":[{\"@type\":\"WebPage\",\"@id\":\"https:\\\/\\\/danielmartinezflamenco.com\\\/nl\\\/shop\\\/events-nl\\\/flamenco-andalucia-tour-kloosterkerk-den-haag-4-december-2026-1930-uur\\\/\",\"url\":\"https:\\\/\\\/danielmartinezflamenco.com\\\/nl\\\/shop\\\/events-nl\\\/flamenco-andalucia-tour-kloosterkerk-den-haag-4-december-2026-1930-uur\\\/\",\"name\":\"Flamenco | Andalucia Tour - Kloosterkerk, Den Haag - 4 december 2026 19:30 uur - Daniel Martinez\",\"isPartOf\":{\"@id\":\"https:\\\/\\\/danielmartinezflamenco.com\\\/nl\\\/#website\"},\"primaryImageOfPage\":{\"@id\":\"https:\\\/\\\/danielmartinezflamenco.com\\\/nl\\\/shop\\\/events-nl\\\/flamenco-andalucia-tour-kloosterkerk-den-haag-4-december-2026-1930-uur\\\/#primaryimage\"},\"image\":{\"@id\":\"https:\\\/\\\/danielmartinezflamenco.com\\\/nl\\\/shop\\\/events-nl\\\/flamenco-andalucia-tour-kloosterkerk-den-haag-4-december-2026-1930-uur\\\/#primaryimage\"},\"thumbnailUrl\":\"https:\\\/\\\/dmfc.b-cdn.net\\\/wp-content\\\/uploads\\\/2022\\\/12\\\/daniel-martinez-andalucia-1-min.png\",\"datePublished\":\"2026-04-30T09:32:15+00:00\",\"dateModified\":\"2026-04-30T09:47:08+00:00\",\"breadcrumb\":{\"@id\":\"https:\\\/\\\/danielmartinezflamenco.com\\\/nl\\\/shop\\\/events-nl\\\/flamenco-andalucia-tour-kloosterkerk-den-haag-4-december-2026-1930-uur\\\/#breadcrumb\"},\"inLanguage\":\"nl-NL\",\"potentialAction\":[{\"@type\":\"ReadAction\",\"target\":[\"https:\\\/\\\/danielmartinezflamenco.com\\\/nl\\\/shop\\\/events-nl\\\/flamenco-andalucia-tour-kloosterkerk-den-haag-4-december-2026-1930-uur\\\/\"]}]},{\"@type\":\"ImageObject\",\"inLanguage\":\"nl-NL\",\"@id\":\"https:\\\/\\\/danielmartinezflamenco.com\\\/nl\\\/shop\\\/events-nl\\\/flamenco-andalucia-tour-kloosterkerk-den-haag-4-december-2026-1930-uur\\\/#primaryimage\",\"url\":\"https:\\\/\\\/dmfc.b-cdn.net\\\/wp-content\\\/uploads\\\/2022\\\/12\\\/daniel-martinez-andalucia-1-min.png\",\"contentUrl\":\"https:\\\/\\\/dmfc.b-cdn.net\\\/wp-content\\\/uploads\\\/2022\\\/12\\\/daniel-martinez-andalucia-1-min.png\",\"width\":2044,\"height\":1024},{\"@type\":\"BreadcrumbList\",\"@id\":\"https:\\\/\\\/danielmartinezflamenco.com\\\/nl\\\/shop\\\/events-nl\\\/flamenco-andalucia-tour-kloosterkerk-den-haag-4-december-2026-1930-uur\\\/#breadcrumb\",\"itemListElement\":[{\"@type\":\"ListItem\",\"position\":1,\"name\":\"Portada\",\"item\":\"https:\\\/\\\/danielmartinezflamenco.com\\\/nl\\\/startpagina\\\/\"},{\"@type\":\"ListItem\",\"position\":2,\"name\":\"Woocommerce_Internal\",\"item\":\"https:\\\/\\\/danielmartinezflamenco.com\\\/woocommerce_internal\\\/\"},{\"@type\":\"ListItem\",\"position\":3,\"name\":\"Flamenco | Andalucia Tour &#8211; Kloosterkerk, Den Haag &#8211; 4 december 2026 19:30 uur\"}]},{\"@type\":\"WebSite\",\"@id\":\"https:\\\/\\\/danielmartinezflamenco.com\\\/nl\\\/#website\",\"url\":\"https:\\\/\\\/danielmartinezflamenco.com\\\/nl\\\/\",\"name\":\"Daniel Martinez\",\"description\":\"Official Website\",\"publisher\":{\"@id\":\"https:\\\/\\\/danielmartinezflamenco.com\\\/nl\\\/#organization\"},\"potentialAction\":[{\"@type\":\"SearchAction\",\"target\":{\"@type\":\"EntryPoint\",\"urlTemplate\":\"https:\\\/\\\/danielmartinezflamenco.com\\\/nl\\\/?s={search_term_string}\"},\"query-input\":{\"@type\":\"PropertyValueSpecification\",\"valueRequired\":true,\"valueName\":\"search_term_string\"}}],\"inLanguage\":\"nl-NL\"},{\"@type\":\"Organization\",\"@id\":\"https:\\\/\\\/danielmartinezflamenco.com\\\/nl\\\/#organization\",\"name\":\"Fuzzy Wanderer\",\"url\":\"https:\\\/\\\/danielmartinezflamenco.com\\\/nl\\\/\",\"logo\":{\"@type\":\"ImageObject\",\"inLanguage\":\"nl-NL\",\"@id\":\"https:\\\/\\\/danielmartinezflamenco.com\\\/nl\\\/#\\\/schema\\\/logo\\\/image\\\/\",\"url\":\"\",\"contentUrl\":\"\",\"caption\":\"Fuzzy Wanderer\"},\"image\":{\"@id\":\"https:\\\/\\\/danielmartinezflamenco.com\\\/nl\\\/#\\\/schema\\\/logo\\\/image\\\/\"}}]}<\/script>\n<!-- \/ Yoast SEO plugin. -->","yoast_head_json":{"title":"Flamenco | Andalucia Tour - Kloosterkerk, Den Haag - 4 december 2026 19:30 uur - Daniel Martinez","robots":{"index":"index","follow":"follow","max-snippet":"max-snippet:-1","max-image-preview":"max-image-preview:large","max-video-preview":"max-video-preview:-1"},"canonical":"https:\/\/danielmartinezflamenco.com\/nl\/shop\/events-nl\/flamenco-andalucia-tour-kloosterkerk-den-haag-4-december-2026-1930-uur\/","og_locale":"nl_NL","og_type":"article","og_title":"Flamenco | Andalucia Tour - Kloosterkerk, Den Haag - 4 december 2026 19:30 uur - Daniel Martinez","og_description":"Een prachtige presentatie van pure flamenco en uitzonderlijk muzikaal talent. Levendig en meeslepend, een flamenco-ervaring die je niet mag missen.","og_url":"https:\/\/danielmartinezflamenco.com\/nl\/shop\/events-nl\/flamenco-andalucia-tour-kloosterkerk-den-haag-4-december-2026-1930-uur\/","og_site_name":"Daniel Martinez","article_modified_time":"2026-04-30T09:47:08+00:00","og_image":[{"width":2044,"height":1024,"url":"https:\/\/danielmartinezflamenco.com\/wp-content\/uploads\/2022\/12\/daniel-martinez-andalucia-1-min.png","type":"image\/png"}],"twitter_card":"summary_large_image","twitter_misc":{"Geschatte leestijd":"1 minuut"},"schema":{"@context":"https:\/\/schema.org","@graph":[{"@type":"WebPage","@id":"https:\/\/danielmartinezflamenco.com\/nl\/shop\/events-nl\/flamenco-andalucia-tour-kloosterkerk-den-haag-4-december-2026-1930-uur\/","url":"https:\/\/danielmartinezflamenco.com\/nl\/shop\/events-nl\/flamenco-andalucia-tour-kloosterkerk-den-haag-4-december-2026-1930-uur\/","name":"Flamenco | Andalucia Tour - Kloosterkerk, Den Haag - 4 december 2026 19:30 uur - Daniel Martinez","isPartOf":{"@id":"https:\/\/danielmartinezflamenco.com\/nl\/#website"},"primaryImageOfPage":{"@id":"https:\/\/danielmartinezflamenco.com\/nl\/shop\/events-nl\/flamenco-andalucia-tour-kloosterkerk-den-haag-4-december-2026-1930-uur\/#primaryimage"},"image":{"@id":"https:\/\/danielmartinezflamenco.com\/nl\/shop\/events-nl\/flamenco-andalucia-tour-kloosterkerk-den-haag-4-december-2026-1930-uur\/#primaryimage"},"thumbnailUrl":"https:\/\/dmfc.b-cdn.net\/wp-content\/uploads\/2022\/12\/daniel-martinez-andalucia-1-min.png","datePublished":"2026-04-30T09:32:15+00:00","dateModified":"2026-04-30T09:47:08+00:00","breadcrumb":{"@id":"https:\/\/danielmartinezflamenco.com\/nl\/shop\/events-nl\/flamenco-andalucia-tour-kloosterkerk-den-haag-4-december-2026-1930-uur\/#breadcrumb"},"inLanguage":"nl-NL","potentialAction":[{"@type":"ReadAction","target":["https:\/\/danielmartinezflamenco.com\/nl\/shop\/events-nl\/flamenco-andalucia-tour-kloosterkerk-den-haag-4-december-2026-1930-uur\/"]}]},{"@type":"ImageObject","inLanguage":"nl-NL","@id":"https:\/\/danielmartinezflamenco.com\/nl\/shop\/events-nl\/flamenco-andalucia-tour-kloosterkerk-den-haag-4-december-2026-1930-uur\/#primaryimage","url":"https:\/\/dmfc.b-cdn.net\/wp-content\/uploads\/2022\/12\/daniel-martinez-andalucia-1-min.png","contentUrl":"https:\/\/dmfc.b-cdn.net\/wp-content\/uploads\/2022\/12\/daniel-martinez-andalucia-1-min.png","width":2044,"height":1024},{"@type":"BreadcrumbList","@id":"https:\/\/danielmartinezflamenco.com\/nl\/shop\/events-nl\/flamenco-andalucia-tour-kloosterkerk-den-haag-4-december-2026-1930-uur\/#breadcrumb","itemListElement":[{"@type":"ListItem","position":1,"name":"Portada","item":"https:\/\/danielmartinezflamenco.com\/nl\/startpagina\/"},{"@type":"ListItem","position":2,"name":"Woocommerce_Internal","item":"https:\/\/danielmartinezflamenco.com\/woocommerce_internal\/"},{"@type":"ListItem","position":3,"name":"Flamenco | Andalucia Tour &#8211; Kloosterkerk, Den Haag &#8211; 4 december 2026 19:30 uur"}]},{"@type":"WebSite","@id":"https:\/\/danielmartinezflamenco.com\/nl\/#website","url":"https:\/\/danielmartinezflamenco.com\/nl\/","name":"Daniel Martinez","description":"Official Website","publisher":{"@id":"https:\/\/danielmartinezflamenco.com\/nl\/#organization"},"potentialAction":[{"@type":"SearchAction","target":{"@type":"EntryPoint","urlTemplate":"https:\/\/danielmartinezflamenco.com\/nl\/?s={search_term_string}"},"query-input":{"@type":"PropertyValueSpecification","valueRequired":true,"valueName":"search_term_string"}}],"inLanguage":"nl-NL"},{"@type":"Organization","@id":"https:\/\/danielmartinezflamenco.com\/nl\/#organization","name":"Fuzzy Wanderer","url":"https:\/\/danielmartinezflamenco.com\/nl\/","logo":{"@type":"ImageObject","inLanguage":"nl-NL","@id":"https:\/\/danielmartinezflamenco.com\/nl\/#\/schema\/logo\/image\/","url":"","contentUrl":"","caption":"Fuzzy Wanderer"},"image":{"@id":"https:\/\/danielmartinezflamenco.com\/nl\/#\/schema\/logo\/image\/"}}]}},"_links":{"self":[{"href":"https:\/\/danielmartinezflamenco.com\/nl\/wp-json\/wp\/v2\/product\/100800","targetHints":{"allow":["GET"]}}],"collection":[{"href":"https:\/\/danielmartinezflamenco.com\/nl\/wp-json\/wp\/v2\/product"}],"about":[{"href":"https:\/\/danielmartinezflamenco.com\/nl\/wp-json\/wp\/v2\/types\/product"}],"author":[{"embeddable":true,"href":"https:\/\/danielmartinezflamenco.com\/nl\/wp-json\/wp\/v2\/users\/1"}],"wp:featuredmedia":[{"embeddable":true,"href":"https:\/\/danielmartinezflamenco.com\/nl\/wp-json\/wp\/v2\/media\/66288"}],"wp:attachment":[{"href":"https:\/\/danielmartinezflamenco.com\/nl\/wp-json\/wp\/v2\/media?parent=100800"}],"wp:term":[{"taxonomy":"product_brand","embeddable":true,"href":"https:\/\/danielmartinezflamenco.com\/nl\/wp-json\/wp\/v2\/product_brand?post=100800"},{"taxonomy":"product_cat","embeddable":true,"href":"https:\/\/danielmartinezflamenco.com\/nl\/wp-json\/wp\/v2\/product_cat?post=100800"},{"taxonomy":"product_tag","embeddable":true,"href":"https:\/\/danielmartinezflamenco.com\/nl\/wp-json\/wp\/v2\/product_tag?post=100800"}],"curies":[{"name":"wp","href":"https:\/\/api.w.org\/{rel}","templated":true}]}}