{"id":91589,"date":"2026-01-22T10:08:33","date_gmt":"2026-01-22T10:08:33","guid":{"rendered":"https:\/\/danielmartinezflamenco.com\/shop\/niet-gecategoriseerd\/art-of-andalucia-flamenco-dans-hcc-hannover-congress-centrum-leibniz-saal-hannover-22-november-2026-1930-uur\/"},"modified":"2026-03-11T22:18:55","modified_gmt":"2026-03-11T22:18:55","slug":"art-of-andalucia-flamenco-dans-hcc-hannover-congress-centrum-leibniz-saal-hannover-22-november-2026-1930-uur","status":"publish","type":"product","link":"https:\/\/danielmartinezflamenco.com\/nl\/shop\/events-nl\/art-of-andalucia-flamenco-dans-hcc-hannover-congress-centrum-leibniz-saal-hannover-22-november-2026-1930-uur\/","title":{"rendered":"Art of Andalucia | FLAMENCO-DANS &#8211; HCC Hannover Congress Centrum (Leibniz Saal), Hannover \u2013 22 november 2026 19:30 uur"},"content":{"rendered":"<p>Na het succes van zijn eerste twee producties, die alleen al in de afgelopen twee jaar meer dan 120.000 toeschouwers in het Verenigd Koninkrijk, Ierland, Nederland, Belgi\u00eb en Duitsland hebben getrokken, keert Daniel Martinez terug met een nieuwe show waarin de flamencodans centraal staat. \u201eART OF ANDALUCIA\u201d verlegt de focus volledig naar de kunst van de flamencodans en biedt het publiek een intense ervaring waarbij de dansers in het middelpunt staan en de passie en energie van Andalusi\u00eb tot leven wekken. Bovendien zal Daniel nieuwe stukken van zijn langverwachte derde album presenteren.  <\/p>\n<p>Een van de sterren van deze productie is de wereldberoemde danser Angel Reyes, een centraal lid van de compagnie van Manuel Li\u00f1\u00e1n en jarenlang tweede danser in de compagnie van Jes\u00fas Carmona. Angels onberispelijke techniek, zijn kunnen en zijn vurige passie zullen het publiek boeien en betoveren en de voorstelling tot een onvergetelijke culturele ervaring maken.  Zijn krachtige podiumaanwezigheid en zijn artistieke expressiviteit brengen een elektriserende energie op het podium.<\/p>\n<p>Aan Angels zijde staat Gabriela Pouso, de hoofddanseres van de Daniel Martinez Flamenco Company. Gabriela heeft in belangrijke mate bijgedragen aan het succes van de compagnie en heeft op enkele van de meest gerenommeerde podia van Groot-Brittanni\u00eb gedanst. Haar optredens worden gekenmerkt door elegantie, gratie, kunnen en intensiteit en tonen haar buitengewone techniek, terwijl ze het publiek met elke beweging in haar ban houdt.  <\/p>\n<p>De dansers treden op bij originele composities van Daniel Martinez, die speciaal voor deze show zijn gecre\u00eberd. De voorstelling wordt bovendien verrijkt door de indrukwekkende zang van Inma Montero en Danielo Olivera en door de ritmische puls van percussionist Julian Ticotico. Samen cre\u00ebren zij een onvergetelijke flamenconacht waarin muziek en dans perfect met elkaar versmelten.  <\/p>\n<p>\u201eART OF ANDALUCIA\u201d is een eerbetoon aan de flamencodans \u2014 een levendige reis naar het hart van Andalusi\u00eb, waar de traditie en passie van de flamenco tot leven komen door indrukwekkende choreografie\u00ebn en krachtige optredens.<\/p>\n<p style=\"text-align: center;\"><iframe title=\"YouTube-videospeler\" src=\"https:\/\/www.youtube.com\/embed\/qIrvDyd1CO8?si=xCsvkyqm2Z1lm7dL\" width=\"560\" height=\"315\" frameborder=\"0\" allowfullscreen=\"allowfullscreen\"><\/iframe><\/p>\n<hr>\n<h2>Evenementdetails:<\/h2>\n<p><strong>Datum:<\/strong> 22-11-2026<br \/>\n<strong>Aanvang:<\/strong> 19:30 uur<br \/>\n<strong>Einde:<\/strong> 21:15 uur<br \/>\n<strong>Locatie:<\/strong> HCC Hannover Congress Centrum (Leibniz Saal), Hannover<br \/>\n<strong>Routebeschrijving:<\/strong> Theodor-Heuss-Platz 1-3 30175 Hannover, Duitsland<br \/>\n<strong>Telefoon:<\/strong> +44 7533 177057<br \/>\n<strong>E-mail:<\/strong> support@danielmartinezflamenco.com<br \/>\n<strong>Website:<\/strong> <a href=\"https:\/\/www.hcc.de\/\" target=\"_blank\" rel=\"noopener\">https:\/\/www.hcc.de\/<\/a><\/p>\n","protected":false},"excerpt":{"rendered":"<p><span style=\"font-size: 14pt;\">&#8220;ART OF ANDALUCIA&#8221; van Daniel Martinez is een flamencoconcert met zijn muziek en gerenommeerde dansers en muzikanten en biedt een intense culturele ervaring uit Andalusi\u00eb.<\/span><\/p>\n","protected":false},"author":1,"featured_media":91572,"template":"","meta":[],"product_brand":[],"product_cat":[140],"product_tag":[],"class_list":{"0":"post-91589","1":"product","2":"type-product","3":"status-publish","4":"has-post-thumbnail","6":"product_cat-events-nl","7":"","8":"woocommerce-text-align-center","9":"woocommerce-image-align-center","10":"do-quantity-buttons","12":"first","13":"instock","14":"purchasable","15":"product-type-simple"},"yoast_head":"<!-- This site is optimized with the Yoast SEO plugin v27.4 - https:\/\/yoast.com\/product\/yoast-seo-wordpress\/ -->\n<title>Art of Andalucia | FLAMENCO-DANS - HCC Hannover Congress Centrum (Leibniz Saal), Hannover \u2013 22 november 2026 19:30 uur - Daniel Martinez<\/title>\n<meta name=\"robots\" content=\"index, follow, max-snippet:-1, max-image-preview:large, max-video-preview:-1\" \/>\n<link rel=\"canonical\" href=\"https:\/\/danielmartinezflamenco.com\/nl\/shop\/events-nl\/art-of-andalucia-flamenco-dans-hcc-hannover-congress-centrum-leibniz-saal-hannover-22-november-2026-1930-uur\/\" \/>\n<meta property=\"og:locale\" content=\"nl_NL\" \/>\n<meta property=\"og:type\" content=\"article\" \/>\n<meta property=\"og:title\" content=\"Art of Andalucia | FLAMENCO-DANS - HCC Hannover Congress Centrum (Leibniz Saal), Hannover \u2013 22 november 2026 19:30 uur - Daniel Martinez\" \/>\n<meta property=\"og:description\" content=\"&quot;ART OF ANDALUCIA&quot; van Daniel Martinez is een flamencoconcert met zijn muziek en gerenommeerde dansers en muzikanten en biedt een intense culturele ervaring uit Andalusi\u00eb.\" \/>\n<meta property=\"og:url\" content=\"https:\/\/danielmartinezflamenco.com\/nl\/shop\/events-nl\/art-of-andalucia-flamenco-dans-hcc-hannover-congress-centrum-leibniz-saal-hannover-22-november-2026-1930-uur\/\" \/>\n<meta property=\"og:site_name\" content=\"Daniel Martinez\" \/>\n<meta property=\"article:modified_time\" content=\"2026-03-11T22:18:55+00:00\" \/>\n<meta property=\"og:image\" content=\"https:\/\/danielmartinezflamenco.com\/wp-content\/uploads\/2026\/01\/tour-2026-art-of-andalucia-daniel-martinez-flamenco-compnay.png\" \/>\n\t<meta property=\"og:image:width\" content=\"656\" \/>\n\t<meta property=\"og:image:height\" content=\"412\" \/>\n\t<meta property=\"og:image:type\" content=\"image\/png\" \/>\n<meta name=\"twitter:card\" content=\"summary_large_image\" \/>\n<meta name=\"twitter:label1\" content=\"Geschatte leestijd\" \/>\n\t<meta name=\"twitter:data1\" content=\"2 minuten\" \/>\n<script type=\"application\/ld+json\" class=\"yoast-schema-graph\">{\"@context\":\"https:\\\/\\\/schema.org\",\"@graph\":[{\"@type\":\"WebPage\",\"@id\":\"https:\\\/\\\/danielmartinezflamenco.com\\\/nl\\\/shop\\\/events-nl\\\/art-of-andalucia-flamenco-dans-hcc-hannover-congress-centrum-leibniz-saal-hannover-22-november-2026-1930-uur\\\/\",\"url\":\"https:\\\/\\\/danielmartinezflamenco.com\\\/nl\\\/shop\\\/events-nl\\\/art-of-andalucia-flamenco-dans-hcc-hannover-congress-centrum-leibniz-saal-hannover-22-november-2026-1930-uur\\\/\",\"name\":\"Art of Andalucia | FLAMENCO-DANS - HCC Hannover Congress Centrum (Leibniz Saal), Hannover \u2013 22 november 2026 19:30 uur - Daniel Martinez\",\"isPartOf\":{\"@id\":\"https:\\\/\\\/danielmartinezflamenco.com\\\/nl\\\/#website\"},\"primaryImageOfPage\":{\"@id\":\"https:\\\/\\\/danielmartinezflamenco.com\\\/nl\\\/shop\\\/events-nl\\\/art-of-andalucia-flamenco-dans-hcc-hannover-congress-centrum-leibniz-saal-hannover-22-november-2026-1930-uur\\\/#primaryimage\"},\"image\":{\"@id\":\"https:\\\/\\\/danielmartinezflamenco.com\\\/nl\\\/shop\\\/events-nl\\\/art-of-andalucia-flamenco-dans-hcc-hannover-congress-centrum-leibniz-saal-hannover-22-november-2026-1930-uur\\\/#primaryimage\"},\"thumbnailUrl\":\"https:\\\/\\\/dmfc.b-cdn.net\\\/wp-content\\\/uploads\\\/2026\\\/01\\\/tour-2026-art-of-andalucia-daniel-martinez-flamenco-compnay.png\",\"datePublished\":\"2026-01-22T10:08:33+00:00\",\"dateModified\":\"2026-03-11T22:18:55+00:00\",\"breadcrumb\":{\"@id\":\"https:\\\/\\\/danielmartinezflamenco.com\\\/nl\\\/shop\\\/events-nl\\\/art-of-andalucia-flamenco-dans-hcc-hannover-congress-centrum-leibniz-saal-hannover-22-november-2026-1930-uur\\\/#breadcrumb\"},\"inLanguage\":\"nl-NL\",\"potentialAction\":[{\"@type\":\"ReadAction\",\"target\":[\"https:\\\/\\\/danielmartinezflamenco.com\\\/nl\\\/shop\\\/events-nl\\\/art-of-andalucia-flamenco-dans-hcc-hannover-congress-centrum-leibniz-saal-hannover-22-november-2026-1930-uur\\\/\"]}]},{\"@type\":\"ImageObject\",\"inLanguage\":\"nl-NL\",\"@id\":\"https:\\\/\\\/danielmartinezflamenco.com\\\/nl\\\/shop\\\/events-nl\\\/art-of-andalucia-flamenco-dans-hcc-hannover-congress-centrum-leibniz-saal-hannover-22-november-2026-1930-uur\\\/#primaryimage\",\"url\":\"https:\\\/\\\/dmfc.b-cdn.net\\\/wp-content\\\/uploads\\\/2026\\\/01\\\/tour-2026-art-of-andalucia-daniel-martinez-flamenco-compnay.png\",\"contentUrl\":\"https:\\\/\\\/dmfc.b-cdn.net\\\/wp-content\\\/uploads\\\/2026\\\/01\\\/tour-2026-art-of-andalucia-daniel-martinez-flamenco-compnay.png\",\"width\":656,\"height\":412},{\"@type\":\"BreadcrumbList\",\"@id\":\"https:\\\/\\\/danielmartinezflamenco.com\\\/nl\\\/shop\\\/events-nl\\\/art-of-andalucia-flamenco-dans-hcc-hannover-congress-centrum-leibniz-saal-hannover-22-november-2026-1930-uur\\\/#breadcrumb\",\"itemListElement\":[{\"@type\":\"ListItem\",\"position\":1,\"name\":\"Portada\",\"item\":\"https:\\\/\\\/danielmartinezflamenco.com\\\/nl\\\/startpagina\\\/\"},{\"@type\":\"ListItem\",\"position\":2,\"name\":\"Woocommerce_Internal\",\"item\":\"https:\\\/\\\/danielmartinezflamenco.com\\\/woocommerce_internal\\\/\"},{\"@type\":\"ListItem\",\"position\":3,\"name\":\"Art of Andalucia | FLAMENCO-DANS &#8211; HCC Hannover Congress Centrum (Leibniz Saal), Hannover \u2013 22 november 2026 19:30 uur\"}]},{\"@type\":\"WebSite\",\"@id\":\"https:\\\/\\\/danielmartinezflamenco.com\\\/nl\\\/#website\",\"url\":\"https:\\\/\\\/danielmartinezflamenco.com\\\/nl\\\/\",\"name\":\"Daniel Martinez\",\"description\":\"Official Website\",\"publisher\":{\"@id\":\"https:\\\/\\\/danielmartinezflamenco.com\\\/nl\\\/#organization\"},\"potentialAction\":[{\"@type\":\"SearchAction\",\"target\":{\"@type\":\"EntryPoint\",\"urlTemplate\":\"https:\\\/\\\/danielmartinezflamenco.com\\\/nl\\\/?s={search_term_string}\"},\"query-input\":{\"@type\":\"PropertyValueSpecification\",\"valueRequired\":true,\"valueName\":\"search_term_string\"}}],\"inLanguage\":\"nl-NL\"},{\"@type\":\"Organization\",\"@id\":\"https:\\\/\\\/danielmartinezflamenco.com\\\/nl\\\/#organization\",\"name\":\"Fuzzy Wanderer\",\"url\":\"https:\\\/\\\/danielmartinezflamenco.com\\\/nl\\\/\",\"logo\":{\"@type\":\"ImageObject\",\"inLanguage\":\"nl-NL\",\"@id\":\"https:\\\/\\\/danielmartinezflamenco.com\\\/nl\\\/#\\\/schema\\\/logo\\\/image\\\/\",\"url\":\"\",\"contentUrl\":\"\",\"caption\":\"Fuzzy Wanderer\"},\"image\":{\"@id\":\"https:\\\/\\\/danielmartinezflamenco.com\\\/nl\\\/#\\\/schema\\\/logo\\\/image\\\/\"}}]}<\/script>\n<!-- \/ Yoast SEO plugin. -->","yoast_head_json":{"title":"Art of Andalucia | FLAMENCO-DANS - HCC Hannover Congress Centrum (Leibniz Saal), Hannover \u2013 22 november 2026 19:30 uur - Daniel Martinez","robots":{"index":"index","follow":"follow","max-snippet":"max-snippet:-1","max-image-preview":"max-image-preview:large","max-video-preview":"max-video-preview:-1"},"canonical":"https:\/\/danielmartinezflamenco.com\/nl\/shop\/events-nl\/art-of-andalucia-flamenco-dans-hcc-hannover-congress-centrum-leibniz-saal-hannover-22-november-2026-1930-uur\/","og_locale":"nl_NL","og_type":"article","og_title":"Art of Andalucia | FLAMENCO-DANS - HCC Hannover Congress Centrum (Leibniz Saal), Hannover \u2013 22 november 2026 19:30 uur - Daniel Martinez","og_description":"\"ART OF ANDALUCIA\" van Daniel Martinez is een flamencoconcert met zijn muziek en gerenommeerde dansers en muzikanten en biedt een intense culturele ervaring uit Andalusi\u00eb.","og_url":"https:\/\/danielmartinezflamenco.com\/nl\/shop\/events-nl\/art-of-andalucia-flamenco-dans-hcc-hannover-congress-centrum-leibniz-saal-hannover-22-november-2026-1930-uur\/","og_site_name":"Daniel Martinez","article_modified_time":"2026-03-11T22:18:55+00:00","og_image":[{"width":656,"height":412,"url":"https:\/\/danielmartinezflamenco.com\/wp-content\/uploads\/2026\/01\/tour-2026-art-of-andalucia-daniel-martinez-flamenco-compnay.png","type":"image\/png"}],"twitter_card":"summary_large_image","twitter_misc":{"Geschatte leestijd":"2 minuten"},"schema":{"@context":"https:\/\/schema.org","@graph":[{"@type":"WebPage","@id":"https:\/\/danielmartinezflamenco.com\/nl\/shop\/events-nl\/art-of-andalucia-flamenco-dans-hcc-hannover-congress-centrum-leibniz-saal-hannover-22-november-2026-1930-uur\/","url":"https:\/\/danielmartinezflamenco.com\/nl\/shop\/events-nl\/art-of-andalucia-flamenco-dans-hcc-hannover-congress-centrum-leibniz-saal-hannover-22-november-2026-1930-uur\/","name":"Art of Andalucia | FLAMENCO-DANS - HCC Hannover Congress Centrum (Leibniz Saal), Hannover \u2013 22 november 2026 19:30 uur - Daniel Martinez","isPartOf":{"@id":"https:\/\/danielmartinezflamenco.com\/nl\/#website"},"primaryImageOfPage":{"@id":"https:\/\/danielmartinezflamenco.com\/nl\/shop\/events-nl\/art-of-andalucia-flamenco-dans-hcc-hannover-congress-centrum-leibniz-saal-hannover-22-november-2026-1930-uur\/#primaryimage"},"image":{"@id":"https:\/\/danielmartinezflamenco.com\/nl\/shop\/events-nl\/art-of-andalucia-flamenco-dans-hcc-hannover-congress-centrum-leibniz-saal-hannover-22-november-2026-1930-uur\/#primaryimage"},"thumbnailUrl":"https:\/\/dmfc.b-cdn.net\/wp-content\/uploads\/2026\/01\/tour-2026-art-of-andalucia-daniel-martinez-flamenco-compnay.png","datePublished":"2026-01-22T10:08:33+00:00","dateModified":"2026-03-11T22:18:55+00:00","breadcrumb":{"@id":"https:\/\/danielmartinezflamenco.com\/nl\/shop\/events-nl\/art-of-andalucia-flamenco-dans-hcc-hannover-congress-centrum-leibniz-saal-hannover-22-november-2026-1930-uur\/#breadcrumb"},"inLanguage":"nl-NL","potentialAction":[{"@type":"ReadAction","target":["https:\/\/danielmartinezflamenco.com\/nl\/shop\/events-nl\/art-of-andalucia-flamenco-dans-hcc-hannover-congress-centrum-leibniz-saal-hannover-22-november-2026-1930-uur\/"]}]},{"@type":"ImageObject","inLanguage":"nl-NL","@id":"https:\/\/danielmartinezflamenco.com\/nl\/shop\/events-nl\/art-of-andalucia-flamenco-dans-hcc-hannover-congress-centrum-leibniz-saal-hannover-22-november-2026-1930-uur\/#primaryimage","url":"https:\/\/dmfc.b-cdn.net\/wp-content\/uploads\/2026\/01\/tour-2026-art-of-andalucia-daniel-martinez-flamenco-compnay.png","contentUrl":"https:\/\/dmfc.b-cdn.net\/wp-content\/uploads\/2026\/01\/tour-2026-art-of-andalucia-daniel-martinez-flamenco-compnay.png","width":656,"height":412},{"@type":"BreadcrumbList","@id":"https:\/\/danielmartinezflamenco.com\/nl\/shop\/events-nl\/art-of-andalucia-flamenco-dans-hcc-hannover-congress-centrum-leibniz-saal-hannover-22-november-2026-1930-uur\/#breadcrumb","itemListElement":[{"@type":"ListItem","position":1,"name":"Portada","item":"https:\/\/danielmartinezflamenco.com\/nl\/startpagina\/"},{"@type":"ListItem","position":2,"name":"Woocommerce_Internal","item":"https:\/\/danielmartinezflamenco.com\/woocommerce_internal\/"},{"@type":"ListItem","position":3,"name":"Art of Andalucia | FLAMENCO-DANS &#8211; HCC Hannover Congress Centrum (Leibniz Saal), Hannover \u2013 22 november 2026 19:30 uur"}]},{"@type":"WebSite","@id":"https:\/\/danielmartinezflamenco.com\/nl\/#website","url":"https:\/\/danielmartinezflamenco.com\/nl\/","name":"Daniel Martinez","description":"Official Website","publisher":{"@id":"https:\/\/danielmartinezflamenco.com\/nl\/#organization"},"potentialAction":[{"@type":"SearchAction","target":{"@type":"EntryPoint","urlTemplate":"https:\/\/danielmartinezflamenco.com\/nl\/?s={search_term_string}"},"query-input":{"@type":"PropertyValueSpecification","valueRequired":true,"valueName":"search_term_string"}}],"inLanguage":"nl-NL"},{"@type":"Organization","@id":"https:\/\/danielmartinezflamenco.com\/nl\/#organization","name":"Fuzzy Wanderer","url":"https:\/\/danielmartinezflamenco.com\/nl\/","logo":{"@type":"ImageObject","inLanguage":"nl-NL","@id":"https:\/\/danielmartinezflamenco.com\/nl\/#\/schema\/logo\/image\/","url":"","contentUrl":"","caption":"Fuzzy Wanderer"},"image":{"@id":"https:\/\/danielmartinezflamenco.com\/nl\/#\/schema\/logo\/image\/"}}]}},"_links":{"self":[{"href":"https:\/\/danielmartinezflamenco.com\/nl\/wp-json\/wp\/v2\/product\/91589","targetHints":{"allow":["GET"]}}],"collection":[{"href":"https:\/\/danielmartinezflamenco.com\/nl\/wp-json\/wp\/v2\/product"}],"about":[{"href":"https:\/\/danielmartinezflamenco.com\/nl\/wp-json\/wp\/v2\/types\/product"}],"author":[{"embeddable":true,"href":"https:\/\/danielmartinezflamenco.com\/nl\/wp-json\/wp\/v2\/users\/1"}],"wp:featuredmedia":[{"embeddable":true,"href":"https:\/\/danielmartinezflamenco.com\/nl\/wp-json\/wp\/v2\/media\/91572"}],"wp:attachment":[{"href":"https:\/\/danielmartinezflamenco.com\/nl\/wp-json\/wp\/v2\/media?parent=91589"}],"wp:term":[{"taxonomy":"product_brand","embeddable":true,"href":"https:\/\/danielmartinezflamenco.com\/nl\/wp-json\/wp\/v2\/product_brand?post=91589"},{"taxonomy":"product_cat","embeddable":true,"href":"https:\/\/danielmartinezflamenco.com\/nl\/wp-json\/wp\/v2\/product_cat?post=91589"},{"taxonomy":"product_tag","embeddable":true,"href":"https:\/\/danielmartinezflamenco.com\/nl\/wp-json\/wp\/v2\/product_tag?post=91589"}],"curies":[{"name":"wp","href":"https:\/\/api.w.org\/{rel}","templated":true}]}}